{"id":31603,"date":"2025-10-01T11:37:35","date_gmt":"2025-10-01T11:37:35","guid":{"rendered":"https:\/\/accrosport.tn\/index.php\/product\/short-r-city-iconic-negro\/"},"modified":"2025-10-02T08:35:10","modified_gmt":"2025-10-02T08:35:10","slug":"short-r-city-iconic-negro","status":"publish","type":"product","link":"https:\/\/accrosport.tn\/index.php\/product\/short-r-city-iconic-negro\/","title":{"rendered":"Short homme R-City Ozone noir"},"content":{"rendered":"<p>Short de running pour homme. L\u00e9ger, confortable et respirant pour \u00eatre utilis\u00e9 aussi bien \u00e0 l&rsquo;entra\u00eenement qu&rsquo;en comp\u00e9tition. Con\u00e7us pour optimiser la libert\u00e9 de mouvement et pour que vous puissiez vous concentrer uniquement sur le chemin qui vous reste \u00e0 parcourir. Ils s&rsquo;adaptent \u00e0 la taille gr\u00e2ce \u00e0 une bande \u00e9lastique qui s&rsquo;ajuste \u00e0 la forme physique du coureur. Cet ajustement est r\u00e9glable gr\u00e2ce \u00e0 des cordons. Ils comportent une petite poche sur le c\u00f4t\u00e9 pr\u00e9vue pour ranger de petits objets, comme les cl\u00e9s. Sortez courir en toute autonomie. Les coutures sont r\u00e9alis\u00e9es avec le syst\u00e8me de coutures plates Flatlock, qui pr\u00e9viennent les frottements sur la peau et augmentent la sensation de confort.<\/p>\n<p>Ces shorts sont fabriqu\u00e9s en polyamide, un tissu tr\u00e8s \u00e9lastique, ajust\u00e9 et offrant un bon maintien pour courir avec un maximum de confort et de s\u00e9curit\u00e9. De plus, ce tissu antibact\u00e9rien \u00e9limine rapidement la transpiration pour que le coureur puisse profiter du plus grand confort possible lors de ses s\u00e9ances. Avec des points \u00e9lastiques qui accompagnent la libert\u00e9 de mouvement et des pi\u00e8ces extra-\u00e9lastiques sur les c\u00f4t\u00e9s qui augmentent la longueur de la foul\u00e9e. Ils sont super l\u00e9gers.<\/p>\n<p>D&rsquo;autre part, ils pr\u00e9sentent des d\u00e9tails r\u00e9fl\u00e9chissants. Cela les rend adapt\u00e9s \u00e0 la course en ville. Le coureur sera plus visible gr\u00e2ce au logo r\u00e9fl\u00e9chissant \u00e0 l&rsquo;avant et \u00e0 l&rsquo;impression arri\u00e8re des coordonn\u00e9es de son si\u00e8ge social. Tous ces d\u00e9tails contribuent \u00e0 rendre les sessions de running nocturnes plus s\u00fbres. Ils n&rsquo;ajoutent presque pas de poids au short.<\/p>\n<ul class=\"featuresul\">\n<li>Tissu l\u00e9ger, respirant et confortable<\/li>\n<li>Coutures plates Flatlock<\/li>\n<li>D\u00e9tails \u00e0 effet r\u00e9fl\u00e9chissant<\/li>\n<li>Libert\u00e9 de mouvement<\/li>\n<li>Type de coupe : r\u00e9guli\u00e8re<\/li>\n<li>Tissu principal 76% Nylon, 24% \u00c9lasthanne \/ Maille 90% Polyester, 10% Spandex<\/li>\n<\/ul>\n","protected":false},"excerpt":{"rendered":"<p>Short de running pour homme. Short \u00e9lastique et ajust\u00e9 pour favoriser le confort et la libert\u00e9 de mouvement. Il comprend une poche lat\u00e9rale pratique, des coutures plates Flatlock pour \u00e9viter les frottements et des \u00e9l\u00e9ments r\u00e9fl\u00e9chissants pour que le coureur soit visible \u00e0 tout moment.<\/p>\n","protected":false},"featured_media":32119,"template":"","meta":[],"product_brand":[],"product_cat":[62,33],"product_tag":[],"class_list":{"0":"post-31603","1":"product","2":"type-product","3":"status-publish","4":"has-post-thumbnail","6":"product_cat-bermudas-et-shorts-homme","7":"product_cat-homme","8":"pa_couleur-noir","9":"pa_taille-l","10":"pa_taille-m","12":"first","13":"outofstock","14":"purchasable","15":"product-type-variable"},"_links":{"self":[{"href":"https:\/\/accrosport.tn\/index.php\/wp-json\/wp\/v2\/product\/31603","targetHints":{"allow":["GET"]}}],"collection":[{"href":"https:\/\/accrosport.tn\/index.php\/wp-json\/wp\/v2\/product"}],"about":[{"href":"https:\/\/accrosport.tn\/index.php\/wp-json\/wp\/v2\/types\/product"}],"wp:featuredmedia":[{"embeddable":true,"href":"https:\/\/accrosport.tn\/index.php\/wp-json\/wp\/v2\/media\/32119"}],"wp:attachment":[{"href":"https:\/\/accrosport.tn\/index.php\/wp-json\/wp\/v2\/media?parent=31603"}],"wp:term":[{"taxonomy":"product_brand","embeddable":true,"href":"https:\/\/accrosport.tn\/index.php\/wp-json\/wp\/v2\/product_brand?post=31603"},{"taxonomy":"product_cat","embeddable":true,"href":"https:\/\/accrosport.tn\/index.php\/wp-json\/wp\/v2\/product_cat?post=31603"},{"taxonomy":"product_tag","embeddable":true,"href":"https:\/\/accrosport.tn\/index.php\/wp-json\/wp\/v2\/product_tag?post=31603"}],"curies":[{"name":"wp","href":"https:\/\/api.w.org\/{rel}","templated":true}]}}