{"id":31525,"date":"2025-10-01T11:37:15","date_gmt":"2025-10-01T11:37:15","guid":{"rendered":"https:\/\/accrosport.tn\/index.php\/product\/meta-men-2501-negro\/"},"modified":"2026-03-09T07:41:38","modified_gmt":"2026-03-09T07:41:38","slug":"meta-men-2501-negro","status":"publish","type":"product","link":"https:\/\/accrosport.tn\/index.php\/product\/meta-men-2501-negro\/","title":{"rendered":"Chaussures running Meta Men 2501 homme noir"},"content":{"rendered":"<p>Chaussures de course pour homme. D\u00e9velopp\u00e9 pour fournir le confort et la durabilit\u00e9 n\u00e9cessaires \u00e0 la phase d&rsquo;initiation. Haute respirabilit\u00e9 et maintien.<\/p>\n<p>Tige en mesh avec syst\u00e8me de ventilation VTS, assurant un flux d&rsquo;air et gardant le pied frais. Maintien garanti gr\u00e2ce au syst\u00e8me de r\u00e9glage int\u00e9gr\u00e9.<\/p>\n<p>Semelle interm\u00e9diaire en phylon, un mat\u00e9riau l\u00e9ger, fonctionnel et flexible. Offre une bonne absorption des chocs en courant ou en marchant.<\/p>\n<p>La semelle est en caoutchouc r\u00e9sistant \u00e0 l&rsquo;abrasion.<\/p>\n<ul class=\"featuresul\">\n<li>Tige en semi-microfibre avec maille respirante VTS<\/li>\n<li>Semelle interm\u00e9diaire en phylon<\/li>\n<li>Semelle ext\u00e9rieure en caoutchouc<\/li>\n<\/ul>\n","protected":false},"excerpt":{"rendered":"<p>Chaussures de course pour homme. D\u00e9velopp\u00e9 pour fournir le confort et la durabilit\u00e9 n\u00e9cessaires \u00e0 la phase d&rsquo;initiation. Haute respirabilit\u00e9 et maintien.<\/p>\n","protected":false},"featured_media":32181,"template":"","meta":[],"product_brand":[],"product_cat":[61,33,77,114,113],"product_tag":[],"class_list":{"0":"post-31525","1":"product","2":"type-product","3":"status-publish","4":"has-post-thumbnail","6":"product_cat-chaussures-homme","7":"product_cat-homme","8":"product_cat-running","9":"product_cat-running-sport","10":"product_cat-sport","11":"pa_couleur-noir","12":"pa_taille-645","13":"pa_taille-646","14":"pa_taille-649","15":"pa_taille-650","16":"pa_taille-651","17":"pa_taille-653","19":"first","20":"outofstock","21":"sale","22":"purchasable","23":"product-type-variable"},"_links":{"self":[{"href":"https:\/\/accrosport.tn\/index.php\/wp-json\/wp\/v2\/product\/31525","targetHints":{"allow":["GET"]}}],"collection":[{"href":"https:\/\/accrosport.tn\/index.php\/wp-json\/wp\/v2\/product"}],"about":[{"href":"https:\/\/accrosport.tn\/index.php\/wp-json\/wp\/v2\/types\/product"}],"wp:featuredmedia":[{"embeddable":true,"href":"https:\/\/accrosport.tn\/index.php\/wp-json\/wp\/v2\/media\/32181"}],"wp:attachment":[{"href":"https:\/\/accrosport.tn\/index.php\/wp-json\/wp\/v2\/media?parent=31525"}],"wp:term":[{"taxonomy":"product_brand","embeddable":true,"href":"https:\/\/accrosport.tn\/index.php\/wp-json\/wp\/v2\/product_brand?post=31525"},{"taxonomy":"product_cat","embeddable":true,"href":"https:\/\/accrosport.tn\/index.php\/wp-json\/wp\/v2\/product_cat?post=31525"},{"taxonomy":"product_tag","embeddable":true,"href":"https:\/\/accrosport.tn\/index.php\/wp-json\/wp\/v2\/product_tag?post=31525"}],"curies":[{"name":"wp","href":"https:\/\/api.w.org\/{rel}","templated":true}]}}