{"id":31518,"date":"2025-10-01T11:37:15","date_gmt":"2025-10-01T11:37:15","guid":{"rendered":"https:\/\/accrosport.tn\/index.php\/product\/super-cross-men-2531-negro-amarillo\/"},"modified":"2026-01-24T16:22:34","modified_gmt":"2026-01-24T16:22:34","slug":"super-cross-men-2531-negro-amarillo","status":"publish","type":"product","link":"https:\/\/accrosport.tn\/index.php\/product\/super-cross-men-2531-negro-amarillo\/","title":{"rendered":"Chaussures running SuperCross Men 2531 homme noir jaune"},"content":{"rendered":"<p>Chaussures de course pour hommes. Ce mod\u00e8le de course confortable a tout ce dont vous avez besoin dans des chaussures mixtes : soutien, amorti et confort. Parfaites pour s&rsquo;entra\u00eener, comp\u00e9titionner et r\u00e9cup\u00e9rer.<\/p>\n<p>Tige en mesh fini en Jacquard tr\u00e8s l\u00e9ger. Ils sont respirants gr\u00e2ce au syst\u00e8me de perforations VTS, qui cr\u00e9e le flux d&rsquo;air n\u00e9cessaire pour maintenir la temp\u00e9rature du pied constante. Le syst\u00e8me de r\u00e9glage thermoscell\u00e9 JOMA SPORTECH a \u00e9t\u00e9 ins\u00e9r\u00e9 dans des zones strat\u00e9giques sans ajouter de poids \u00e0 la chaussure.<\/p>\n<p>Semelle interm\u00e9diaire r\u00e9active avec un drop de 10 et une REACTIVE BALL inf\u00e9rieure, qui adoucit la foul\u00e9e, r\u00e9cup\u00e8re rapidement sa forme et propulse ensuite. La partie sup\u00e9rieure est en phylon pour ajouter un plus de stabilit\u00e9.<\/p>\n<p>Semelle en caoutchouc DURABILITY de haute qualit\u00e9 et r\u00e9sistance \u00e0 l&rsquo;abrasion sur l&rsquo;asphalte.<\/p>\n<ul class=\"featuresul\">\n<li>Empeigne en mesh respirant VTS<\/li>\n<li>Coupe avec syst\u00e8me de r\u00e9glage thermosoud\u00e9 SPORTECH<\/li>\n<li>Semelle interm\u00e9diaire en phylon REACTIVE BALL<\/li>\n<li>Semelle ext\u00e9rieure DURABILITY en caoutchouc<\/li>\n<\/ul>\n","protected":false},"excerpt":{"rendered":"<p>Chaussures de course pour hommes. Ce mod\u00e8le de course confortable a tout ce dont vous avez besoin dans des chaussures mixtes : soutien, amorti et confort. Parfaites pour s&rsquo;entra\u00eener, comp\u00e9titionner et r\u00e9cup\u00e9rer.<\/p>\n","protected":false},"featured_media":32178,"template":"","meta":[],"product_brand":[],"product_cat":[61,33,77,114,113],"product_tag":[],"class_list":{"0":"post-31518","1":"product","2":"type-product","3":"status-publish","4":"has-post-thumbnail","6":"product_cat-chaussures-homme","7":"product_cat-homme","8":"product_cat-running","9":"product_cat-running-sport","10":"product_cat-sport","11":"pa_couleur-black-yellow","12":"pa_taille-645","13":"pa_taille-646","14":"pa_taille-649","15":"pa_taille-650","16":"pa_taille-651","17":"pa_taille-653","19":"first","20":"outofstock","21":"sale","22":"purchasable","23":"product-type-variable"},"_links":{"self":[{"href":"https:\/\/accrosport.tn\/index.php\/wp-json\/wp\/v2\/product\/31518","targetHints":{"allow":["GET"]}}],"collection":[{"href":"https:\/\/accrosport.tn\/index.php\/wp-json\/wp\/v2\/product"}],"about":[{"href":"https:\/\/accrosport.tn\/index.php\/wp-json\/wp\/v2\/types\/product"}],"wp:featuredmedia":[{"embeddable":true,"href":"https:\/\/accrosport.tn\/index.php\/wp-json\/wp\/v2\/media\/32178"}],"wp:attachment":[{"href":"https:\/\/accrosport.tn\/index.php\/wp-json\/wp\/v2\/media?parent=31518"}],"wp:term":[{"taxonomy":"product_brand","embeddable":true,"href":"https:\/\/accrosport.tn\/index.php\/wp-json\/wp\/v2\/product_brand?post=31518"},{"taxonomy":"product_cat","embeddable":true,"href":"https:\/\/accrosport.tn\/index.php\/wp-json\/wp\/v2\/product_cat?post=31518"},{"taxonomy":"product_tag","embeddable":true,"href":"https:\/\/accrosport.tn\/index.php\/wp-json\/wp\/v2\/product_tag?post=31518"}],"curies":[{"name":"wp","href":"https:\/\/api.w.org\/{rel}","templated":true}]}}