{"id":31510,"date":"2025-10-01T11:37:11","date_gmt":"2025-10-01T11:37:11","guid":{"rendered":"https:\/\/accrosport.tn\/index.php\/product\/c-platea-low-men-2512-blanco-gris\/"},"modified":"2025-12-18T06:35:33","modified_gmt":"2025-12-18T06:35:33","slug":"c-platea-low-men-2512-blanco-gris","status":"publish","type":"product","link":"https:\/\/accrosport.tn\/index.php\/product\/c-platea-low-men-2512-blanco-gris\/","title":{"rendered":"Chaussures casual C.Platea Low Men 2512 homme blanc gris"},"content":{"rendered":"<p>Chaussures casual pour hommes. La variation des Platea \u00e0 tige basse compl\u00e8te cette ligne tendance. Son design inspir\u00e9 des mod\u00e8les de basket-ball apporte une touche de style suppl\u00e9mentaire aux tenues quotidiennes.<\/p>\n<p>Tige en cuir synth\u00e9tique hautement r\u00e9sistant \u00e0 l&rsquo;usure, afin de donner aux chaussures une dur\u00e9e de vie plus longue. Ce mat\u00e9riau apporte \u00e9galement l\u00e9g\u00e8ret\u00e9 et flexibilit\u00e9 \u00e0 la partie sup\u00e9rieure. Sur ce composant, la technologie VTS a \u00e9t\u00e9 int\u00e9gr\u00e9e, consistant \u00e0 inclure de petites perforations qui aident \u00e0 ventiler la transpiration de mani\u00e8re ad\u00e9quate.<\/p>\n<p>Nouvelle semelle int\u00e9rieure MEMORY FOAM fabriqu\u00e9e avec de la mousse et une base en EVA thermoform\u00e9e pour s&rsquo;adapter parfaitement \u00e0 la foul\u00e9e et la rendre plus l\u00e9g\u00e8re. La technologie VTS offre une respirabilit\u00e9 accrue \u00e0 la chaussure.<\/p>\n<p>Semelle en caoutchouc DURABILITY hautement r\u00e9sistante aux frottements et \u00e0 l&rsquo;usure.<\/p>\n<ul class=\"featuresul\">\n<li>Dessus en cuir synth\u00e9tique avec syst\u00e8me de ventilation VTS<\/li>\n<li>Semelle ext\u00e9rieure DURABILITY en caoutchouc<\/li>\n<li>Forme normale<\/li>\n<\/ul>\n","protected":false},"excerpt":{"rendered":"<p>Chaussures casual pour hommes. La variation des Platea \u00e0 tige basse compl\u00e8te cette ligne tendance. Son design inspir\u00e9 des mod\u00e8les de basket-ball apporte une touche de style suppl\u00e9mentaire aux tenues quotidiennes.<\/p>\n","protected":false},"featured_media":32204,"template":"","meta":[],"product_brand":[],"product_cat":[78,61,33],"product_tag":[],"class_list":{"0":"post-31510","1":"product","2":"type-product","3":"status-publish","4":"has-post-thumbnail","6":"product_cat-casual","7":"product_cat-chaussures-homme","8":"product_cat-homme","9":"pa_couleur-white-gray","10":"pa_taille-645","11":"pa_taille-646","12":"pa_taille-649","13":"pa_taille-650","14":"pa_taille-651","15":"pa_taille-653","16":"pa_taille-656","18":"first","19":"outofstock","20":"sale","21":"purchasable","22":"product-type-variable"},"_links":{"self":[{"href":"https:\/\/accrosport.tn\/index.php\/wp-json\/wp\/v2\/product\/31510","targetHints":{"allow":["GET"]}}],"collection":[{"href":"https:\/\/accrosport.tn\/index.php\/wp-json\/wp\/v2\/product"}],"about":[{"href":"https:\/\/accrosport.tn\/index.php\/wp-json\/wp\/v2\/types\/product"}],"wp:featuredmedia":[{"embeddable":true,"href":"https:\/\/accrosport.tn\/index.php\/wp-json\/wp\/v2\/media\/32204"}],"wp:attachment":[{"href":"https:\/\/accrosport.tn\/index.php\/wp-json\/wp\/v2\/media?parent=31510"}],"wp:term":[{"taxonomy":"product_brand","embeddable":true,"href":"https:\/\/accrosport.tn\/index.php\/wp-json\/wp\/v2\/product_brand?post=31510"},{"taxonomy":"product_cat","embeddable":true,"href":"https:\/\/accrosport.tn\/index.php\/wp-json\/wp\/v2\/product_cat?post=31510"},{"taxonomy":"product_tag","embeddable":true,"href":"https:\/\/accrosport.tn\/index.php\/wp-json\/wp\/v2\/product_tag?post=31510"}],"curies":[{"name":"wp","href":"https:\/\/api.w.org\/{rel}","templated":true}]}}