{"id":31503,"date":"2025-10-01T11:37:11","date_gmt":"2025-10-01T11:37:11","guid":{"rendered":"https:\/\/accrosport.tn\/index.php\/product\/c-minerva-lady-2501-negro-blanco\/"},"modified":"2026-05-14T17:55:45","modified_gmt":"2026-05-14T17:55:45","slug":"c-minerva-lady-2501-negro-blanco","status":"publish","type":"product","link":"https:\/\/accrosport.tn\/index.php\/product\/c-minerva-lady-2501-negro-blanco\/","title":{"rendered":"Chaussures casual C.Minerva Lady 2501 femme noir blanc"},"content":{"rendered":"<p>Chaussures de sport pour femme. Mod\u00e8le polyvalent pour le quotidien et la marche. L\u00e9g\u00e8res, tendance et dot\u00e9es d&rsquo;une \u00e9l\u00e9gante semelle compens\u00e9e, elles conviennent \u00e0 toutes les activit\u00e9s.<\/p>\n<p>Tige en mesh respirant et l\u00e9ger. Le syst\u00e8me de perforation VTS assure une bonne ventilation et maintient le pied au frais. Syst\u00e8me de r\u00e9glage int\u00e9gr\u00e9 pour un maintien optimal.<\/p>\n<p>Semelle int\u00e9rieure en mousse \u00e0 m\u00e9moire de forme, compos\u00e9e d&rsquo;une base en mousse et d&rsquo;une semelle en EVA thermoform\u00e9e, pour une adh\u00e9rence optimale et un amorti optimal. Elle est dot\u00e9e de perforations VTS pour une meilleure respirabilit\u00e9.<\/p>\n<p>Semelle interm\u00e9diaire EASY STEP en Phylon, un mat\u00e9riau l\u00e9ger et flexible offrant une bonne absorption des chocs. Avec une semelle compens\u00e9e basse et confortable.<\/p>\n<p>Semelle en caoutchouc pour une plus grande durabilit\u00e9.<\/p>\n<ul class=\"featuresul\">\n<li>Empeigne en cuir synth\u00e9tique avec maille respirante VTS<\/li>\n<li>Semelle interm\u00e9diaire en phylon EASY STEP<\/li>\n<li>Semelle ext\u00e9rieure en caoutchouc<\/li>\n<li>Forme normale<\/li>\n<\/ul>\n","protected":false},"excerpt":{"rendered":"<p>Chaussures de sport pour femme. Mod\u00e8le polyvalent pour le quotidien et la marche. L\u00e9g\u00e8res, tendance et dot\u00e9es d&rsquo;une \u00e9l\u00e9gante semelle compens\u00e9e, elles conviennent \u00e0 toutes les activit\u00e9s.<\/p>\n","protected":false},"featured_media":32200,"template":"","meta":[],"product_brand":[],"product_cat":[80,57,42],"product_tag":[],"class_list":{"0":"post-31503","1":"product","2":"type-product","3":"status-publish","4":"has-post-thumbnail","6":"product_cat-chaussures-casual-femme-tunisie","7":"product_cat-chaussures","8":"product_cat-femme","9":"pa_couleur-black-white","10":"pa_taille-641","11":"pa_taille-643","12":"pa_taille-655","13":"pa_taille-644","14":"pa_taille-645","15":"pa_taille-646","17":"first","18":"outofstock","19":"sale","20":"purchasable","21":"product-type-variable"},"_links":{"self":[{"href":"https:\/\/accrosport.tn\/index.php\/wp-json\/wp\/v2\/product\/31503","targetHints":{"allow":["GET"]}}],"collection":[{"href":"https:\/\/accrosport.tn\/index.php\/wp-json\/wp\/v2\/product"}],"about":[{"href":"https:\/\/accrosport.tn\/index.php\/wp-json\/wp\/v2\/types\/product"}],"wp:featuredmedia":[{"embeddable":true,"href":"https:\/\/accrosport.tn\/index.php\/wp-json\/wp\/v2\/media\/32200"}],"wp:attachment":[{"href":"https:\/\/accrosport.tn\/index.php\/wp-json\/wp\/v2\/media?parent=31503"}],"wp:term":[{"taxonomy":"product_brand","embeddable":true,"href":"https:\/\/accrosport.tn\/index.php\/wp-json\/wp\/v2\/product_brand?post=31503"},{"taxonomy":"product_cat","embeddable":true,"href":"https:\/\/accrosport.tn\/index.php\/wp-json\/wp\/v2\/product_cat?post=31503"},{"taxonomy":"product_tag","embeddable":true,"href":"https:\/\/accrosport.tn\/index.php\/wp-json\/wp\/v2\/product_tag?post=31503"}],"curies":[{"name":"wp","href":"https:\/\/api.w.org\/{rel}","templated":true}]}}