{"id":31497,"date":"2025-10-01T11:37:11","date_gmt":"2025-10-01T11:37:11","guid":{"rendered":"https:\/\/accrosport.tn\/index.php\/product\/c-galar-lady-2521-negro\/"},"modified":"2026-01-08T15:27:52","modified_gmt":"2026-01-08T15:27:52","slug":"c-galar-lady-2521-negro","status":"publish","type":"product","link":"https:\/\/accrosport.tn\/index.php\/product\/c-galar-lady-2521-negro\/","title":{"rendered":"Chaussures casual C.Galar Lady 2521 femme noir"},"content":{"rendered":"<p>Chaussures de sport pour femmes. La r\u00e9novation du mod\u00e8le Galar met en valeur le confort, en ajoutant une touche de style aux looks quotidiens gr\u00e2ce \u00e0 son effet paillet\u00e9. D\u00e9velopp\u00e9 pour un usage quotidien, ainsi que pour la marche.<\/p>\n<p>Tige fabriqu\u00e9e en mesh respirant et l\u00e9ger. Le syst\u00e8me de perforations VTS assure une ventilation correcte de la transpiration et maintient le pied frais \u00e0 l&rsquo;int\u00e9rieur des chaussures.<\/p>\n<p>Semelle int\u00e9rieure MEMORY FOAM fabriqu\u00e9e avec de la mousse et une base en EVA thermoform\u00e9e pour s&rsquo;adapter parfaitement \u00e0 la foul\u00e9e et l&rsquo;adoucir. Elle comporte des perforations VTS pour la rendre plus respirante.<\/p>\n<p>Semelle interm\u00e9diaire EASY STEP construite en phylon, un mat\u00e9riau l\u00e9ger et flexible. Offre une bonne absorption des chocs et un confort sous les pieds.<\/p>\n<p>Semelle en caoutchouc pour une durabilit\u00e9 accrue.<\/p>\n<ul class=\"featuresul\">\n<li>Empeigne en mesh respirant VTS<\/li>\n<li>Semelle interm\u00e9diaire en phylon EASY STEP<\/li>\n<li>Semelle ext\u00e9rieure en caoutchouc<\/li>\n<li>Forme large<\/li>\n<\/ul>\n","protected":false},"excerpt":{"rendered":"<p>Chaussures de sport pour femmes. La r\u00e9novation du mod\u00e8le Galar met en valeur le confort, en ajoutant une touche de style aux looks quotidiens gr\u00e2ce \u00e0 son effet paillet\u00e9. D\u00e9velopp\u00e9 pour un usage quotidien, ainsi que pour la marche.<\/p>\n","protected":false},"featured_media":32194,"template":"","meta":[],"product_brand":[],"product_cat":[80,57,42,113],"product_tag":[],"class_list":{"0":"post-31497","1":"product","2":"type-product","3":"status-publish","4":"has-post-thumbnail","6":"product_cat-chaussures-casual-femme-tunisie","7":"product_cat-chaussures","8":"product_cat-femme","9":"product_cat-sport","10":"pa_couleur-noir","11":"pa_taille-643","12":"pa_taille-655","13":"pa_taille-644","14":"pa_taille-645","15":"pa_taille-646","17":"first","18":"outofstock","19":"purchasable","20":"product-type-variable"},"_links":{"self":[{"href":"https:\/\/accrosport.tn\/index.php\/wp-json\/wp\/v2\/product\/31497","targetHints":{"allow":["GET"]}}],"collection":[{"href":"https:\/\/accrosport.tn\/index.php\/wp-json\/wp\/v2\/product"}],"about":[{"href":"https:\/\/accrosport.tn\/index.php\/wp-json\/wp\/v2\/types\/product"}],"wp:featuredmedia":[{"embeddable":true,"href":"https:\/\/accrosport.tn\/index.php\/wp-json\/wp\/v2\/media\/32194"}],"wp:attachment":[{"href":"https:\/\/accrosport.tn\/index.php\/wp-json\/wp\/v2\/media?parent=31497"}],"wp:term":[{"taxonomy":"product_brand","embeddable":true,"href":"https:\/\/accrosport.tn\/index.php\/wp-json\/wp\/v2\/product_brand?post=31497"},{"taxonomy":"product_cat","embeddable":true,"href":"https:\/\/accrosport.tn\/index.php\/wp-json\/wp\/v2\/product_cat?post=31497"},{"taxonomy":"product_tag","embeddable":true,"href":"https:\/\/accrosport.tn\/index.php\/wp-json\/wp\/v2\/product_tag?post=31497"}],"curies":[{"name":"wp","href":"https:\/\/api.w.org\/{rel}","templated":true}]}}