{"id":31473,"date":"2025-10-01T11:37:01","date_gmt":"2025-10-01T11:37:01","guid":{"rendered":"https:\/\/accrosport.tn\/index.php\/product\/c-attica-men-2520-beige-rojo\/"},"modified":"2026-04-17T16:00:51","modified_gmt":"2026-04-17T16:00:51","slug":"c-attica-men-2520-beige-rojo","status":"publish","type":"product","link":"https:\/\/accrosport.tn\/index.php\/product\/c-attica-men-2520-beige-rojo\/","title":{"rendered":"Chaussures casual C.Attica Men 2520 homme beige rouge"},"content":{"rendered":"<p>Chaussures de sport pour homme. Le mod\u00e8le Attica offre un style intemporel, des performances \u00e9lev\u00e9es et une qualit\u00e9 gr\u00e2ce \u00e0 la tige en cuir. Inspir\u00e9es des anciennes baskets de basketball, elles offrent style et polyvalence, c&rsquo;est pourquoi elles sont parfaites pour toute activit\u00e9 quotidienne.<\/p>\n<p>La coupe est fabriqu\u00e9e en cuir souple, durable et respirant. Pour optimiser la ventilation de la transpiration, nous avons ajout\u00e9 le syst\u00e8me de perforations VTS dans des zones strat\u00e9giques. Elles permettent l&rsquo;\u00e9vacuation de la transpiration pour que le pied reste frais en tout temps.<\/p>\n<p>Semelle int\u00e9rieure MEMORY FOAM fabriqu\u00e9e avec de la mousse et une base en EVA thermoform\u00e9e pour s&rsquo;adapter compl\u00e8tement \u00e0 la marche et la rendre plus douce. Elle comporte des perforations VTS pour la rendre plus respirante.<\/p>\n<p>La semelle est en caoutchouc DURABILITY, tr\u00e8s r\u00e9sistante \u00e0 l&rsquo;abrasion, prolongeant ainsi la dur\u00e9e de vie des chaussures.<\/p>\n<ul class=\"featuresul\">\n<li>Empeigne en cuir avec technologie VTS<\/li>\n<li>Semelle ext\u00e9rieure DURABILITY en caoutchouc<\/li>\n<li>Forme normale<\/li>\n<\/ul>\n","protected":false},"excerpt":{"rendered":"<p>Chaussures de sport pour homme. Le mod\u00e8le Attica offre un style intemporel, des performances \u00e9lev\u00e9es et une qualit\u00e9 gr\u00e2ce \u00e0 la tige en cuir. Inspir\u00e9es des anciennes baskets de basketball, elles offrent style et polyvalence, c&rsquo;est pourquoi elles sont parfaites pour toute activit\u00e9 quotidienne.<\/p>\n","protected":false},"featured_media":32230,"template":"","meta":[],"product_brand":[],"product_cat":[78,61,33],"product_tag":[],"class_list":{"0":"post-31473","1":"product","2":"type-product","3":"status-publish","4":"has-post-thumbnail","6":"product_cat-casual","7":"product_cat-chaussures-homme","8":"product_cat-homme","9":"pa_couleur-beige-red","10":"pa_taille-645","11":"pa_taille-646","12":"pa_taille-649","13":"pa_taille-650","14":"pa_taille-651","15":"pa_taille-653","16":"pa_taille-656","18":"first","19":"outofstock","20":"sale","21":"purchasable","22":"product-type-variable"},"_links":{"self":[{"href":"https:\/\/accrosport.tn\/index.php\/wp-json\/wp\/v2\/product\/31473","targetHints":{"allow":["GET"]}}],"collection":[{"href":"https:\/\/accrosport.tn\/index.php\/wp-json\/wp\/v2\/product"}],"about":[{"href":"https:\/\/accrosport.tn\/index.php\/wp-json\/wp\/v2\/types\/product"}],"wp:featuredmedia":[{"embeddable":true,"href":"https:\/\/accrosport.tn\/index.php\/wp-json\/wp\/v2\/media\/32230"}],"wp:attachment":[{"href":"https:\/\/accrosport.tn\/index.php\/wp-json\/wp\/v2\/media?parent=31473"}],"wp:term":[{"taxonomy":"product_brand","embeddable":true,"href":"https:\/\/accrosport.tn\/index.php\/wp-json\/wp\/v2\/product_brand?post=31473"},{"taxonomy":"product_cat","embeddable":true,"href":"https:\/\/accrosport.tn\/index.php\/wp-json\/wp\/v2\/product_cat?post=31473"},{"taxonomy":"product_tag","embeddable":true,"href":"https:\/\/accrosport.tn\/index.php\/wp-json\/wp\/v2\/product_tag?post=31473"}],"curies":[{"name":"wp","href":"https:\/\/api.w.org\/{rel}","templated":true}]}}