{"id":31447,"date":"2025-10-01T11:36:56","date_gmt":"2025-10-01T11:36:56","guid":{"rendered":"https:\/\/accrosport.tn\/index.php\/product\/atenea-lady-2501-negro\/"},"modified":"2026-03-11T12:46:42","modified_gmt":"2026-03-11T12:46:42","slug":"atenea-lady-2501-negro","status":"publish","type":"product","link":"https:\/\/accrosport.tn\/index.php\/product\/atenea-lady-2501-negro\/","title":{"rendered":"Chaussures casual Atenea Lady 2501 femme noir"},"content":{"rendered":"<p>Chaussures de sport pour femmes. Mod\u00e8le polyvalent pour un usage quotidien inspir\u00e9 des designs de course \u00e0 pied. Ces baskets ont \u00e9t\u00e9 d\u00e9velopp\u00e9es pour les sportifs \u00e0 la recherche de confort et d&rsquo;amorti en marchant. Avec une forme large pour les rendre plus confortables.<\/p>\n<p>Tige fabriqu\u00e9e en mesh l\u00e9ger et respirant avec le syst\u00e8me de ventilation VTS. Ajustement et maintien du pied assur\u00e9s gr\u00e2ce au syst\u00e8me de lacets r\u00e9glables.<\/p>\n<p>Semelle int\u00e9rieure en MEMORY FOAM compos\u00e9e de mousse et d&rsquo;une base en EVA thermoform\u00e9e pour s&rsquo;adapter parfaitement \u00e0 la foul\u00e9e et l&rsquo;adoucir. Dot\u00e9e de perforations VTS pour la rendre plus respirante.<\/p>\n<p>Semelle interm\u00e9diaire en phylon avec une grande capacit\u00e9 d&rsquo;absorption des chocs. La largeur suppl\u00e9mentaire offre un soutien ample dans la zone avant et du m\u00e9dio-pied.<\/p>\n<p>Semelle antid\u00e9rapante SLIP RESISTANT. La finition antid\u00e9rapante r\u00e9duit le risque de glissement pour une marche en toute s\u00e9curit\u00e9 et contr\u00f4le de la foul\u00e9e.<\/p>\n<ul class=\"featuresul\">\n<li>Empeigne en cuir synth\u00e9tique avec maille respirante VTS<\/li>\n<li>Semelle interm\u00e9diaire en phylon<\/li>\n<li>Semelle en caoutchouc avec technologie ANTID\u00c9RAPANTE<\/li>\n<li>Forme large<\/li>\n<\/ul>\n","protected":false},"excerpt":{"rendered":"<p>Chaussures de sport pour femmes. Mod\u00e8le polyvalent pour un usage quotidien inspir\u00e9 des designs de course \u00e0 pied. Ces baskets ont \u00e9t\u00e9 d\u00e9velopp\u00e9es pour les sportifs \u00e0 la recherche de confort et d&rsquo;amorti en marchant. Avec une forme large pour les rendre plus confortables.<\/p>\n","protected":false},"featured_media":32246,"template":"","meta":[],"product_brand":[],"product_cat":[80,57,42],"product_tag":[],"class_list":{"0":"post-31447","1":"product","2":"type-product","3":"status-publish","4":"has-post-thumbnail","6":"product_cat-chaussures-casual-femme-tunisie","7":"product_cat-chaussures","8":"product_cat-femme","9":"pa_couleur-noir","10":"pa_taille-643","11":"pa_taille-655","12":"pa_taille-644","13":"pa_taille-645","14":"pa_taille-646","16":"first","17":"outofstock","18":"sale","19":"purchasable","20":"product-type-variable"},"_links":{"self":[{"href":"https:\/\/accrosport.tn\/index.php\/wp-json\/wp\/v2\/product\/31447","targetHints":{"allow":["GET"]}}],"collection":[{"href":"https:\/\/accrosport.tn\/index.php\/wp-json\/wp\/v2\/product"}],"about":[{"href":"https:\/\/accrosport.tn\/index.php\/wp-json\/wp\/v2\/types\/product"}],"wp:featuredmedia":[{"embeddable":true,"href":"https:\/\/accrosport.tn\/index.php\/wp-json\/wp\/v2\/media\/32246"}],"wp:attachment":[{"href":"https:\/\/accrosport.tn\/index.php\/wp-json\/wp\/v2\/media?parent=31447"}],"wp:term":[{"taxonomy":"product_brand","embeddable":true,"href":"https:\/\/accrosport.tn\/index.php\/wp-json\/wp\/v2\/product_brand?post=31447"},{"taxonomy":"product_cat","embeddable":true,"href":"https:\/\/accrosport.tn\/index.php\/wp-json\/wp\/v2\/product_cat?post=31447"},{"taxonomy":"product_tag","embeddable":true,"href":"https:\/\/accrosport.tn\/index.php\/wp-json\/wp\/v2\/product_tag?post=31447"}],"curies":[{"name":"wp","href":"https:\/\/api.w.org\/{rel}","templated":true}]}}