{"id":31428,"date":"2025-10-01T11:36:52","date_gmt":"2025-10-01T11:36:52","guid":{"rendered":"https:\/\/accrosport.tn\/index.php\/product\/c-1992-men-2525-beige-royal\/"},"modified":"2025-10-02T13:32:41","modified_gmt":"2025-10-02T13:32:41","slug":"c-1992-men-2525-beige-royal","status":"publish","type":"product","link":"https:\/\/accrosport.tn\/index.php\/product\/c-1992-men-2525-beige-royal\/","title":{"rendered":"Chaussures casual C.1992 Men 2525 homme beige bleu roi"},"content":{"rendered":"<p>Chaussures de sport pour homme. Les C.1992 rejoignent la gamme de chaussures durables de Joma avec ce design vintage tr\u00e8s \u00e9l\u00e9gant, inspir\u00e9 de la mode classique mais adapt\u00e9 aux tendances actuelles. Parfaites pour toute activit\u00e9 quotidienne.<\/p>\n<p>Tige fabriqu\u00e9e en mesh respirant et en cuir, une combinaison de mat\u00e9riaux qui offre une \u00e9vacuation de la transpiration par le syst\u00e8me VTS, ainsi que durabilit\u00e9 et haute qualit\u00e9 gr\u00e2ce au cuir.<\/p>\n<p>Semelle int\u00e9rieure fabriqu\u00e9e avec des mat\u00e9riaux recycl\u00e9s.<\/p>\n<p>Semelle interm\u00e9diaire en phylon recycl\u00e9, un mat\u00e9riau l\u00e9ger, flexible et capable d&rsquo;absorber les chocs. Sa fabrication \u00e0 partir de mat\u00e9riaux recycl\u00e9s fait partie de l&rsquo;engagement de Joma pour la protection de la plan\u00e8te. Elle comporte un STABILIS \u00e0 l&rsquo;arri\u00e8re pour stabiliser la foul\u00e9e.<\/p>\n<p>Semelle en caoutchouc DURABILITY \u00e9galement issue de mat\u00e9riaux recycl\u00e9s. L\u00e9g\u00e8re et tr\u00e8s r\u00e9sistante \u00e0 l&rsquo;abrasion.<\/p>\n<ul class=\"featuresul\">\n<li>Empeigne en cuir synth\u00e9tique avec maille respirante VTS<\/li>\n<li>Coupe en cuir<\/li>\n<li>Semelle interm\u00e9diaire en phylon<\/li>\n<li>Semelle en caoutchouc DURABILITY avec STABILIS int\u00e9gr\u00e9<\/li>\n<li>Forme normale<\/li>\n<\/ul>\n","protected":false},"excerpt":{"rendered":"<p>Chaussures de sport pour homme. Les C.1992 rejoignent la gamme de chaussures durables de Joma avec ce design vintage tr\u00e8s \u00e9l\u00e9gant, inspir\u00e9 de la mode classique mais adapt\u00e9 aux tendances actuelles. Parfaites pour toute activit\u00e9 quotidienne.<\/p>\n","protected":false},"featured_media":32461,"template":"","meta":[],"product_brand":[],"product_cat":[78,61,33],"product_tag":[],"class_list":{"0":"post-31428","1":"product","2":"type-product","3":"status-publish","4":"has-post-thumbnail","6":"product_cat-casual","7":"product_cat-chaussures-homme","8":"product_cat-homme","9":"pa_couleur-beige-royal-blue","10":"pa_taille-645","11":"pa_taille-646","12":"pa_taille-649","13":"pa_taille-650","14":"pa_taille-651","15":"pa_taille-653","16":"pa_taille-656","18":"first","19":"outofstock","20":"sale","21":"purchasable","22":"product-type-variable"},"_links":{"self":[{"href":"https:\/\/accrosport.tn\/index.php\/wp-json\/wp\/v2\/product\/31428","targetHints":{"allow":["GET"]}}],"collection":[{"href":"https:\/\/accrosport.tn\/index.php\/wp-json\/wp\/v2\/product"}],"about":[{"href":"https:\/\/accrosport.tn\/index.php\/wp-json\/wp\/v2\/types\/product"}],"wp:featuredmedia":[{"embeddable":true,"href":"https:\/\/accrosport.tn\/index.php\/wp-json\/wp\/v2\/media\/32461"}],"wp:attachment":[{"href":"https:\/\/accrosport.tn\/index.php\/wp-json\/wp\/v2\/media?parent=31428"}],"wp:term":[{"taxonomy":"product_brand","embeddable":true,"href":"https:\/\/accrosport.tn\/index.php\/wp-json\/wp\/v2\/product_brand?post=31428"},{"taxonomy":"product_cat","embeddable":true,"href":"https:\/\/accrosport.tn\/index.php\/wp-json\/wp\/v2\/product_cat?post=31428"},{"taxonomy":"product_tag","embeddable":true,"href":"https:\/\/accrosport.tn\/index.php\/wp-json\/wp\/v2\/product_tag?post=31428"}],"curies":[{"name":"wp","href":"https:\/\/api.w.org\/{rel}","templated":true}]}}