{"id":31400,"date":"2025-10-01T10:02:05","date_gmt":"2025-10-01T10:02:05","guid":{"rendered":"https:\/\/accrosport.tn\/index.php\/product\/short-metropoli-rojo-2\/"},"modified":"2025-10-08T07:48:43","modified_gmt":"2025-10-08T07:48:43","slug":"short-metropoli-rojo-2","status":"publish","type":"product","link":"https:\/\/accrosport.tn\/index.php\/product\/short-metropoli-rojo-2\/","title":{"rendered":"SHORT METROPOLI ROJO"},"content":{"rendered":"<p>Short de course avec poche zipp\u00e9e \u00e0 l&rsquo;arri\u00e8re pour plus de s\u00e9curit\u00e9. Coutures plates pour \u00e9viter les frottements. \u00c9l\u00e9ments r\u00e9fl\u00e9chissants et technologie Micro-Mesh sur les c\u00f4t\u00e9s pour favoriser la transpiration.<\/p>\n","protected":false},"excerpt":{"rendered":"<p>Short de course avec poche zipp\u00e9e \u00e0 l&rsquo;arri\u00e8re pour plus de s\u00e9curit\u00e9. Coutures plates pour \u00e9viter les frottements. \u00c9l\u00e9ments r\u00e9fl\u00e9chissants et technologie Micro-Mesh sur les c\u00f4t\u00e9s pour favoriser la transpiration.<\/p>\n","protected":false},"featured_media":33616,"template":"","meta":[],"product_brand":[],"product_cat":[62,33],"product_tag":[],"class_list":{"0":"post-31400","1":"product","2":"type-product","3":"status-publish","4":"has-post-thumbnail","6":"product_cat-bermudas-et-shorts-homme","7":"product_cat-homme","8":"pa_couleur-rojo","9":"pa_taille-l","10":"pa_taille-s","12":"first","13":"outofstock","14":"purchasable","15":"product-type-variable"},"_links":{"self":[{"href":"https:\/\/accrosport.tn\/index.php\/wp-json\/wp\/v2\/product\/31400","targetHints":{"allow":["GET"]}}],"collection":[{"href":"https:\/\/accrosport.tn\/index.php\/wp-json\/wp\/v2\/product"}],"about":[{"href":"https:\/\/accrosport.tn\/index.php\/wp-json\/wp\/v2\/types\/product"}],"wp:featuredmedia":[{"embeddable":true,"href":"https:\/\/accrosport.tn\/index.php\/wp-json\/wp\/v2\/media\/33616"}],"wp:attachment":[{"href":"https:\/\/accrosport.tn\/index.php\/wp-json\/wp\/v2\/media?parent=31400"}],"wp:term":[{"taxonomy":"product_brand","embeddable":true,"href":"https:\/\/accrosport.tn\/index.php\/wp-json\/wp\/v2\/product_brand?post=31400"},{"taxonomy":"product_cat","embeddable":true,"href":"https:\/\/accrosport.tn\/index.php\/wp-json\/wp\/v2\/product_cat?post=31400"},{"taxonomy":"product_tag","embeddable":true,"href":"https:\/\/accrosport.tn\/index.php\/wp-json\/wp\/v2\/product_tag?post=31400"}],"curies":[{"name":"wp","href":"https:\/\/api.w.org\/{rel}","templated":true}]}}