{"id":31399,"date":"2025-10-01T10:02:05","date_gmt":"2025-10-01T10:02:05","guid":{"rendered":"https:\/\/accrosport.tn\/index.php\/product\/zapatillero-marino\/"},"modified":"2026-03-11T12:46:29","modified_gmt":"2026-03-11T12:46:29","slug":"zapatillero-marino","status":"publish","type":"product","link":"https:\/\/accrosport.tn\/index.php\/product\/zapatillero-marino\/","title":{"rendered":"Housse \u00e0 chaussures bleu marine"},"content":{"rendered":"<p>Sac \u00e0 chaussures taille unique \u00e0 fermeture \u00e9clair. Logo s\u00e9rigraphi\u00e9.<\/p>\n<ul class=\"featuresul\">\n<li>Fermeture zip<\/li>\n<li>Tissu r\u00e9sistant<\/li>\n<li>Capacit\u00e9 8,7 L<\/li>\n<li>Dimensions : hauteur 18 cm x largeur 33 cm x profondeur 17 cm<\/li>\n<li>Poign\u00e9es<\/li>\n<li>100% Polyester<\/li>\n<\/ul>\n","protected":false},"excerpt":{"rendered":"<p>Sac \u00e0 chaussures taille unique \u00e0 fermeture \u00e9clair. Logo s\u00e9rigraphi\u00e9.<\/p>\n","protected":false},"featured_media":32467,"template":"","meta":[],"product_brand":[],"product_cat":[45,158,73],"product_tag":[],"class_list":{"0":"post-31399","1":"product","2":"type-product","3":"status-publish","4":"has-post-thumbnail","6":"product_cat-accessoires","7":"product_cat-nouvelle-collection","8":"product_cat-sac-de-sport","9":"pa_couleur-marino","10":"pa_taille-s","12":"first","13":"instock","14":"purchasable","15":"product-type-simple"},"_links":{"self":[{"href":"https:\/\/accrosport.tn\/index.php\/wp-json\/wp\/v2\/product\/31399","targetHints":{"allow":["GET"]}}],"collection":[{"href":"https:\/\/accrosport.tn\/index.php\/wp-json\/wp\/v2\/product"}],"about":[{"href":"https:\/\/accrosport.tn\/index.php\/wp-json\/wp\/v2\/types\/product"}],"wp:featuredmedia":[{"embeddable":true,"href":"https:\/\/accrosport.tn\/index.php\/wp-json\/wp\/v2\/media\/32467"}],"wp:attachment":[{"href":"https:\/\/accrosport.tn\/index.php\/wp-json\/wp\/v2\/media?parent=31399"}],"wp:term":[{"taxonomy":"product_brand","embeddable":true,"href":"https:\/\/accrosport.tn\/index.php\/wp-json\/wp\/v2\/product_brand?post=31399"},{"taxonomy":"product_cat","embeddable":true,"href":"https:\/\/accrosport.tn\/index.php\/wp-json\/wp\/v2\/product_cat?post=31399"},{"taxonomy":"product_tag","embeddable":true,"href":"https:\/\/accrosport.tn\/index.php\/wp-json\/wp\/v2\/product_tag?post=31399"}],"curies":[{"name":"wp","href":"https:\/\/api.w.org\/{rel}","templated":true}]}}