{"id":31393,"date":"2025-10-01T10:02:05","date_gmt":"2025-10-01T10:02:05","guid":{"rendered":"https:\/\/accrosport.tn\/index.php\/product\/calcetines-anti-slip-blanco\/"},"modified":"2026-04-04T15:56:06","modified_gmt":"2026-04-04T15:56:06","slug":"calcetines-anti-slip-blanco","status":"publish","type":"product","link":"https:\/\/accrosport.tn\/index.php\/product\/calcetines-anti-slip-blanco\/","title":{"rendered":"Chaussettes unisexe Anti-Slip blanc"},"content":{"rendered":"<p>CHAUSSETTES courtes avec antid\u00e9rapant sur la plante.<\/p>\n<ul class=\"featuresul\">\n<li>Tissu confortable<\/li>\n<li>Poignets cannel\u00e9s<\/li>\n<li>Antid\u00e9rapant<\/li>\n<li>Bande \u00e9lastique sur l&#8217;empeigne pour optimiser l&rsquo;ajustement<\/li>\n<li>Arrive jusqu&rsquo;aux chevilles<\/li>\n<li>Renfort au niveau du talon<\/li>\n<li>40% Coton, 35% Nylon, 20% Polyester, 5% \u00c9lasthanne<\/li>\n<\/ul>\n","protected":false},"excerpt":{"rendered":"<p>Chaussettes courtes \u00e0 semelle antid\u00e9rapante renforc\u00e9e pour une meilleure r\u00e9sistance.<\/p>\n","protected":false},"featured_media":32463,"template":"","meta":[],"product_brand":[],"product_cat":[45,70],"product_tag":[],"class_list":{"0":"post-31393","1":"product","2":"type-product","3":"status-publish","4":"has-post-thumbnail","6":"product_cat-accessoires","7":"product_cat-chaussettes","8":"pa_couleur-white","9":"pa_taille-39-42","10":"pa_taille-43-46","12":"first","13":"outofstock","14":"purchasable","15":"product-type-variable"},"_links":{"self":[{"href":"https:\/\/accrosport.tn\/index.php\/wp-json\/wp\/v2\/product\/31393","targetHints":{"allow":["GET"]}}],"collection":[{"href":"https:\/\/accrosport.tn\/index.php\/wp-json\/wp\/v2\/product"}],"about":[{"href":"https:\/\/accrosport.tn\/index.php\/wp-json\/wp\/v2\/types\/product"}],"wp:featuredmedia":[{"embeddable":true,"href":"https:\/\/accrosport.tn\/index.php\/wp-json\/wp\/v2\/media\/32463"}],"wp:attachment":[{"href":"https:\/\/accrosport.tn\/index.php\/wp-json\/wp\/v2\/media?parent=31393"}],"wp:term":[{"taxonomy":"product_brand","embeddable":true,"href":"https:\/\/accrosport.tn\/index.php\/wp-json\/wp\/v2\/product_brand?post=31393"},{"taxonomy":"product_cat","embeddable":true,"href":"https:\/\/accrosport.tn\/index.php\/wp-json\/wp\/v2\/product_cat?post=31393"},{"taxonomy":"product_tag","embeddable":true,"href":"https:\/\/accrosport.tn\/index.php\/wp-json\/wp\/v2\/product_tag?post=31393"}],"curies":[{"name":"wp","href":"https:\/\/api.w.org\/{rel}","templated":true}]}}