{"id":31386,"date":"2025-10-01T10:01:59","date_gmt":"2025-10-01T10:01:59","guid":{"rendered":"https:\/\/accrosport.tn\/index.php\/product\/calcetines-anti-slip-navy-blue\/"},"modified":"2026-03-11T12:46:40","modified_gmt":"2026-03-11T12:46:40","slug":"calcetines-anti-slip-navy-blue","status":"publish","type":"product","link":"https:\/\/accrosport.tn\/index.php\/product\/calcetines-anti-slip-navy-blue\/","title":{"rendered":"Chaussettes unisexe Anti-Slip bleu marine"},"content":{"rendered":"<p>Chaussettes mi-mollet unisexes. Adapt\u00e9es \u00e0 l\u2019usage sportif, car elles sont respirantes, r\u00e9sistantes et \u00e9vitent l\u2019apparition d\u2019ampoules et de frottements au niveau du pied. Les applications antid\u00e9rapantes en silicone sur la semelle les rendent parfaites pour les sports tels que le yoga, le pilates ou le fitness.<\/p>\n<p>Compos\u00e9es en partie de coton et de nylon doux et l\u00e9ger, elles absorbent rapidement la transpiration. Avec des panneaux respirants sur la partie sup\u00e9rieure et des renforts \u00e9lastiques pour une plus grande adaptabilit\u00e9.<\/p>\n<p>Logo Joma en jacquard.<\/p>\n<ul class=\"featuresul\">\n<li>Tissu confortable<\/li>\n<li>Poignets cannel\u00e9s<\/li>\n<li>Antid\u00e9rapant<\/li>\n<li>Bande \u00e9lastique sur l&#8217;empeigne pour optimiser l&rsquo;ajustement<\/li>\n<li>Arrive jusqu&rsquo;aux mollets<\/li>\n<li>Renfort au niveau du talon<\/li>\n<li>40% Coton, 35% Nylon, 20% Polyester, 5% \u00c9lasthanne<\/li>\n<\/ul>\n","protected":false},"excerpt":{"rendered":"<div class=\"container product-detail product-wrapper\" data-product-url=\"https:\/\/www.joma-sport.com\/on\/demandware.store\/Sites-joma_eu-Site\/fr_FR\/Product-Show?pid=%24product%24\" data-sizebay-tenantid=\"3356\" data-pid=\"400799.331\">\n<div class=\"row\">\n<div class=\"product-container-information contentPDP-right\">\n<div class=\"product-sticky\">\n<div class=\"short-description\">\n<div class=\"text-short-description\">Chaussettes mi-longues antid\u00e9rapantes. Semelle renforc\u00e9e pour une meilleure r\u00e9sistance. Souples et confortables.<\/div>\n<\/div>\n<\/div>\n<\/div>\n<\/div>\n<\/div>\n<div class=\"container product-detail \">\n<div class=\"row\">\n<div class=\"col-sm-12\">\n<div id=\"cq_recomm_slot-4432818939b95f78a018708f9e\"><\/div>\n<\/div>\n<\/div>\n<div class=\"row\">\n<div class=\"col-sm-12\">\n<div id=\"cq_recomm_slot-c31f94f48994bb633b7d715b27\">\n<div class=\"recommendations pdp\"><\/div>\n<\/div>\n<\/div>\n<\/div>\n<\/div>\n","protected":false},"featured_media":32491,"template":"","meta":[],"product_brand":[],"product_cat":[45,70],"product_tag":[],"class_list":{"0":"post-31386","1":"product","2":"type-product","3":"status-publish","4":"has-post-thumbnail","6":"product_cat-accessoires","7":"product_cat-chaussettes","8":"pa_couleur-navy-blue","9":"pa_taille-39-42","10":"pa_taille-43-46","12":"first","13":"outofstock","14":"purchasable","15":"product-type-variable"},"_links":{"self":[{"href":"https:\/\/accrosport.tn\/index.php\/wp-json\/wp\/v2\/product\/31386","targetHints":{"allow":["GET"]}}],"collection":[{"href":"https:\/\/accrosport.tn\/index.php\/wp-json\/wp\/v2\/product"}],"about":[{"href":"https:\/\/accrosport.tn\/index.php\/wp-json\/wp\/v2\/types\/product"}],"wp:featuredmedia":[{"embeddable":true,"href":"https:\/\/accrosport.tn\/index.php\/wp-json\/wp\/v2\/media\/32491"}],"wp:attachment":[{"href":"https:\/\/accrosport.tn\/index.php\/wp-json\/wp\/v2\/media?parent=31386"}],"wp:term":[{"taxonomy":"product_brand","embeddable":true,"href":"https:\/\/accrosport.tn\/index.php\/wp-json\/wp\/v2\/product_brand?post=31386"},{"taxonomy":"product_cat","embeddable":true,"href":"https:\/\/accrosport.tn\/index.php\/wp-json\/wp\/v2\/product_cat?post=31386"},{"taxonomy":"product_tag","embeddable":true,"href":"https:\/\/accrosport.tn\/index.php\/wp-json\/wp\/v2\/product_tag?post=31386"}],"curies":[{"name":"wp","href":"https:\/\/api.w.org\/{rel}","templated":true}]}}