{"id":31326,"date":"2025-10-01T10:01:44","date_gmt":"2025-10-01T10:01:44","guid":{"rendered":"https:\/\/accrosport.tn\/index.php\/product\/camiseta-manga-corta-olimpiada-gris-melange-negro\/"},"modified":"2025-10-03T08:00:00","modified_gmt":"2025-10-03T08:00:00","slug":"camiseta-manga-corta-olimpiada-gris-melange-negro","status":"publish","type":"product","link":"https:\/\/accrosport.tn\/index.php\/product\/camiseta-manga-corta-olimpiada-gris-melange-negro\/","title":{"rendered":"Maillot manches courtes homme Olimpiada gris melange noir"},"content":{"rendered":"<p>T-shirt \u00e0 manches courtes pour homme. Il s&rsquo;agit d&rsquo;un t-shirt polyvalent pour plusieurs sports, qui peut \u00eatre utilis\u00e9 dans diff\u00e9rentes activit\u00e9s physiques. De plus, il est \u00e9cologique car il est enti\u00e8rement fabriqu\u00e9 \u00e0 partir de tissu recycl\u00e9.<\/p>\n<p>Il dispose d&rsquo;un col rond en tissu de base avec une bande \u00e9lastique int\u00e9rieure pour pr\u00e9venir les irritations et am\u00e9liorer l&rsquo;ajustement.<\/p>\n<p>Fabrication \u00e0 100% en polyester recycl\u00e9 dans un processus respectueux de l&rsquo;environnement. En effet, il est obtenu \u00e0 partir de plastiques recycl\u00e9s. De plus, ce mat\u00e9riau se distingue par sa r\u00e9sistance, son \u00e9lasticit\u00e9 et sa respirabilit\u00e9. Libert\u00e9 de mouvement garantie.<\/p>\n<p>Design avec des d\u00e9tails personnalis\u00e9s sur les \u00e9paules. Logo Joma brod\u00e9.<\/p>\n<ul class=\"featuresul\">\n<li>Manches courtes<\/li>\n<li>Col rond<\/li>\n<li>Tissu confortable<\/li>\n<li>Sans coutures aux \u00e9paules<\/li>\n<li>Fait en polyester recycl\u00e9<\/li>\n<li>Type de coupe : semi fitted<\/li>\n<li>100% Polyester<\/li>\n<\/ul>\n","protected":false},"excerpt":{"rendered":"<p>T-shirt \u00e0 manches courtes pour homme. Il s&rsquo;agit d&rsquo;un t-shirt polyvalent pour plusieurs sports, qui peut \u00eatre utilis\u00e9 dans diff\u00e9rentes activit\u00e9s physiques. De plus, il est \u00e9cologique car il est enti\u00e8rement fabriqu\u00e9 \u00e0 partir de tissu recycl\u00e9.<\/p>\n","protected":false},"featured_media":32539,"template":"","meta":[],"product_brand":[],"product_cat":[15],"product_tag":[],"class_list":{"0":"post-31326","1":"product","2":"type-product","3":"status-publish","4":"has-post-thumbnail","6":"product_cat-fitness","7":"pa_couleur-melange-gray-black","8":"pa_taille-2xl","9":"pa_taille-l","10":"pa_taille-m","11":"pa_taille-s","12":"pa_taille-xl","14":"first","15":"outofstock","16":"purchasable","17":"product-type-variable"},"_links":{"self":[{"href":"https:\/\/accrosport.tn\/index.php\/wp-json\/wp\/v2\/product\/31326","targetHints":{"allow":["GET"]}}],"collection":[{"href":"https:\/\/accrosport.tn\/index.php\/wp-json\/wp\/v2\/product"}],"about":[{"href":"https:\/\/accrosport.tn\/index.php\/wp-json\/wp\/v2\/types\/product"}],"wp:featuredmedia":[{"embeddable":true,"href":"https:\/\/accrosport.tn\/index.php\/wp-json\/wp\/v2\/media\/32539"}],"wp:attachment":[{"href":"https:\/\/accrosport.tn\/index.php\/wp-json\/wp\/v2\/media?parent=31326"}],"wp:term":[{"taxonomy":"product_brand","embeddable":true,"href":"https:\/\/accrosport.tn\/index.php\/wp-json\/wp\/v2\/product_brand?post=31326"},{"taxonomy":"product_cat","embeddable":true,"href":"https:\/\/accrosport.tn\/index.php\/wp-json\/wp\/v2\/product_cat?post=31326"},{"taxonomy":"product_tag","embeddable":true,"href":"https:\/\/accrosport.tn\/index.php\/wp-json\/wp\/v2\/product_tag?post=31326"}],"curies":[{"name":"wp","href":"https:\/\/api.w.org\/{rel}","templated":true}]}}