{"id":31289,"date":"2025-10-01T10:01:33","date_gmt":"2025-10-01T10:01:33","guid":{"rendered":"https:\/\/accrosport.tn\/index.php\/product\/camiseta-manga-corta-challenge-black\/"},"modified":"2025-10-03T08:25:43","modified_gmt":"2025-10-03T08:25:43","slug":"camiseta-manga-corta-challenge-black","status":"publish","type":"product","link":"https:\/\/accrosport.tn\/index.php\/product\/camiseta-manga-corta-challenge-black\/","title":{"rendered":"Maillot manches courtes homme Challenge noir"},"content":{"rendered":"<p>T-shirt basique \u00e0 manches courtes. Ce t-shirt en coton a \u00e9t\u00e9 personnalis\u00e9 pour la collection Joma Tennis. Son design polyvalent offre les principaux avantages de confort, douceur et respirabilit\u00e9. Il int\u00e8gre un col rond en c\u00f4tes pour un ajustement plus confortable et une touche classique. Ce t-shirt est fabriqu\u00e9 \u00e0 100% en coton, un tissu tr\u00e8s doux et confortable, qui absorbe rapidement la transpiration. Il offre une totale libert\u00e9 de mouvement. Logo Joma en s\u00e9rigraphie personnalis\u00e9e. Accompagn\u00e9 d&rsquo;une impression dans le dos.<\/p>\n<ul class=\"featuresul\">\n<li>Manches courtes<\/li>\n<li>Col rond en jersey c\u00f4tel\u00e9<\/li>\n<li>Tissu doux et confortable<\/li>\n<li>Tissu respirant<\/li>\n<li>D\u00e9tails en impression<\/li>\n<li>Type de coupe : r\u00e9guli\u00e8re<\/li>\n<li>100% Coton<\/li>\n<\/ul>\n","protected":false},"excerpt":{"rendered":"<p>T-shirt basique \u00e0 manches courtes. Ce t-shirt en coton a \u00e9t\u00e9 personnalis\u00e9 pour la collection Joma Tennis. Son design polyvalent offre les principaux avantages de confort, douceur et respirabilit\u00e9. Il int\u00e8gre un col rond en c\u00f4tes pour un ajustement plus confortable et une touche classique.<\/p>\n","protected":false},"featured_media":32573,"template":"","meta":[],"product_brand":[],"product_cat":[33,63],"product_tag":[],"class_list":{"0":"post-31289","1":"product","2":"type-product","3":"status-publish","4":"has-post-thumbnail","6":"product_cat-homme","7":"product_cat-polos-et-t-shirt-homme","8":"pa_couleur-noir","9":"pa_taille-l","10":"pa_taille-m","11":"pa_taille-s","12":"pa_taille-xl","14":"first","15":"outofstock","16":"purchasable","17":"product-type-variable"},"_links":{"self":[{"href":"https:\/\/accrosport.tn\/index.php\/wp-json\/wp\/v2\/product\/31289","targetHints":{"allow":["GET"]}}],"collection":[{"href":"https:\/\/accrosport.tn\/index.php\/wp-json\/wp\/v2\/product"}],"about":[{"href":"https:\/\/accrosport.tn\/index.php\/wp-json\/wp\/v2\/types\/product"}],"wp:featuredmedia":[{"embeddable":true,"href":"https:\/\/accrosport.tn\/index.php\/wp-json\/wp\/v2\/media\/32573"}],"wp:attachment":[{"href":"https:\/\/accrosport.tn\/index.php\/wp-json\/wp\/v2\/media?parent=31289"}],"wp:term":[{"taxonomy":"product_brand","embeddable":true,"href":"https:\/\/accrosport.tn\/index.php\/wp-json\/wp\/v2\/product_brand?post=31289"},{"taxonomy":"product_cat","embeddable":true,"href":"https:\/\/accrosport.tn\/index.php\/wp-json\/wp\/v2\/product_cat?post=31289"},{"taxonomy":"product_tag","embeddable":true,"href":"https:\/\/accrosport.tn\/index.php\/wp-json\/wp\/v2\/product_tag?post=31289"}],"curies":[{"name":"wp","href":"https:\/\/api.w.org\/{rel}","templated":true}]}}