{"id":31253,"date":"2025-10-01T10:01:28","date_gmt":"2025-10-01T10:01:28","guid":{"rendered":"https:\/\/accrosport.tn\/index.php\/product\/pala-de-padel-slam-pro-blanco-oro\/"},"modified":"2026-01-17T08:16:51","modified_gmt":"2026-01-17T08:16:51","slug":"pala-de-padel-slam-pro-blanco-oro","status":"publish","type":"product","link":"https:\/\/accrosport.tn\/index.php\/product\/pala-de-padel-slam-pro-blanco-oro\/","title":{"rendered":"Raquette de padel Slam Pro A1 Padel 24\/25"},"content":{"rendered":"<p>Raquette de padel Slam Pro con\u00e7ue exclusivement pour le A1 Master Finals, un mod\u00e8le haute performance combinant la derni\u00e8re technologie et des mat\u00e9riaux de qualit\u00e9 pour garantir un jeu sup\u00e9rieur lors de l&rsquo;\u00e9v\u00e9nement le plus prestigieux du circuit professionnel. Cette raquette se distingue non seulement par sa haute qualit\u00e9, mais aussi par son esth\u00e9tique, refl\u00e9tant les couleurs distinctives du circuit, lui donnant une touche exclusive et professionnelle.<\/p>\n<p>Le noyau FLEXO BlackEVA haute densit\u00e9, associ\u00e9 aux fibres FlexSHIELD 3K, assure une performance sup\u00e9rieure \u00e0 chaque coup. Ce design offre une sensation ferme et pr\u00e9cise lors de la frappe de la balle, garantissant un contr\u00f4le exceptionnel et une r\u00e9ponse imm\u00e9diate. Le cadre, fabriqu\u00e9 \u00e0 100% de carbone EXO COUNTER, ajoute durabilit\u00e9 et rigidit\u00e9 \u00e0 la structure, permettant \u00e0 la raquette de r\u00e9sister aux exigences des jeux les plus intenses et prolong\u00e9s.<\/p>\n<p>De plus, la Slam Pro int\u00e8gre le syst\u00e8me avanc\u00e9 VIBRA-OUT Slam, r\u00e9duisant jusqu&rsquo;\u00e0 40% les vibrations g\u00e9n\u00e9r\u00e9es lors des frappes, am\u00e9liorant le confort et r\u00e9duisant le risque de fatigue ou de blessures au bras. Con\u00e7ue pour les joueurs aspirant au plus haut niveau, cette raquette est un alli\u00e9 parfait pour ceux qui cherchent \u00e0 dominer le court avec style et efficacit\u00e9.<\/p>\n<p>Poids : 355-360 g.<\/p>\n<ul class=\"featuresul\">\n<li>Poids : 355 &#8211; 360 gr<\/li>\n<li>Forme : diamant<\/li>\n<li>Gamme : avanc\u00e9e<\/li>\n<li>Noyau : EVA NOIR<\/li>\n<li>Face : fibre de carbone 3k<\/li>\n<li>Cadre : fibre de carbone<\/li>\n<li>\u00c9paisseur : 38 mm<\/li>\n<li>\u00c9quilibre: \u00e9lev\u00e9<\/li>\n<li>Inclus une housse : oui<\/li>\n<li>Tubulaire 100% Fibre de carbone \/ Plat 75% Fibre de verre, 25% Fibre de carbone 3K \/ Rembourr\u00e9 100% EVA<\/li>\n<\/ul>\n","protected":false},"excerpt":{"rendered":"<p>Raquette de padel Slam Pro con\u00e7ue exclusivement pour les A1 Master Finals, combinant technologie avanc\u00e9e et mat\u00e9riaux de qualit\u00e9 pour des performances sup\u00e9rieures. Cette raquette est con\u00e7ue pour les joueurs experts qui recherchent un \u00e9quilibre entre puissance et contr\u00f4le. C&rsquo;est pourquoi nous avons fabriqu\u00e9 le noyau en fibre de carbone 3k. Plus rigide et avec un cadre assurant la durabilit\u00e9 de la raquette.<\/p>\n","protected":false},"featured_media":32591,"template":"","meta":[],"product_brand":[],"product_cat":[45,291],"product_tag":[],"class_list":{"0":"post-31253","1":"product","2":"type-product","3":"status-publish","4":"has-post-thumbnail","6":"product_cat-accessoires","7":"product_cat-raquettes","8":"pa_couleur-white-gold","9":"pa_taille-one-size","11":"first","12":"instock","13":"sale","14":"purchasable","15":"product-type-simple"},"_links":{"self":[{"href":"https:\/\/accrosport.tn\/index.php\/wp-json\/wp\/v2\/product\/31253","targetHints":{"allow":["GET"]}}],"collection":[{"href":"https:\/\/accrosport.tn\/index.php\/wp-json\/wp\/v2\/product"}],"about":[{"href":"https:\/\/accrosport.tn\/index.php\/wp-json\/wp\/v2\/types\/product"}],"wp:featuredmedia":[{"embeddable":true,"href":"https:\/\/accrosport.tn\/index.php\/wp-json\/wp\/v2\/media\/32591"}],"wp:attachment":[{"href":"https:\/\/accrosport.tn\/index.php\/wp-json\/wp\/v2\/media?parent=31253"}],"wp:term":[{"taxonomy":"product_brand","embeddable":true,"href":"https:\/\/accrosport.tn\/index.php\/wp-json\/wp\/v2\/product_brand?post=31253"},{"taxonomy":"product_cat","embeddable":true,"href":"https:\/\/accrosport.tn\/index.php\/wp-json\/wp\/v2\/product_cat?post=31253"},{"taxonomy":"product_tag","embeddable":true,"href":"https:\/\/accrosport.tn\/index.php\/wp-json\/wp\/v2\/product_tag?post=31253"}],"curies":[{"name":"wp","href":"https:\/\/api.w.org\/{rel}","templated":true}]}}