{"id":31252,"date":"2025-10-01T10:01:28","date_gmt":"2025-10-01T10:01:28","guid":{"rendered":"https:\/\/accrosport.tn\/index.php\/product\/pala-de-padel-valkiria-pro-negro-naranja\/"},"modified":"2026-01-17T08:14:28","modified_gmt":"2026-01-17T08:14:28","slug":"pala-de-padel-valkiria-pro-negro-naranja","status":"publish","type":"product","link":"https:\/\/accrosport.tn\/index.php\/product\/pala-de-padel-valkiria-pro-negro-naranja\/","title":{"rendered":"Raquette de padel Valkiria Pro Carolina Navarro noir orange"},"content":{"rendered":"<p>Raquette de padel con\u00e7ue exclusivement pour Carolina Navarro, joueuse de padel espagnole qui a \u00e9t\u00e9 num\u00e9ro 1 du classement international. Cette raquette s&rsquo;adresse aux joueurs experts qui cherchent \u00e0 maximiser leur contr\u00f4le sur la balle. De plus, elle pr\u00e9sente une forme ronde qui permet une frappe pr\u00e9cise et efficace, maximisant les performances \u00e0 chaque point.<\/p>\n<p>Avec un coeur en FLEXO Black EVA et une surface en fibre de carbone FLEXSHIELD 3k, cette raquette garantit puissance et confort, vous permettant de d\u00e9ployer votre meilleur jeu avec la m\u00eame \u00e9l\u00e9gance et efficacit\u00e9 qui caract\u00e9risent Carolina Navarro. Le cadre, fabriqu\u00e9 \u00e0 100 % en fibre de carbone EXO COUNTER, assure durabilit\u00e9 et rigidit\u00e9.<\/p>\n<p>Le manche long, de forme octogonale, offre une prise confortable et procure une plus grande inertie dans les coups d&rsquo;acc\u00e9l\u00e9ration.<\/p>\n<p>Amenez votre jeu au niveau sup\u00e9rieur avec la Valkiria Pro!<\/p>\n<p>Poids : 355-365 gr.<\/p>\n<ul class=\"featuresul\">\n<li>Poids : 355 &#8211; 365 gr<\/li>\n<li>Forme ronde<\/li>\n<li>Gamme : haut de gamme &#8211; professionnel<\/li>\n<li>Noyau : EVA NOIR<\/li>\n<li>Face : fibre de carbone 3k<\/li>\n<li>Cadre : fibre de carbone<\/li>\n<li>Inclus une housse : oui<\/li>\n<li>Tubulaire 100% Fibre de carbone \/ Plat 66,67% Fibre de verre, 33,33% Fibre de carbone 3K \/ Rembourr\u00e9 100% EVA<\/li>\n<\/ul>\n","protected":false},"excerpt":{"rendered":"<p>Raquette de padel Valkiria Pro inspir\u00e9e par Carolina Navarro, joueuse de padel ayant atteint la premi\u00e8re place du classement international. Cette raquette est id\u00e9ale pour les experts en qu\u00eate de contr\u00f4le, de pr\u00e9cision et de confort. De plus, son coeur en FLEXO Black EVA et sa surface en fibre de carbone maximisent les performances. Am\u00e9liorez votre jeu avec cette raquette haute performance !<\/p>\n","protected":false},"featured_media":32586,"template":"","meta":[],"product_brand":[],"product_cat":[45,291],"product_tag":[],"class_list":{"0":"post-31252","1":"product","2":"type-product","3":"status-publish","4":"has-post-thumbnail","6":"product_cat-accessoires","7":"product_cat-raquettes","8":"pa_couleur-black-orange","9":"pa_taille-one-size","11":"first","12":"instock","13":"sale","14":"purchasable","15":"product-type-simple"},"_links":{"self":[{"href":"https:\/\/accrosport.tn\/index.php\/wp-json\/wp\/v2\/product\/31252","targetHints":{"allow":["GET"]}}],"collection":[{"href":"https:\/\/accrosport.tn\/index.php\/wp-json\/wp\/v2\/product"}],"about":[{"href":"https:\/\/accrosport.tn\/index.php\/wp-json\/wp\/v2\/types\/product"}],"wp:featuredmedia":[{"embeddable":true,"href":"https:\/\/accrosport.tn\/index.php\/wp-json\/wp\/v2\/media\/32586"}],"wp:attachment":[{"href":"https:\/\/accrosport.tn\/index.php\/wp-json\/wp\/v2\/media?parent=31252"}],"wp:term":[{"taxonomy":"product_brand","embeddable":true,"href":"https:\/\/accrosport.tn\/index.php\/wp-json\/wp\/v2\/product_brand?post=31252"},{"taxonomy":"product_cat","embeddable":true,"href":"https:\/\/accrosport.tn\/index.php\/wp-json\/wp\/v2\/product_cat?post=31252"},{"taxonomy":"product_tag","embeddable":true,"href":"https:\/\/accrosport.tn\/index.php\/wp-json\/wp\/v2\/product_tag?post=31252"}],"curies":[{"name":"wp","href":"https:\/\/api.w.org\/{rel}","templated":true}]}}