{"id":31251,"date":"2025-10-01T10:01:28","date_gmt":"2025-10-01T10:01:28","guid":{"rendered":"https:\/\/accrosport.tn\/index.php\/product\/pala-de-padel-valkiria-flex-negro-naranja-fluor\/"},"modified":"2026-01-17T08:12:44","modified_gmt":"2026-01-17T08:12:44","slug":"pala-de-padel-valkiria-flex-negro-naranja-fluor","status":"publish","type":"product","link":"https:\/\/accrosport.tn\/index.php\/product\/pala-de-padel-valkiria-flex-negro-naranja-fluor\/","title":{"rendered":"Raquette de padel Valkiria Flex noir orange fluo"},"content":{"rendered":"<p>La paga de paddle Valkiria Flex est un mod\u00e8le en forme de diamant, con\u00e7u pour offrir le confort maximal et une excellente sortie de balle. Id\u00e9ale pour les joueurs qui d\u00e9butent dans le sport et recherchent une paga confortable et facile \u00e0 manipuler, cette paga facilite l&rsquo;apprentissage et am\u00e9liore l&rsquo;exp\u00e9rience de jeu.<\/p>\n<p>Son noyau FLEXO BlackEVA, combin\u00e9 avec les fibres FlexSHIELD de graphite, offre un point doux plus grand et une sortie de balle optimale, permettant un contr\u00f4le et une puissance exceptionnels \u00e0 chaque coup. Cela en fait une paga parfaite pour ceux qui veulent plus de facilit\u00e9 dans l&rsquo;ex\u00e9cution des coups, sans perdre en pr\u00e9cision.<\/p>\n<p>De plus, la paga Valkiria Flex int\u00e8gre un cadre 100% carbone EXO COUNTER, lui conf\u00e9rant une grande durabilit\u00e9 et rigidit\u00e9, garantissant une longue dur\u00e9e de vie m\u00eame dans des conditions d&rsquo;utilisation intensive. Avec cette paga, les joueurs d\u00e9butants profiteront d&rsquo;un grand confort, contr\u00f4le et puissance \u00e0 chaque point, tout en perfectionnant leur technique et en augmentant leur confiance sur le terrain.<\/p>\n<p>Poids 350-360 g.<\/p>\n<ul class=\"featuresul\">\n<li>Poids : 350 &#8211; 360 gr<\/li>\n<li>Forme ronde<\/li>\n<li>Noyau : EVA NOIR<\/li>\n<li>Face : fibre de carbone 1k<\/li>\n<li>Cadre : fibre de carbone<\/li>\n<li>\u00c9paisseur : 38 mm<\/li>\n<li>\u00c9quilibre: bas<\/li>\n<li>Inclus une housse : oui<\/li>\n<li>Tubulaire 100% Fibre de carbone \/ Plat 75% Fibre de verre, 25% Fibre de carbone \/ Rembourr\u00e9 100% EVA<\/li>\n<\/ul>\n","protected":false},"excerpt":{"rendered":"<p>La paga de paddle Valkiria Flex est un mod\u00e8le en forme de diamant, con\u00e7u pour offrir le confort maximal et une excellente sortie de balle. Id\u00e9ale pour les joueurs qui d\u00e9butent dans le sport et recherchent une paga confortable et facile \u00e0 manipuler, cette paga facilite l&rsquo;apprentissage et am\u00e9liore l&rsquo;exp\u00e9rience de jeu.<\/p>\n","protected":false},"featured_media":32582,"template":"","meta":[],"product_brand":[],"product_cat":[45,291],"product_tag":[],"class_list":{"0":"post-31251","1":"product","2":"type-product","3":"status-publish","4":"has-post-thumbnail","6":"product_cat-accessoires","7":"product_cat-raquettes","8":"pa_couleur-black-fluorescent-orange","9":"pa_taille-one-size","11":"first","12":"instock","13":"sale","14":"purchasable","15":"product-type-simple"},"_links":{"self":[{"href":"https:\/\/accrosport.tn\/index.php\/wp-json\/wp\/v2\/product\/31251","targetHints":{"allow":["GET"]}}],"collection":[{"href":"https:\/\/accrosport.tn\/index.php\/wp-json\/wp\/v2\/product"}],"about":[{"href":"https:\/\/accrosport.tn\/index.php\/wp-json\/wp\/v2\/types\/product"}],"wp:featuredmedia":[{"embeddable":true,"href":"https:\/\/accrosport.tn\/index.php\/wp-json\/wp\/v2\/media\/32582"}],"wp:attachment":[{"href":"https:\/\/accrosport.tn\/index.php\/wp-json\/wp\/v2\/media?parent=31251"}],"wp:term":[{"taxonomy":"product_brand","embeddable":true,"href":"https:\/\/accrosport.tn\/index.php\/wp-json\/wp\/v2\/product_brand?post=31251"},{"taxonomy":"product_cat","embeddable":true,"href":"https:\/\/accrosport.tn\/index.php\/wp-json\/wp\/v2\/product_cat?post=31251"},{"taxonomy":"product_tag","embeddable":true,"href":"https:\/\/accrosport.tn\/index.php\/wp-json\/wp\/v2\/product_tag?post=31251"}],"curies":[{"name":"wp","href":"https:\/\/api.w.org\/{rel}","templated":true}]}}