{"id":31250,"date":"2025-10-01T10:01:22","date_gmt":"2025-10-01T10:01:22","guid":{"rendered":"https:\/\/accrosport.tn\/index.php\/product\/pala-de-padel-tournament-flex-negro-rojo\/"},"modified":"2026-04-22T15:56:04","modified_gmt":"2026-04-22T15:56:04","slug":"pala-de-padel-tournament-flex-negro-rojo","status":"publish","type":"product","link":"https:\/\/accrosport.tn\/index.php\/product\/pala-de-padel-tournament-flex-negro-rojo\/","title":{"rendered":"Raquette de padel Tournament Flex noir rouge"},"content":{"rendered":"<p>Raquette de padel Tournament Flex, mod\u00e8le con\u00e7u en forme de diamant, id\u00e9al pour les joueurs d\u00e9butants dans ce sport et recherchant une raquette offrant confort, facilit\u00e9 d&rsquo;utilisation et excellentes performances. Son design est con\u00e7u pour maximiser le confort et la sortie de balle.<\/p>\n<p>Le noyau FLEXO BlackEVA, combin\u00e9 avec les fibres FlexSHIELD de graphite, offre un plus grand sweet spot et une sortie de balle optimale, permettant aux joueurs de profiter d&rsquo;un meilleur contr\u00f4le et puissance dans leurs coups. Ce noyau sp\u00e9cial favorise la pr\u00e9cision et le confort lors de la frappe, aidant les nouveaux joueurs \u00e0 am\u00e9liorer leur technique et leur contr\u00f4le de jeu.<\/p>\n<p>De plus, la raquette est dot\u00e9e d&rsquo;un cadre 100% carbone EXO COUNTER, lui conf\u00e9rant une grande durabilit\u00e9 et rigidit\u00e9, garantissant que la raquette r\u00e9siste \u00e0 une utilisation fr\u00e9quente et aux exigences du jeu. Avec la Tournament Flex, les joueurs d\u00e9butants pourront profiter de performances exceptionnelles tout en perfectionnant leur technique et en gagnant en confiance sur le court.<\/p>\n<p>Poids 350-360 gr.<\/p>\n<ul class=\"featuresul\">\n<li>Poids : 350 &#8211; 360 gr<\/li>\n<li>Forme: hybride<\/li>\n<li>Gamme : moyenne &#8211; haute<\/li>\n<li>Noyau : EVA NOIR<\/li>\n<li>Face : fibre de verre<\/li>\n<li>Cadre : fibre de carbone<\/li>\n<li>\u00c9paisseur : 38 mm<\/li>\n<li>\u00c9quilibre: bas<\/li>\n<li>Inclus une housse : oui<\/li>\n<li>Tubulaire 100% Fibre de carbone \/ Plat 75% Fibre de verre, 25% Fibre de carbone \/ Rembourr\u00e9 100% EVA<\/li>\n<\/ul>\n","protected":false},"excerpt":{"rendered":"<p>Raquette de padel Tournament Flex, mod\u00e8le con\u00e7u en forme de diamant, id\u00e9al pour les joueurs d\u00e9butants dans ce sport et recherchant une raquette offrant confort, facilit\u00e9 d&rsquo;utilisation et excellentes performances. Son design est con\u00e7u pour maximiser le confort et la sortie de balle.<\/p>\n","protected":false},"featured_media":33078,"template":"","meta":[],"product_brand":[],"product_cat":[45,158,282,291],"product_tag":[],"class_list":{"0":"post-31250","1":"product","2":"type-product","3":"status-publish","4":"has-post-thumbnail","6":"product_cat-accessoires","7":"product_cat-nouvelle-collection","8":"product_cat-padel-accessoires","9":"product_cat-raquettes","10":"pa_couleur-black-red","11":"pa_taille-one-size","13":"first","14":"instock","15":"sale","16":"purchasable","17":"product-type-simple"},"_links":{"self":[{"href":"https:\/\/accrosport.tn\/index.php\/wp-json\/wp\/v2\/product\/31250","targetHints":{"allow":["GET"]}}],"collection":[{"href":"https:\/\/accrosport.tn\/index.php\/wp-json\/wp\/v2\/product"}],"about":[{"href":"https:\/\/accrosport.tn\/index.php\/wp-json\/wp\/v2\/types\/product"}],"wp:featuredmedia":[{"embeddable":true,"href":"https:\/\/accrosport.tn\/index.php\/wp-json\/wp\/v2\/media\/33078"}],"wp:attachment":[{"href":"https:\/\/accrosport.tn\/index.php\/wp-json\/wp\/v2\/media?parent=31250"}],"wp:term":[{"taxonomy":"product_brand","embeddable":true,"href":"https:\/\/accrosport.tn\/index.php\/wp-json\/wp\/v2\/product_brand?post=31250"},{"taxonomy":"product_cat","embeddable":true,"href":"https:\/\/accrosport.tn\/index.php\/wp-json\/wp\/v2\/product_cat?post=31250"},{"taxonomy":"product_tag","embeddable":true,"href":"https:\/\/accrosport.tn\/index.php\/wp-json\/wp\/v2\/product_tag?post=31250"}],"curies":[{"name":"wp","href":"https:\/\/api.w.org\/{rel}","templated":true}]}}