{"id":31249,"date":"2025-10-01T10:01:22","date_gmt":"2025-10-01T10:01:22","guid":{"rendered":"https:\/\/accrosport.tn\/index.php\/product\/pala-de-padel-tournament-soft-rojo-blanco\/"},"modified":"2025-11-24T23:21:25","modified_gmt":"2025-11-24T23:21:25","slug":"pala-de-padel-tournament-soft-rojo-blanco","status":"publish","type":"product","link":"https:\/\/accrosport.tn\/index.php\/product\/pala-de-padel-tournament-soft-rojo-blanco\/","title":{"rendered":"Raquette de padel Tournament Soft rouge blanc"},"content":{"rendered":"<p>Raquette de padel Tournament Soft, un mod\u00e8le polyvalent con\u00e7u pour les joueurs recherchant un \u00e9quilibre parfait entre contr\u00f4le et puissance. Avec une construction combinant des mat\u00e9riaux de haute qualit\u00e9, cette raquette est id\u00e9ale aussi bien pour les joueurs interm\u00e9diaires que pour ceux en processus de perfectionnement de leur jeu. Son noyau est compos\u00e9 de Black EVA soft, un mat\u00e9riau offrant un grand confort \u00e0 la frappe de balle, ainsi qu&rsquo;une excellente absorption des chocs. Ce noyau est compl\u00e9t\u00e9 par des fibres de verre sur les faces, apportant une plus grande flexibilit\u00e9 et une sortie de balle plus efficace, facilitant la manipulation de la raquette. Le cadre 100% carbone lui conf\u00e8re une grande rigidit\u00e9 et durabilit\u00e9, assurant une plus grande stabilit\u00e9 pendant le jeu et une plus longue dur\u00e9e de vie. Avec un design \u00e9quilibr\u00e9, la raquette a un contr\u00f4le de 50% et une puissance de 50%, en faisant une option parfaite pour les joueurs recherchant des performances polyvalentes dans toutes les situations. Son \u00e9quilibre moyen contribue au confort de jeu, permettant \u00e0 la fois contr\u00f4le et puissance sans sacrifier l&rsquo;un pour l&rsquo;autre. Poids : 350-360 g.<\/p>\n<ul class=\"featuresul\">\n<li>Poids : 350 &#8211; 360 gr<\/li>\n<li>Forme ronde<\/li>\n<li>Gamme: initiation<\/li>\n<li>Noyau : EVA NOIR<\/li>\n<li>Face : fibre de verre<\/li>\n<li>Cadre : fibre de carbone<\/li>\n<li>Contr\u00f4le : 50%<\/li>\n<li>Puissance : 50%<\/li>\n<li>\u00c9quilibre: bas<\/li>\n<li>Inclus une housse : oui<\/li>\n<li>Tubulaire 100% Fibre de carbone \/ Plat 100% Fibre de verre \/ Rembourr\u00e9 100% EVA<\/li>\n<\/ul>\n","protected":false},"excerpt":{"rendered":"<p>Raquette de padel Tournament Soft, un mod\u00e8le polyvalent con\u00e7u pour les joueurs recherchant un \u00e9quilibre parfait entre contr\u00f4le et puissance. Avec une construction combinant des mat\u00e9riaux de haute qualit\u00e9, cette raquette est id\u00e9ale aussi bien pour les joueurs interm\u00e9diaires que pour ceux en processus de perfectionnement de leur jeu. Son noyau est compos\u00e9 de Black EVA soft, un mat\u00e9riau offrant un grand confort \u00e0 la frappe de balle, ainsi qu&rsquo;une excellente absorption des chocs.<\/p>\n","protected":false},"featured_media":33073,"template":"","meta":[],"product_brand":[],"product_cat":[45,282,291],"product_tag":[],"class_list":{"0":"post-31249","1":"product","2":"type-product","3":"status-publish","4":"has-post-thumbnail","6":"product_cat-accessoires","7":"product_cat-padel-accessoires","8":"product_cat-raquettes","9":"pa_couleur-red-white","10":"pa_taille-one-size","12":"first","13":"outofstock","14":"purchasable","15":"product-type-simple"},"_links":{"self":[{"href":"https:\/\/accrosport.tn\/index.php\/wp-json\/wp\/v2\/product\/31249","targetHints":{"allow":["GET"]}}],"collection":[{"href":"https:\/\/accrosport.tn\/index.php\/wp-json\/wp\/v2\/product"}],"about":[{"href":"https:\/\/accrosport.tn\/index.php\/wp-json\/wp\/v2\/types\/product"}],"wp:featuredmedia":[{"embeddable":true,"href":"https:\/\/accrosport.tn\/index.php\/wp-json\/wp\/v2\/media\/33073"}],"wp:attachment":[{"href":"https:\/\/accrosport.tn\/index.php\/wp-json\/wp\/v2\/media?parent=31249"}],"wp:term":[{"taxonomy":"product_brand","embeddable":true,"href":"https:\/\/accrosport.tn\/index.php\/wp-json\/wp\/v2\/product_brand?post=31249"},{"taxonomy":"product_cat","embeddable":true,"href":"https:\/\/accrosport.tn\/index.php\/wp-json\/wp\/v2\/product_cat?post=31249"},{"taxonomy":"product_tag","embeddable":true,"href":"https:\/\/accrosport.tn\/index.php\/wp-json\/wp\/v2\/product_tag?post=31249"}],"curies":[{"name":"wp","href":"https:\/\/api.w.org\/{rel}","templated":true}]}}