{"id":31247,"date":"2025-10-01T10:01:22","date_gmt":"2025-10-01T10:01:22","guid":{"rendered":"https:\/\/accrosport.tn\/index.php\/product\/pala-de-padel-slam-flex-verde-blanco\/"},"modified":"2026-01-17T08:21:49","modified_gmt":"2026-01-17T08:21:49","slug":"pala-de-padel-slam-flex-verde-blanco","status":"publish","type":"product","link":"https:\/\/accrosport.tn\/index.php\/product\/pala-de-padel-slam-flex-verde-blanco\/","title":{"rendered":"Raquette de padel Slam Flex vert blanc"},"content":{"rendered":"<p>Raquette de padel Slam Flex, un mod\u00e8le haute performance con\u00e7u en forme de diamant, id\u00e9al pour offrir un confort maximal et une excellente sortie de balle. Sa polyvalence en fait une option parfaite aussi bien pour les joueurs qui d\u00e9butent dans ce sport et recherchent une raquette facile \u00e0 manipuler que pour les joueurs plus exp\u00e9riment\u00e9s qui souhaitent un outil confortable et efficace pour perfectionner leur technique de jeu.<\/p>\n<p>Ce mod\u00e8le se distingue par son noyau FLEXO BlackEVA \u00e0 haute densit\u00e9, qui, combin\u00e9 aux fibres innovantes FLEXSHIELD de Graphite, offre un large sweet spot et optimise la sortie de balle \u00e0 chaque frappe, favorisant un jeu plus contr\u00f4l\u00e9 et pr\u00e9cis. De plus, il dispose d&rsquo;un cadre 100% carbone EXO COUNTER, garantissant une durabilit\u00e9 accrue et maintenant la rigidit\u00e9 structurelle de la raquette m\u00eame lors des matchs les plus exigeants.<\/p>\n<p>La raquette Slam Flex int\u00e8gre \u00e9galement le syst\u00e8me VIBRA-OUT Slam, qui parvient \u00e0 r\u00e9duire jusqu&rsquo;\u00e0 40% des vibrations lors de la frappe, minimisant l&rsquo;impact et am\u00e9liorant le confort du joueur \u00e0 chaque \u00e9change. Cette combinaison de technologies assure une exp\u00e9rience de jeu sup\u00e9rieure, o\u00f9 le contr\u00f4le, la puissance et le confort se rejoignent pour vous offrir le meilleur sur le terrain.<\/p>\n<p>Poids : 355-360 g.<\/p>\n<ul class=\"featuresul\">\n<li>Poids : 355 &#8211; 360 gr<\/li>\n<li>Forme ronde<\/li>\n<li>Gamme: initiation<\/li>\n<li>Noyau : EVA NOIR<\/li>\n<li>Face : fibre de verre<\/li>\n<li>Cadre : fibre de carbone<\/li>\n<li>\u00c9paisseur : 38 mm<\/li>\n<li>\u00c9quilibre: bas<\/li>\n<li>Inclus une housse : oui<\/li>\n<li>Tubulaire 100% Fibre de carbone \/ Plat 75% Fibre de verre, 25% Fibre de carbone \/ Rembourr\u00e9 100% EVA<\/li>\n<\/ul>\n","protected":false},"excerpt":{"rendered":"<p>Raquette de padel Slam Flex, un mod\u00e8le haute performance con\u00e7u en forme de diamant, id\u00e9al pour offrir un confort maximal et une excellente sortie de balle. Sa polyvalence en fait une option parfaite aussi bien pour les joueurs qui d\u00e9butent dans ce sport et recherchent une raquette facile \u00e0 manipuler que pour les joueurs plus exp\u00e9riment\u00e9s qui souhaitent un outil confortable et efficace pour perfectionner leur technique de jeu.<\/p>\n","protected":false},"featured_media":33062,"template":"","meta":[],"product_brand":[],"product_cat":[45,282,291],"product_tag":[],"class_list":{"0":"post-31247","1":"product","2":"type-product","3":"status-publish","4":"has-post-thumbnail","6":"product_cat-accessoires","7":"product_cat-padel-accessoires","8":"product_cat-raquettes","9":"pa_couleur-green-white","10":"pa_taille-one-size","12":"first","13":"instock","14":"sale","15":"purchasable","16":"product-type-simple"},"_links":{"self":[{"href":"https:\/\/accrosport.tn\/index.php\/wp-json\/wp\/v2\/product\/31247","targetHints":{"allow":["GET"]}}],"collection":[{"href":"https:\/\/accrosport.tn\/index.php\/wp-json\/wp\/v2\/product"}],"about":[{"href":"https:\/\/accrosport.tn\/index.php\/wp-json\/wp\/v2\/types\/product"}],"wp:featuredmedia":[{"embeddable":true,"href":"https:\/\/accrosport.tn\/index.php\/wp-json\/wp\/v2\/media\/33062"}],"wp:attachment":[{"href":"https:\/\/accrosport.tn\/index.php\/wp-json\/wp\/v2\/media?parent=31247"}],"wp:term":[{"taxonomy":"product_brand","embeddable":true,"href":"https:\/\/accrosport.tn\/index.php\/wp-json\/wp\/v2\/product_brand?post=31247"},{"taxonomy":"product_cat","embeddable":true,"href":"https:\/\/accrosport.tn\/index.php\/wp-json\/wp\/v2\/product_cat?post=31247"},{"taxonomy":"product_tag","embeddable":true,"href":"https:\/\/accrosport.tn\/index.php\/wp-json\/wp\/v2\/product_tag?post=31247"}],"curies":[{"name":"wp","href":"https:\/\/api.w.org\/{rel}","templated":true}]}}