{"id":31246,"date":"2025-10-01T10:01:22","date_gmt":"2025-10-01T10:01:22","guid":{"rendered":"https:\/\/accrosport.tn\/index.php\/product\/pala-de-padel-tournament-pro-marino-rojo\/"},"modified":"2026-01-17T08:19:45","modified_gmt":"2026-01-17T08:19:45","slug":"pala-de-padel-tournament-pro-marino-rojo","status":"publish","type":"product","link":"https:\/\/accrosport.tn\/index.php\/product\/pala-de-padel-tournament-pro-marino-rojo\/","title":{"rendered":"Raquette de padel Tournament Pro bleu marine rouge"},"content":{"rendered":"<p>Raquette de padel Tournament Pro, mod\u00e8le de conception hybride, con\u00e7u pour offrir un \u00e9quilibre parfait entre contr\u00f4le et puissance. Id\u00e9al pour les joueurs \u00e0 la recherche de pr\u00e9cision et de ma\u00eetrise \u00e0 chaque coup, cette raquette garantit des performances exceptionnelles sur le terrain.<\/p>\n<p>Elle int\u00e8gre un noyau FLEXO BlackEVA \u00e0 haute densit\u00e9, combin\u00e9 avec les fibres exclusives FlexSHIELD 3K, offrant une r\u00e9ponse in\u00e9gal\u00e9e en termes de contr\u00f4le et de durabilit\u00e9. Ce design procure une sensation solide \u00e0 chaque impact, s&rsquo;adaptant aux besoins des joueurs les plus exigeants. Son cadre fabriqu\u00e9 \u00e0 100% en carbone EXO COUNTER renforce la structure, assurant une rigidit\u00e9 accrue et une dur\u00e9e de vie prolong\u00e9e, m\u00eame dans les conditions de jeu les plus exigeantes.<\/p>\n<p>Le syst\u00e8me avanc\u00e9 VIBRA-OUT Tournament se distingue par sa capacit\u00e9 \u00e0 r\u00e9duire de 40% les vibrations g\u00e9n\u00e9r\u00e9es lors de la frappe de la balle, am\u00e9liorant le confort et minimisant le risque de blessures. Le Tournament Pro vous permettra non seulement d&rsquo;\u00e9lever votre jeu au niveau sup\u00e9rieur, mais garantira \u00e9galement des performances constantes, point apr\u00e8s point.<\/p>\n<p>Poids : 350-360 g.<\/p>\n<ul class=\"featuresul\">\n<li>Poids : 350 &#8211; 360 gr<\/li>\n<li>Forme: hybride<\/li>\n<li>Gamme : haut de gamme &#8211; professionnel<\/li>\n<li>Noyau : EVA NOIR<\/li>\n<li>Face : fibre de carbone 3k<\/li>\n<li>Cadre : fibre de carbone<\/li>\n<li>\u00c9paisseur : 38 mm<\/li>\n<li>\u00c9quilibre: bas<\/li>\n<li>Inclus une housse : oui<\/li>\n<li>Tubulaire 100% Fibre de carbone \/ Plat 75% Fibre de verre, 25% Fibre de carbone 3K \/ Rembourr\u00e9 100% EVA<\/li>\n<\/ul>\n","protected":false},"excerpt":{"rendered":"<p>Raquette de padel Tournament Pro, mod\u00e8le de conception hybride, con\u00e7u pour offrir un \u00e9quilibre parfait entre contr\u00f4le et puissance. Id\u00e9al pour les joueurs \u00e0 la recherche de pr\u00e9cision et de ma\u00eetrise \u00e0 chaque coup, cette raquette garantit des performances exceptionnelles sur le terrain.<\/p>\n","protected":false},"featured_media":33057,"template":"","meta":[],"product_brand":[],"product_cat":[291],"product_tag":[],"class_list":{"0":"post-31246","1":"product","2":"type-product","3":"status-publish","4":"has-post-thumbnail","6":"product_cat-raquettes","7":"pa_couleur-navy-blue-red","8":"pa_taille-one-size","10":"first","11":"instock","12":"sale","13":"purchasable","14":"product-type-simple"},"_links":{"self":[{"href":"https:\/\/accrosport.tn\/index.php\/wp-json\/wp\/v2\/product\/31246","targetHints":{"allow":["GET"]}}],"collection":[{"href":"https:\/\/accrosport.tn\/index.php\/wp-json\/wp\/v2\/product"}],"about":[{"href":"https:\/\/accrosport.tn\/index.php\/wp-json\/wp\/v2\/types\/product"}],"wp:featuredmedia":[{"embeddable":true,"href":"https:\/\/accrosport.tn\/index.php\/wp-json\/wp\/v2\/media\/33057"}],"wp:attachment":[{"href":"https:\/\/accrosport.tn\/index.php\/wp-json\/wp\/v2\/media?parent=31246"}],"wp:term":[{"taxonomy":"product_brand","embeddable":true,"href":"https:\/\/accrosport.tn\/index.php\/wp-json\/wp\/v2\/product_brand?post=31246"},{"taxonomy":"product_cat","embeddable":true,"href":"https:\/\/accrosport.tn\/index.php\/wp-json\/wp\/v2\/product_cat?post=31246"},{"taxonomy":"product_tag","embeddable":true,"href":"https:\/\/accrosport.tn\/index.php\/wp-json\/wp\/v2\/product_tag?post=31246"}],"curies":[{"name":"wp","href":"https:\/\/api.w.org\/{rel}","templated":true}]}}