{"id":31245,"date":"2025-10-01T10:01:22","date_gmt":"2025-10-01T10:01:22","guid":{"rendered":"https:\/\/accrosport.tn\/index.php\/product\/pala-de-padel-slam-pro-gris-claro-negro\/"},"modified":"2026-01-17T08:18:32","modified_gmt":"2026-01-17T08:18:32","slug":"pala-de-padel-slam-pro-gris-claro-negro","status":"publish","type":"product","link":"https:\/\/accrosport.tn\/index.php\/product\/pala-de-padel-slam-pro-gris-claro-negro\/","title":{"rendered":"Raquette de padel Slam Pro gris clair noir"},"content":{"rendered":"<p>Raquette de padel Slam Pro, mod\u00e8le con\u00e7u en forme de diamant qui se distingue par sa combinaison exceptionnelle de puissance et de contr\u00f4le, ce qui en fait une raquette tr\u00e8s polyvalente. Sa polyvalence est id\u00e9ale pour les joueurs experts qui cherchent \u00e0 d\u00e9finir des points cl\u00e9s et \u00e0 tirer le meilleur parti de chaque situation de jeu, que ce soit dans des attaques percutantes ou des d\u00e9fenses strat\u00e9giques.<\/p>\n<p>Le noyau FLEXO BlackEVA de haute densit\u00e9, associ\u00e9 aux fibres FlexSHIELD 3K, garantit une performance sup\u00e9rieure \u00e0 chaque coup. Ce design offre une sensation ferme et pr\u00e9cise lors de l&rsquo;impact de la balle, assurant un contr\u00f4le exceptionnel et une r\u00e9ponse imm\u00e9diate. Le cadre, fabriqu\u00e9 \u00e0 100% en carbone EXO COUNTER, ajoute durabilit\u00e9 et rigidit\u00e9 \u00e0 la structure, permettant \u00e0 la raquette de r\u00e9sister aux exigences des jeux les plus intenses et prolong\u00e9s.<\/p>\n<p>De plus, la Slam Pro int\u00e8gre le syst\u00e8me avanc\u00e9 VIBRA-OUT Slam, qui r\u00e9duit jusqu&rsquo;\u00e0 40% les vibrations g\u00e9n\u00e9r\u00e9es lors de la frappe, am\u00e9liorant le confort et r\u00e9duisant le risque de fatigue ou de blessures au bras. Con\u00e7ue pour les joueurs aspirant au plus haut niveau, cette raquette est une alli\u00e9e parfaite pour ceux qui cherchent \u00e0 dominer le terrain avec style et efficacit\u00e9.<\/p>\n<p>Poids : 355-360 g.<\/p>\n<ul class=\"featuresul\">\n<li>Poids : 355 &#8211; 360 gr<\/li>\n<li>Forme : diamant<\/li>\n<li>Gamme : haut de gamme &#8211; professionnel<\/li>\n<li>Noyau : EVA NOIR<\/li>\n<li>Face : fibre de carbone 3k<\/li>\n<li>Cadre : fibre de carbone<\/li>\n<li>Tubulaire 100% Fibre de carbone \/ Plat 75% Fibre de verre, 25% Fibre de carbone 3K \/ Rembourr\u00e9 100% EVA<\/li>\n<\/ul>\n","protected":false},"excerpt":{"rendered":"<p>Raquette de padel Slam Pro, mod\u00e8le con\u00e7u en forme de diamant qui se distingue par sa combinaison exceptionnelle de puissance et de contr\u00f4le, ce qui en fait une raquette tr\u00e8s polyvalente. Sa polyvalence est id\u00e9ale pour les joueurs experts qui cherchent \u00e0 d\u00e9finir des points cl\u00e9s et \u00e0 tirer le meilleur parti de chaque situation de jeu, que ce soit dans des attaques percutantes ou des d\u00e9fenses strat\u00e9giques.<\/p>\n","protected":false},"featured_media":33052,"template":"","meta":[],"product_brand":[],"product_cat":[282,291],"product_tag":[],"class_list":{"0":"post-31245","1":"product","2":"type-product","3":"status-publish","4":"has-post-thumbnail","6":"product_cat-padel-accessoires","7":"product_cat-raquettes","8":"pa_couleur-light-gray-black","9":"pa_taille-one-size","11":"first","12":"instock","13":"sale","14":"purchasable","15":"product-type-simple"},"_links":{"self":[{"href":"https:\/\/accrosport.tn\/index.php\/wp-json\/wp\/v2\/product\/31245","targetHints":{"allow":["GET"]}}],"collection":[{"href":"https:\/\/accrosport.tn\/index.php\/wp-json\/wp\/v2\/product"}],"about":[{"href":"https:\/\/accrosport.tn\/index.php\/wp-json\/wp\/v2\/types\/product"}],"wp:featuredmedia":[{"embeddable":true,"href":"https:\/\/accrosport.tn\/index.php\/wp-json\/wp\/v2\/media\/33052"}],"wp:attachment":[{"href":"https:\/\/accrosport.tn\/index.php\/wp-json\/wp\/v2\/media?parent=31245"}],"wp:term":[{"taxonomy":"product_brand","embeddable":true,"href":"https:\/\/accrosport.tn\/index.php\/wp-json\/wp\/v2\/product_brand?post=31245"},{"taxonomy":"product_cat","embeddable":true,"href":"https:\/\/accrosport.tn\/index.php\/wp-json\/wp\/v2\/product_cat?post=31245"},{"taxonomy":"product_tag","embeddable":true,"href":"https:\/\/accrosport.tn\/index.php\/wp-json\/wp\/v2\/product_tag?post=31245"}],"curies":[{"name":"wp","href":"https:\/\/api.w.org\/{rel}","templated":true}]}}