{"id":31244,"date":"2025-10-01T10:01:22","date_gmt":"2025-10-01T10:01:22","guid":{"rendered":"https:\/\/accrosport.tn\/index.php\/product\/s-island-men-2302-blanco-marin\/"},"modified":"2025-10-03T14:42:57","modified_gmt":"2025-10-03T14:42:57","slug":"s-island-men-2302-blanco-marin","status":"publish","type":"product","link":"https:\/\/accrosport.tn\/index.php\/product\/s-island-men-2302-blanco-marin\/","title":{"rendered":"Tongs pour homme ISLAND SISLAS2302"},"content":{"rendered":"<p>Tongs pour homme au design tendance, con\u00e7ues pour aller \u00e0 la piscine ou \u00e0 la plage, alliant confort et l\u00e9g\u00e8ret\u00e9. La semelle int\u00e9rieure moul\u00e9e \u00e9pouse la forme du pied pour une marche confortable.<br \/>\nLeur bande sup\u00e9rieure, orn\u00e9e d&rsquo;un motif en relief et du logo Joma, am\u00e9liore le maintien du pied.<\/p>\n<p>Enti\u00e8rement fabriqu\u00e9es en mati\u00e8re synth\u00e9tique durable, elles sont dot\u00e9es d&rsquo;une semelle int\u00e9rieure moul\u00e9e pour un confort optimal. Profitez d&rsquo;une bonne adh\u00e9rence pour \u00e9viter les glissades et les chutes.<\/p>\n<p>Facile \u00e0 nettoyer et s\u00e9chage rapide.<\/p>\n","protected":false},"excerpt":{"rendered":"<p>Tongs pour homme au design tendance, con\u00e7ues pour aller \u00e0 la piscine ou \u00e0 la plage, alliant confort et l\u00e9g\u00e8ret\u00e9. La semelle int\u00e9rieure moul\u00e9e \u00e9pouse la forme du pied pour une marche confortable.<\/p>\n","protected":false},"featured_media":33047,"template":"","meta":[],"product_brand":[],"product_cat":[61,33,158,88],"product_tag":[],"class_list":{"0":"post-31244","1":"product","2":"type-product","3":"status-publish","4":"has-post-thumbnail","6":"product_cat-chaussures-homme","7":"product_cat-homme","8":"product_cat-nouvelle-collection","9":"product_cat-tongs-et-claquettes-chaussures-homme","10":"pa_couleur-white-navy-blue","11":"pa_taille-651","13":"first","14":"instock","15":"purchasable","16":"product-type-simple"},"_links":{"self":[{"href":"https:\/\/accrosport.tn\/index.php\/wp-json\/wp\/v2\/product\/31244","targetHints":{"allow":["GET"]}}],"collection":[{"href":"https:\/\/accrosport.tn\/index.php\/wp-json\/wp\/v2\/product"}],"about":[{"href":"https:\/\/accrosport.tn\/index.php\/wp-json\/wp\/v2\/types\/product"}],"wp:featuredmedia":[{"embeddable":true,"href":"https:\/\/accrosport.tn\/index.php\/wp-json\/wp\/v2\/media\/33047"}],"wp:attachment":[{"href":"https:\/\/accrosport.tn\/index.php\/wp-json\/wp\/v2\/media?parent=31244"}],"wp:term":[{"taxonomy":"product_brand","embeddable":true,"href":"https:\/\/accrosport.tn\/index.php\/wp-json\/wp\/v2\/product_brand?post=31244"},{"taxonomy":"product_cat","embeddable":true,"href":"https:\/\/accrosport.tn\/index.php\/wp-json\/wp\/v2\/product_cat?post=31244"},{"taxonomy":"product_tag","embeddable":true,"href":"https:\/\/accrosport.tn\/index.php\/wp-json\/wp\/v2\/product_tag?post=31244"}],"curies":[{"name":"wp","href":"https:\/\/api.w.org\/{rel}","templated":true}]}}