{"id":31098,"date":"2025-09-30T11:46:08","date_gmt":"2025-09-30T11:46:08","guid":{"rendered":"https:\/\/accrosport.tn\/index.php\/product\/gorra-running-night-multicolor\/"},"modified":"2026-03-11T12:46:29","modified_gmt":"2026-03-11T12:46:29","slug":"gorra-running-night-multicolor","status":"publish","type":"product","link":"https:\/\/accrosport.tn\/index.php\/product\/gorra-running-night-multicolor\/","title":{"rendered":"Gorra Running Night Multicolor JOMA"},"content":{"rendered":"<p>Casquette avec technologie Micro-Mesh pour augmenter la ventilation, avec fermeture arri\u00e8re adh\u00e9sive r\u00e9glable et design avec bande r\u00e9fl\u00e9chissante dans la partie de la fermeture. Impression du logo J et JOMA en caoutchouc.<\/p>\n<ul class=\"featuresul\">\n<li>Tissu l\u00e9ger et respirant<\/li>\n<li>Technologie Micro-Mesh dans les zones qui transpirent le plus<\/li>\n<li>Limite les mauvaises odeurs<\/li>\n<li>Fermeture adh\u00e9sive<\/li>\n<li>D\u00e9tails \u00e0 effet r\u00e9fl\u00e9chissant<\/li>\n<li>100% Polyester<\/li>\n<\/ul>\n","protected":false},"excerpt":{"rendered":"<p>Casquette de running \u00e0 fermeture r\u00e9glable et bande r\u00e9fl\u00e9chissante pour une meilleure visibilit\u00e9. Int\u00e9rieur en tissu respirant pour absorber la transpiration pendant la course.<\/p>\n","protected":false},"featured_media":33632,"template":"","meta":[],"product_brand":[],"product_cat":[45,807],"product_tag":[],"class_list":{"0":"post-31098","1":"product","2":"type-product","3":"status-publish","4":"has-post-thumbnail","6":"product_cat-accessoires","7":"product_cat-casquettes","8":"pa_couleur-multi-color","9":"pa_taille-sr","11":"first","12":"instock","13":"purchasable","14":"product-type-simple"},"_links":{"self":[{"href":"https:\/\/accrosport.tn\/index.php\/wp-json\/wp\/v2\/product\/31098","targetHints":{"allow":["GET"]}}],"collection":[{"href":"https:\/\/accrosport.tn\/index.php\/wp-json\/wp\/v2\/product"}],"about":[{"href":"https:\/\/accrosport.tn\/index.php\/wp-json\/wp\/v2\/types\/product"}],"wp:featuredmedia":[{"embeddable":true,"href":"https:\/\/accrosport.tn\/index.php\/wp-json\/wp\/v2\/media\/33632"}],"wp:attachment":[{"href":"https:\/\/accrosport.tn\/index.php\/wp-json\/wp\/v2\/media?parent=31098"}],"wp:term":[{"taxonomy":"product_brand","embeddable":true,"href":"https:\/\/accrosport.tn\/index.php\/wp-json\/wp\/v2\/product_brand?post=31098"},{"taxonomy":"product_cat","embeddable":true,"href":"https:\/\/accrosport.tn\/index.php\/wp-json\/wp\/v2\/product_cat?post=31098"},{"taxonomy":"product_tag","embeddable":true,"href":"https:\/\/accrosport.tn\/index.php\/wp-json\/wp\/v2\/product_tag?post=31098"}],"curies":[{"name":"wp","href":"https:\/\/api.w.org\/{rel}","templated":true}]}}