{"id":31085,"date":"2025-09-30T11:46:08","date_gmt":"2025-09-30T11:46:08","guid":{"rendered":"https:\/\/accrosport.tn\/index.php\/product\/camiseta-manga-corta-lion-ii-rojo\/"},"modified":"2025-10-03T13:30:46","modified_gmt":"2025-10-03T13:30:46","slug":"camiseta-manga-corta-lion-ii-rojo","status":"publish","type":"product","link":"https:\/\/accrosport.tn\/index.php\/product\/camiseta-manga-corta-lion-ii-rojo\/","title":{"rendered":"Maillot manches courtes homme Lion II rouge"},"content":{"rendered":"<p>T-shirt \u00e0 manches courtes pour homme. Il s&rsquo;agit d&rsquo;un t-shirt l\u00e9ger, polyvalent, tr\u00e8s confortable pour toutes activit\u00e9s physiques. Il offre les avantages de base pour atteindre des performances maximales lors de vos entra\u00eenements.<\/p>\n<p>Il pr\u00e9sente un col rond en tissu de base avec un \u00e9lastique int\u00e9rieur pour am\u00e9liorer l&rsquo;ajustement et pr\u00e9venir les irritations de la peau.<\/p>\n<p>En ce qui concerne la fabrication, il a \u00e9t\u00e9 confectionn\u00e9 avec un tissu l\u00e9ger, respirant, tr\u00e8s r\u00e9sistant \u00e0 l&rsquo;usure, aux frottements et aux lavages. Avec des mat\u00e9riaux qui r\u00e9gulent l&rsquo;accumulation d&rsquo;humidit\u00e9 pour que le joueur de football puisse profiter d&rsquo;une sensation de confort incroyable. De plus, il garantit la libert\u00e9 de mouvement \u00e0 tout moment.<\/p>\n<p>Il se distingue par l&rsquo;imprim\u00e9 frontal, qui cr\u00e9e une sensation de mouvement.<\/p>\n<p>Logo Joma brod\u00e9.<\/p>\n<ul class=\"featuresul\">\n<li>Manches courtes<\/li>\n<li>Col rond<\/li>\n<li>Coutures plates Flatlock sur les \u00e9paules<\/li>\n<li>Avant sublim\u00e9<\/li>\n<li>Libert\u00e9 de mouvement<\/li>\n<li>Type de coupe : semi fitted<\/li>\n<li>100% Polyester<\/li>\n<\/ul>\n","protected":false},"excerpt":{"rendered":"<div class=\"container product-detail product-wrapper\" data-product-url=\"https:\/\/www.joma-sport.com\/on\/demandware.store\/Sites-joma_eu-Site\/fr_FR\/Product-Show?pid=%24product%24\" data-sizebay-tenantid=\"3356\" data-pid=\"103729.600\">\n<div class=\"row\">\n<div class=\"product-container-information contentPDP-right\">\n<div class=\"product-sticky\">\n<div class=\"short-description\">\n<div class=\"text-short-description\">T-shirt \u00e0 manches courtes pour homme. Son design l\u00e9ger et polyvalent garantit confort et performance \u00e0 chaque entra\u00eenement. Avec un col rond et une protection \u00e9lastique int\u00e9rieure, il offre un ajustement parfait et pr\u00e9vient les frottements. Fabriqu\u00e9 dans un tissu r\u00e9sistant \u00e0 l&rsquo;usure et respirant.<\/div>\n<\/div>\n<\/div>\n<\/div>\n<\/div>\n<\/div>\n<div class=\"container product-detail \">\n<div class=\"row\">\n<div class=\"col-sm-12\">\n<div id=\"cq_recomm_slot-4432818939b95f78a018708f9e\">\n<div class=\"recommendations completeSet\"><\/div>\n<\/div>\n<\/div>\n<\/div>\n<\/div>\n","protected":false},"featured_media":33083,"template":"","meta":[],"product_brand":[],"product_cat":[33,63],"product_tag":[],"class_list":{"0":"post-31085","1":"product","2":"type-product","3":"status-publish","4":"has-post-thumbnail","6":"product_cat-homme","7":"product_cat-polos-et-t-shirt-homme","8":"pa_couleur-red","9":"pa_taille-2xl","10":"pa_taille-l","11":"pa_taille-m","12":"pa_taille-s","13":"pa_taille-xl","14":"pa_taille-xs","16":"first","17":"outofstock","18":"purchasable","19":"product-type-variable"},"_links":{"self":[{"href":"https:\/\/accrosport.tn\/index.php\/wp-json\/wp\/v2\/product\/31085","targetHints":{"allow":["GET"]}}],"collection":[{"href":"https:\/\/accrosport.tn\/index.php\/wp-json\/wp\/v2\/product"}],"about":[{"href":"https:\/\/accrosport.tn\/index.php\/wp-json\/wp\/v2\/types\/product"}],"wp:featuredmedia":[{"embeddable":true,"href":"https:\/\/accrosport.tn\/index.php\/wp-json\/wp\/v2\/media\/33083"}],"wp:attachment":[{"href":"https:\/\/accrosport.tn\/index.php\/wp-json\/wp\/v2\/media?parent=31085"}],"wp:term":[{"taxonomy":"product_brand","embeddable":true,"href":"https:\/\/accrosport.tn\/index.php\/wp-json\/wp\/v2\/product_brand?post=31085"},{"taxonomy":"product_cat","embeddable":true,"href":"https:\/\/accrosport.tn\/index.php\/wp-json\/wp\/v2\/product_cat?post=31085"},{"taxonomy":"product_tag","embeddable":true,"href":"https:\/\/accrosport.tn\/index.php\/wp-json\/wp\/v2\/product_tag?post=31085"}],"curies":[{"name":"wp","href":"https:\/\/api.w.org\/{rel}","templated":true}]}}