{"id":31075,"date":"2025-09-30T11:46:04","date_gmt":"2025-09-30T11:46:04","guid":{"rendered":"https:\/\/accrosport.tn\/index.php\/product\/j-tornado-jr-2518-white-gold\/"},"modified":"2026-03-10T19:17:41","modified_gmt":"2026-03-10T19:17:41","slug":"j-tornado-jr-2518-white-gold","status":"publish","type":"product","link":"https:\/\/accrosport.tn\/index.php\/product\/j-tornado-jr-2518-white-gold\/","title":{"rendered":"Chaussures casual J.Tornado Jr 25 junior blanc or"},"content":{"rendered":"<p>Chaussures d\u00e9contract\u00e9es pour gar\u00e7ons et filles. Ce mod\u00e8le sportif allie confort et style, id\u00e9al pour une utilisation quotidienne des plus petits gr\u00e2ce \u00e0 sa conception l\u00e9g\u00e8re et fonctionnelle.<\/p>\n<p>La coupe est confectionn\u00e9e en mesh respirant, favorisant la ventilation du pied, associ\u00e9e \u00e0 un syst\u00e8me de protection thermoscell\u00e9 offrant une r\u00e9sistance et un maintien accrus.<\/p>\n<p>La semelle est fabriqu\u00e9e en phylon, un mat\u00e9riau l\u00e9ger et flexible offrant une bonne capacit\u00e9 d&rsquo;absorption des chocs, garantissant une marche confortable et amortie \u00e0 chaque pas.<\/p>\n<ul class=\"featuresul\">\n<li>Empeigne en cuir synth\u00e9tique avec maille respirante VTS<\/li>\n<li>Semelle en phylon avec une bonne combinaison entre amorti et stabilit\u00e9<\/li>\n<\/ul>\n","protected":false},"excerpt":{"rendered":"<p>Chaussures d\u00e9contract\u00e9es pour gar\u00e7ons et filles. Ce mod\u00e8le sportif allie confort et style, id\u00e9al pour une utilisation quotidienne des plus petits gr\u00e2ce \u00e0 sa conception l\u00e9g\u00e8re et fonctionnelle.<\/p>\n","protected":false},"featured_media":33095,"template":"","meta":[],"product_brand":[],"product_cat":[84,69,49,15],"product_tag":[],"class_list":{"0":"post-31075","1":"product","2":"type-product","3":"status-publish","4":"has-post-thumbnail","6":"product_cat-casual-chaussures-enfant","7":"product_cat-chaussures-enfant","8":"product_cat-enfant","9":"product_cat-fitness","10":"pa_couleur-white-gold","11":"pa_taille-674","12":"pa_taille-676","13":"pa_taille-678","14":"pa_taille-682","15":"pa_taille-671","16":"pa_taille-667","17":"pa_taille-668","18":"pa_taille-669","19":"pa_taille-670","21":"first","22":"outofstock","23":"sale","24":"purchasable","25":"product-type-variable"},"_links":{"self":[{"href":"https:\/\/accrosport.tn\/index.php\/wp-json\/wp\/v2\/product\/31075","targetHints":{"allow":["GET"]}}],"collection":[{"href":"https:\/\/accrosport.tn\/index.php\/wp-json\/wp\/v2\/product"}],"about":[{"href":"https:\/\/accrosport.tn\/index.php\/wp-json\/wp\/v2\/types\/product"}],"wp:featuredmedia":[{"embeddable":true,"href":"https:\/\/accrosport.tn\/index.php\/wp-json\/wp\/v2\/media\/33095"}],"wp:attachment":[{"href":"https:\/\/accrosport.tn\/index.php\/wp-json\/wp\/v2\/media?parent=31075"}],"wp:term":[{"taxonomy":"product_brand","embeddable":true,"href":"https:\/\/accrosport.tn\/index.php\/wp-json\/wp\/v2\/product_brand?post=31075"},{"taxonomy":"product_cat","embeddable":true,"href":"https:\/\/accrosport.tn\/index.php\/wp-json\/wp\/v2\/product_cat?post=31075"},{"taxonomy":"product_tag","embeddable":true,"href":"https:\/\/accrosport.tn\/index.php\/wp-json\/wp\/v2\/product_tag?post=31075"}],"curies":[{"name":"wp","href":"https:\/\/api.w.org\/{rel}","templated":true}]}}