{"id":31057,"date":"2025-09-30T11:45:59","date_gmt":"2025-09-30T11:45:59","guid":{"rendered":"https:\/\/accrosport.tn\/index.php\/product\/platea-low-jr-2525-blanco-amarillo\/"},"modified":"2025-10-03T14:03:14","modified_gmt":"2025-10-03T14:03:14","slug":"platea-low-jr-2525-blanco-amarillo","status":"publish","type":"product","link":"https:\/\/accrosport.tn\/index.php\/product\/platea-low-jr-2525-blanco-amarillo\/","title":{"rendered":"Chaussures casual Platea Low Jr 25 junior blanc jaune"},"content":{"rendered":"<ul class=\"featuresul\">\n<li>Dessus en cuir synth\u00e9tique avec syst\u00e8me de ventilation VTS<\/li>\n<li>Semelle ext\u00e9rieure DURABILITY en caoutchouc<\/li>\n<\/ul>\n","protected":false},"excerpt":{"rendered":"<p>Dessus en cuir synth\u00e9tique avec syst\u00e8me de ventilation VTS Semelle ext\u00e9rieure DURABILITY en caoutchouc<\/p>\n","protected":false},"featured_media":33099,"template":"","meta":[],"product_brand":[],"product_cat":[80,57,42],"product_tag":[],"class_list":{"0":"post-31057","1":"product","2":"type-product","3":"status-publish","4":"has-post-thumbnail","6":"product_cat-chaussures-casual-femme-tunisie","7":"product_cat-chaussures","8":"product_cat-femme","9":"pa_couleur-white-yellow","10":"pa_taille-671","11":"pa_taille-667","12":"pa_taille-668","13":"pa_taille-669","14":"pa_taille-670","15":"pa_taille-641","16":"pa_taille-643","17":"pa_taille-655","19":"first","20":"outofstock","21":"sale","22":"purchasable","23":"product-type-variable"},"_links":{"self":[{"href":"https:\/\/accrosport.tn\/index.php\/wp-json\/wp\/v2\/product\/31057","targetHints":{"allow":["GET"]}}],"collection":[{"href":"https:\/\/accrosport.tn\/index.php\/wp-json\/wp\/v2\/product"}],"about":[{"href":"https:\/\/accrosport.tn\/index.php\/wp-json\/wp\/v2\/types\/product"}],"wp:featuredmedia":[{"embeddable":true,"href":"https:\/\/accrosport.tn\/index.php\/wp-json\/wp\/v2\/media\/33099"}],"wp:attachment":[{"href":"https:\/\/accrosport.tn\/index.php\/wp-json\/wp\/v2\/media?parent=31057"}],"wp:term":[{"taxonomy":"product_brand","embeddable":true,"href":"https:\/\/accrosport.tn\/index.php\/wp-json\/wp\/v2\/product_brand?post=31057"},{"taxonomy":"product_cat","embeddable":true,"href":"https:\/\/accrosport.tn\/index.php\/wp-json\/wp\/v2\/product_cat?post=31057"},{"taxonomy":"product_tag","embeddable":true,"href":"https:\/\/accrosport.tn\/index.php\/wp-json\/wp\/v2\/product_tag?post=31057"}],"curies":[{"name":"wp","href":"https:\/\/api.w.org\/{rel}","templated":true}]}}