{"id":31048,"date":"2025-09-30T11:45:59","date_gmt":"2025-09-30T11:45:59","guid":{"rendered":"https:\/\/accrosport.tn\/index.php\/product\/platea-low-jr-2515-blanco-verde\/"},"modified":"2026-02-24T09:15:14","modified_gmt":"2026-02-24T09:15:14","slug":"platea-low-jr-2515-blanco-verde","status":"publish","type":"product","link":"https:\/\/accrosport.tn\/index.php\/product\/platea-low-jr-2515-blanco-verde\/","title":{"rendered":"Chaussures casual Platea Low Jr 25 junior blanc vert"},"content":{"rendered":"<ul class=\"featuresul\">\n<li>Dessus en cuir synth\u00e9tique avec syst\u00e8me de ventilation VTS<\/li>\n<li>Semelle ext\u00e9rieure DURABILITY en caoutchouc<\/li>\n<\/ul>\n","protected":false},"excerpt":{"rendered":"<p>Dessus en cuir synth\u00e9tique avec syst\u00e8me de ventilation VTS Semelle ext\u00e9rieure DURABILITY en caoutchouc<\/p>\n","protected":false},"featured_media":33097,"template":"","meta":[],"product_brand":[],"product_cat":[84,69,49,15],"product_tag":[],"class_list":{"0":"post-31048","1":"product","2":"type-product","3":"status-publish","4":"has-post-thumbnail","6":"product_cat-casual-chaussures-enfant","7":"product_cat-chaussures-enfant","8":"product_cat-enfant","9":"product_cat-fitness","10":"pa_couleur-white-green","11":"pa_taille-671","12":"pa_taille-667","13":"pa_taille-668","14":"pa_taille-669","15":"pa_taille-670","16":"pa_taille-641","17":"pa_taille-643","18":"pa_taille-655","20":"first","21":"outofstock","22":"sale","23":"purchasable","24":"product-type-variable"},"_links":{"self":[{"href":"https:\/\/accrosport.tn\/index.php\/wp-json\/wp\/v2\/product\/31048","targetHints":{"allow":["GET"]}}],"collection":[{"href":"https:\/\/accrosport.tn\/index.php\/wp-json\/wp\/v2\/product"}],"about":[{"href":"https:\/\/accrosport.tn\/index.php\/wp-json\/wp\/v2\/types\/product"}],"wp:featuredmedia":[{"embeddable":true,"href":"https:\/\/accrosport.tn\/index.php\/wp-json\/wp\/v2\/media\/33097"}],"wp:attachment":[{"href":"https:\/\/accrosport.tn\/index.php\/wp-json\/wp\/v2\/media?parent=31048"}],"wp:term":[{"taxonomy":"product_brand","embeddable":true,"href":"https:\/\/accrosport.tn\/index.php\/wp-json\/wp\/v2\/product_brand?post=31048"},{"taxonomy":"product_cat","embeddable":true,"href":"https:\/\/accrosport.tn\/index.php\/wp-json\/wp\/v2\/product_cat?post=31048"},{"taxonomy":"product_tag","embeddable":true,"href":"https:\/\/accrosport.tn\/index.php\/wp-json\/wp\/v2\/product_tag?post=31048"}],"curies":[{"name":"wp","href":"https:\/\/api.w.org\/{rel}","templated":true}]}}