{"id":31038,"date":"2025-09-30T11:45:53","date_gmt":"2025-09-30T11:45:53","guid":{"rendered":"https:\/\/accrosport.tn\/index.php\/product\/origen-jr-2508-green\/"},"modified":"2025-10-03T14:22:42","modified_gmt":"2025-10-03T14:22:42","slug":"origen-jr-2508-green","status":"publish","type":"product","link":"https:\/\/accrosport.tn\/index.php\/product\/origen-jr-2508-green\/","title":{"rendered":"Chaussures casual Origen Jr 25 junior vert"},"content":{"rendered":"<ul class=\"featuresul\">\n<li>Empeigne en cuir synth\u00e9tique avec maille respirante VTS<\/li>\n<li>Semelle interm\u00e9diaire confortable<\/li>\n<li>Semelle ext\u00e9rieure DURABILITY en caoutchouc<\/li>\n<\/ul>\n","protected":false},"excerpt":{"rendered":"<p>Empeigne en cuir synth\u00e9tique avec maille respirante VTS Semelle interm\u00e9diaire confortable Semelle ext\u00e9rieure DURABILITY en caoutchouc<\/p>\n","protected":false},"featured_media":33121,"template":"","meta":[],"product_brand":[],"product_cat":[84,69,49],"product_tag":[],"class_list":{"0":"post-31038","1":"product","2":"type-product","3":"status-publish","4":"has-post-thumbnail","6":"product_cat-casual-chaussures-enfant","7":"product_cat-chaussures-enfant","8":"product_cat-enfant","9":"pa_couleur-green","10":"pa_taille-674","11":"pa_taille-676","12":"pa_taille-678","13":"pa_taille-682","14":"pa_taille-671","15":"pa_taille-667","16":"pa_taille-668","17":"pa_taille-669","18":"pa_taille-670","20":"first","21":"outofstock","22":"sale","23":"purchasable","24":"product-type-variable"},"_links":{"self":[{"href":"https:\/\/accrosport.tn\/index.php\/wp-json\/wp\/v2\/product\/31038","targetHints":{"allow":["GET"]}}],"collection":[{"href":"https:\/\/accrosport.tn\/index.php\/wp-json\/wp\/v2\/product"}],"about":[{"href":"https:\/\/accrosport.tn\/index.php\/wp-json\/wp\/v2\/types\/product"}],"wp:featuredmedia":[{"embeddable":true,"href":"https:\/\/accrosport.tn\/index.php\/wp-json\/wp\/v2\/media\/33121"}],"wp:attachment":[{"href":"https:\/\/accrosport.tn\/index.php\/wp-json\/wp\/v2\/media?parent=31038"}],"wp:term":[{"taxonomy":"product_brand","embeddable":true,"href":"https:\/\/accrosport.tn\/index.php\/wp-json\/wp\/v2\/product_brand?post=31038"},{"taxonomy":"product_cat","embeddable":true,"href":"https:\/\/accrosport.tn\/index.php\/wp-json\/wp\/v2\/product_cat?post=31038"},{"taxonomy":"product_tag","embeddable":true,"href":"https:\/\/accrosport.tn\/index.php\/wp-json\/wp\/v2\/product_tag?post=31038"}],"curies":[{"name":"wp","href":"https:\/\/api.w.org\/{rel}","templated":true}]}}