{"id":31028,"date":"2025-09-30T11:45:53","date_gmt":"2025-09-30T11:45:53","guid":{"rendered":"https:\/\/accrosport.tn\/index.php\/product\/3080-jr-2532-white-pink\/"},"modified":"2025-12-18T06:35:34","modified_gmt":"2025-12-18T06:35:34","slug":"3080-jr-2532-white-pink","status":"publish","type":"product","link":"https:\/\/accrosport.tn\/index.php\/product\/3080-jr-2532-white-pink\/","title":{"rendered":"Chaussures casual 3080 Jr 2532 junior blanc rose"},"content":{"rendered":"<p>Chaussures de sport pour enfant. Mod\u00e8le qui combine fonctionnalit\u00e9, style et polyvalence, ce qui les rend id\u00e9ales pour le quotidien des plus petits.<\/p>\n<p>Tige construite en cuir synth\u00e9tique, un mat\u00e9riau r\u00e9sistant et durable.<\/p>\n<p>La semelle, fabriqu\u00e9e en caoutchouc DURABILITY r\u00e9sistant, offre une excellente adh\u00e9rence sur n&rsquo;importe quelle surface, que ce soit dans la cour de l&rsquo;\u00e9cole ou lors d&rsquo;une journ\u00e9e de jeux.<\/p>\n<p>De plus, la semelle interm\u00e9diaire en Phylon offre un amorti l\u00e9ger et flexible, id\u00e9al pour prot\u00e9ger les pieds des petits pendant leurs aventures quotidiennes.<\/p>\n<p>Elles disposent d&rsquo;une fermeture \u00e0 lacets et d&rsquo;une fermeture velcro, ce qui ajoute une fonctionnalit\u00e9 suppl\u00e9mentaire \u00e0 ces chaussures.<\/p>\n<ul class=\"featuresul\">\n<li>Semelle interm\u00e9diaire en phylon<\/li>\n<li>Semelle ext\u00e9rieure DURABILITY en caoutchouc<\/li>\n<\/ul>\n","protected":false},"excerpt":{"rendered":"<p>Chaussures de sport pour enfant. Mod\u00e8le qui combine fonctionnalit\u00e9, style et polyvalence, ce qui les rend id\u00e9ales pour le quotidien des plus petits. Tige construite en cuir synth\u00e9tique, un mat\u00e9riau r\u00e9sistant et durable. La semelle, fabriqu\u00e9e en caoutchouc DURABILITY r\u00e9sistant, offre une excellente adh\u00e9rence sur n&rsquo;importe quelle surface, que ce soit dans la cour de [&hellip;]<\/p>\n","protected":false},"featured_media":33115,"template":"","meta":[],"product_brand":[],"product_cat":[84,69,49],"product_tag":[],"class_list":{"0":"post-31028","1":"product","2":"type-product","3":"status-publish","4":"has-post-thumbnail","6":"product_cat-casual-chaussures-enfant","7":"product_cat-chaussures-enfant","8":"product_cat-enfant","9":"pa_couleur-white-pink","10":"pa_taille-674","11":"pa_taille-676","12":"pa_taille-678","13":"pa_taille-682","14":"pa_taille-671","15":"pa_taille-667","16":"pa_taille-668","17":"pa_taille-669","18":"pa_taille-670","20":"first","21":"outofstock","22":"sale","23":"purchasable","24":"product-type-variable"},"_links":{"self":[{"href":"https:\/\/accrosport.tn\/index.php\/wp-json\/wp\/v2\/product\/31028","targetHints":{"allow":["GET"]}}],"collection":[{"href":"https:\/\/accrosport.tn\/index.php\/wp-json\/wp\/v2\/product"}],"about":[{"href":"https:\/\/accrosport.tn\/index.php\/wp-json\/wp\/v2\/types\/product"}],"wp:featuredmedia":[{"embeddable":true,"href":"https:\/\/accrosport.tn\/index.php\/wp-json\/wp\/v2\/media\/33115"}],"wp:attachment":[{"href":"https:\/\/accrosport.tn\/index.php\/wp-json\/wp\/v2\/media?parent=31028"}],"wp:term":[{"taxonomy":"product_brand","embeddable":true,"href":"https:\/\/accrosport.tn\/index.php\/wp-json\/wp\/v2\/product_brand?post=31028"},{"taxonomy":"product_cat","embeddable":true,"href":"https:\/\/accrosport.tn\/index.php\/wp-json\/wp\/v2\/product_cat?post=31028"},{"taxonomy":"product_tag","embeddable":true,"href":"https:\/\/accrosport.tn\/index.php\/wp-json\/wp\/v2\/product_tag?post=31028"}],"curies":[{"name":"wp","href":"https:\/\/api.w.org\/{rel}","templated":true}]}}