{"id":31016,"date":"2025-09-30T11:45:48","date_gmt":"2025-09-30T11:45:48","guid":{"rendered":"https:\/\/accrosport.tn\/index.php\/product\/challenge-tank-top-green-blue\/"},"modified":"2025-10-03T14:36:52","modified_gmt":"2025-10-03T14:36:52","slug":"challenge-tank-top-green-blue","status":"publish","type":"product","link":"https:\/\/accrosport.tn\/index.php\/product\/challenge-tank-top-green-blue\/","title":{"rendered":"D\u00e9bardeur sans manches femme Challenge vert bleu"},"content":{"rendered":"<p>D\u00e9bardeur pour femme. Mod\u00e8le technique de tennis et de padel \u00e9quip\u00e9 de la technologie de protection solaire. Par cons\u00e9quent, il est parfait pour les matchs et les entra\u00eenements en \u00e9t\u00e9 et au printemps.<\/p>\n<p>Il a un col rond et des bretelles larges. Avec une ouverture dans le dos et des perforations sur les c\u00f4t\u00e9s pour aider \u00e0 la ventilation de la transpiration. Les finitions en coupe laser \u00e9vitent les frottements sur la peau et augmentent le confort de jeu.<\/p>\n<p>Ce d\u00e9bardeur super l\u00e9ger est fabriqu\u00e9 avec un tissu haute performance, tr\u00e8s l\u00e9ger, respirant et \u00e9lastique pour faciliter la libert\u00e9 de mouvement. De plus, il dispose d&rsquo;une protection solaire UV +50 pour les couleurs fonc\u00e9es et +30 pour les couleurs claires. Niveau adapt\u00e9 \u00e0 la quantit\u00e9 de chaleur absorb\u00e9e par le v\u00eatement.<\/p>\n<p>Design sublim\u00e9.<\/p>\n<p>Logo Joma en impression haute densit\u00e9.<\/p>\n<ul class=\"featuresul\">\n<li>Col rond<\/li>\n<li>Dos ouvert<\/li>\n<li>Tissu \u00e9lastique, l\u00e9ger et respirant<\/li>\n<li>Inclut un syst\u00e8me de ventilation dans les zones de transpiration excessive<\/li>\n<li>Finitions d\u00e9coup\u00e9es au laser<\/li>\n<li>Design en sublimation<\/li>\n<li>Type de coupe : semi fitted<\/li>\n<li>90% Polyester, 10% Spandex<\/li>\n<\/ul>\n","protected":false},"excerpt":{"rendered":"<p>D\u00e9bardeur pour femme. Mod\u00e8le technique de tennis et de padel \u00e9quip\u00e9 de la technologie de protection solaire. Par cons\u00e9quent, il est parfait pour les matchs et les entra\u00eenements en \u00e9t\u00e9 et au printemps.<\/p>\n","protected":false},"featured_media":33140,"template":"","meta":[],"product_brand":[],"product_cat":[42,56],"product_tag":[],"class_list":{"0":"post-31016","1":"product","2":"type-product","3":"status-publish","4":"has-post-thumbnail","6":"product_cat-femme","7":"product_cat-polos-et-t-shirt","8":"pa_couleur-verde","9":"pa_taille-l","10":"pa_taille-m","12":"first","13":"outofstock","14":"purchasable","15":"product-type-variable"},"_links":{"self":[{"href":"https:\/\/accrosport.tn\/index.php\/wp-json\/wp\/v2\/product\/31016","targetHints":{"allow":["GET"]}}],"collection":[{"href":"https:\/\/accrosport.tn\/index.php\/wp-json\/wp\/v2\/product"}],"about":[{"href":"https:\/\/accrosport.tn\/index.php\/wp-json\/wp\/v2\/types\/product"}],"wp:featuredmedia":[{"embeddable":true,"href":"https:\/\/accrosport.tn\/index.php\/wp-json\/wp\/v2\/media\/33140"}],"wp:attachment":[{"href":"https:\/\/accrosport.tn\/index.php\/wp-json\/wp\/v2\/media?parent=31016"}],"wp:term":[{"taxonomy":"product_brand","embeddable":true,"href":"https:\/\/accrosport.tn\/index.php\/wp-json\/wp\/v2\/product_brand?post=31016"},{"taxonomy":"product_cat","embeddable":true,"href":"https:\/\/accrosport.tn\/index.php\/wp-json\/wp\/v2\/product_cat?post=31016"},{"taxonomy":"product_tag","embeddable":true,"href":"https:\/\/accrosport.tn\/index.php\/wp-json\/wp\/v2\/product_tag?post=31016"}],"curies":[{"name":"wp","href":"https:\/\/api.w.org\/{rel}","templated":true}]}}