{"id":30973,"date":"2025-09-29T14:34:35","date_gmt":"2025-09-29T14:34:35","guid":{"rendered":"https:\/\/accrosport.tn\/index.php\/product\/open-men-2505-blue\/"},"modified":"2026-02-04T21:41:21","modified_gmt":"2026-02-04T21:41:21","slug":"open-men-2505-blue","status":"publish","type":"product","link":"https:\/\/accrosport.tn\/index.php\/product\/open-men-2505-blue\/","title":{"rendered":"Chaussures Open Men 2505 homme bleu"},"content":{"rendered":"<p>Chaussures sp\u00e9cifiques de padel. Mod\u00e8le am\u00e9lior\u00e9 gr\u00e2ce \u00e0 l&rsquo;incorporation d&rsquo;une nouvelle semelle interm\u00e9diaire avec une plus grande capacit\u00e9 d&rsquo;absorption des chocs, de protection et de stabilisation du joueur. D\u00e9velopp\u00e9 pour ceux qui recherchent de hautes performances dans leurs chaussures. Test\u00e9 par des joueurs professionnels comme Pincho, Diestro et Nuria Rodr\u00edguez.<\/p>\n<p>Tige fabriqu\u00e9e en mesh respirant tr\u00e8s l\u00e9ger, accompagn\u00e9e de petites perforations VTS. Elle int\u00e8gre le syst\u00e8me de r\u00e9glage thermoscell\u00e9 JOMA SPORTECH, qui offre un excellent maintien.<\/p>\n<p>Renforc\u00e9es \u00e0 l&rsquo;avant avec la technologie PROTECTION.<\/p>\n<p>Nouvelle semelle interm\u00e9diaire en double mat\u00e9riau et de forme sp\u00e9ciale d\u00e9velopp\u00e9e pour augmenter la protection et la stabilit\u00e9. L&rsquo;avant est en phylon flexible et confortable, tandis que l&rsquo;arri\u00e8re est compos\u00e9 de FOAM REACTIVE, qui offre un amorti maximal. Elle dispose \u00e9galement d&rsquo;une pi\u00e8ce EXO COUNTER plus dure qui sert de contrefort et \u00e9vite les blessures \u00e9ventuelles.<\/p>\n<p>Semelle Omni en caoutchouc DURABILITY, compos\u00e9e de petits crampons circulaires pour am\u00e9liorer la durabilit\u00e9 sur les surfaces dures. Facilite les glissements pour arriver plus rapidement \u00e0 la balle.<\/p>\n<ul class=\"featuresul\">\n<li>Empeigne en mesh respirant VTS<\/li>\n<li>Coupe avec syst\u00e8me de r\u00e9glage thermosoud\u00e9 SPORTECH<\/li>\n<li>Coupe avec syst\u00e8me de protection thermosoud\u00e9e PROTECTION<\/li>\n<li>Semelle interm\u00e9diaire en phylon avec technologie FOAM REACTIVE<\/li>\n<li>Semelle ext\u00e9rieure DURABILITY en caoutchouc<\/li>\n<li>Contrefort EXO Counter<\/li>\n<\/ul>\n","protected":false},"excerpt":{"rendered":"<p>Chaussures sp\u00e9cifiques de padel. Mod\u00e8le am\u00e9lior\u00e9 gr\u00e2ce \u00e0 l&rsquo;incorporation d&rsquo;une nouvelle semelle interm\u00e9diaire avec une plus grande capacit\u00e9 d&rsquo;absorption des chocs, de protection et de stabilisation du joueur. D\u00e9velopp\u00e9 pour ceux qui recherchent de hautes performances dans leurs chaussures. Test\u00e9 par des joueurs professionnels comme Pincho, Diestro et Nuria Rodr\u00edguez.<\/p>\n","protected":false},"featured_media":30985,"template":"","meta":[],"product_brand":[],"product_cat":[61,33,273,275,113],"product_tag":[],"class_list":{"0":"post-30973","1":"product","2":"type-product","3":"status-publish","4":"has-post-thumbnail","6":"product_cat-chaussures-homme","7":"product_cat-homme","8":"product_cat-padel","9":"product_cat-padel-homme","10":"product_cat-sport","11":"pa_couleur-blue","12":"pa_taille-651","13":"pa_taille-44-5","14":"pa_taille-653","16":"first","17":"outofstock","18":"sale","19":"purchasable","20":"product-type-variable"},"_links":{"self":[{"href":"https:\/\/accrosport.tn\/index.php\/wp-json\/wp\/v2\/product\/30973","targetHints":{"allow":["GET"]}}],"collection":[{"href":"https:\/\/accrosport.tn\/index.php\/wp-json\/wp\/v2\/product"}],"about":[{"href":"https:\/\/accrosport.tn\/index.php\/wp-json\/wp\/v2\/types\/product"}],"wp:featuredmedia":[{"embeddable":true,"href":"https:\/\/accrosport.tn\/index.php\/wp-json\/wp\/v2\/media\/30985"}],"wp:attachment":[{"href":"https:\/\/accrosport.tn\/index.php\/wp-json\/wp\/v2\/media?parent=30973"}],"wp:term":[{"taxonomy":"product_brand","embeddable":true,"href":"https:\/\/accrosport.tn\/index.php\/wp-json\/wp\/v2\/product_brand?post=30973"},{"taxonomy":"product_cat","embeddable":true,"href":"https:\/\/accrosport.tn\/index.php\/wp-json\/wp\/v2\/product_cat?post=30973"},{"taxonomy":"product_tag","embeddable":true,"href":"https:\/\/accrosport.tn\/index.php\/wp-json\/wp\/v2\/product_tag?post=30973"}],"curies":[{"name":"wp","href":"https:\/\/api.w.org\/{rel}","templated":true}]}}