{"id":30957,"date":"2025-09-29T14:34:28","date_gmt":"2025-09-29T14:34:28","guid":{"rendered":"https:\/\/accrosport.tn\/index.php\/product\/open-men-2417-petroleo\/"},"modified":"2025-09-30T14:37:23","modified_gmt":"2025-09-30T14:37:23","slug":"open-men-2417-petroleo","status":"publish","type":"product","link":"https:\/\/accrosport.tn\/index.php\/product\/open-men-2417-petroleo\/","title":{"rendered":"Chaussures de sport Homme OPEN MEN 2417 Bleu P\u00e9trole"},"content":{"rendered":"<p>Chaussures sp\u00e9cifiques pour le paddle. Mod\u00e8le d\u00e9velopp\u00e9 pour les joueurs \u00e0 la recherche de hautes performances dans leurs chaussures. Il se distingue par son niveau maximal d&rsquo;adh\u00e9rence, d&rsquo;abrasion, de protection et de stabilit\u00e9. Test\u00e9 par des sportifs professionnels.<\/p>\n<p>Tige en maille respirante avec une finition en jacquard personnalis\u00e9e, souple et l\u00e9g\u00e8re, accompagn\u00e9e de petites perforations VTS qui facilitent l&rsquo;\u00e9vacuation de la transpiration. Elle int\u00e8gre le syst\u00e8me de fermeture thermosoud\u00e9 JOMA SPORTECH, qui offre un excellent maintien. \u00c0 l&rsquo;avant, elle comporte un renfort PROTECTION du m\u00eame mat\u00e9riau.<\/p>\n<p>La semelle interm\u00e9diaire DUAL REACTIVE avec la technologie FOAM REACTIVE \u00e0 l&rsquo;arri\u00e8re. Ce mat\u00e9riau absorbe les chocs et propulse le joueur vers chaque balle. Le reste est en phylon avec une pi\u00e8ce STABILIS, qui pr\u00e9vient les torsions des chaussures, am\u00e9liore la stabilit\u00e9 et pr\u00e9vient les blessures.<\/p>\n<p>Semelle Omni en caoutchouc DURABILITY, compos\u00e9e de petits crampons circulaires pour am\u00e9liorer la durabilit\u00e9 sur les surfaces dures. Elle facilite les glissements pour atteindre plus rapidement la balle. Elle int\u00e8gre la structure g\u00e9om\u00e9trique ROTATION pour faciliter les virages.<\/p>\n<ul class=\"featuresul\">\n<li>Empeigne en mesh respirant VTS<\/li>\n<li>Coupe avec syst\u00e8me de r\u00e9glage thermosoud\u00e9 SPORTECH<\/li>\n<li>Coupe avec syst\u00e8me de protection thermosoud\u00e9e PROTECTION<\/li>\n<li>Semelle interm\u00e9diaire DUAL REACTIVE avec phylon et FOAM REACTIVE. Elle int\u00e8gre STABILIS<\/li>\n<li>Semelle en caoutchouc avec les technologies DURABILITY et ROTATION<\/li>\n<\/ul>\n","protected":false},"excerpt":{"rendered":"<p>Chaussures sp\u00e9cifiques pour le paddle. Mod\u00e8le d\u00e9velopp\u00e9 pour les joueurs \u00e0 la recherche de hautes performances dans leurs chaussures. Il se distingue par son niveau maximal d&rsquo;adh\u00e9rence, d&rsquo;abrasion, de protection et de stabilit\u00e9. Test\u00e9 par des sportifs professionnels.<\/p>\n","protected":false},"featured_media":31129,"template":"","meta":[],"product_brand":[],"product_cat":[61,33,275],"product_tag":[],"class_list":{"0":"post-30957","1":"product","2":"type-product","3":"status-publish","4":"has-post-thumbnail","6":"product_cat-chaussures-homme","7":"product_cat-homme","8":"product_cat-padel-homme","9":"pa_couleur-petroleum","10":"pa_taille-646","11":"pa_taille-649","12":"pa_taille-650","13":"pa_taille-651","14":"pa_taille-653","16":"first","17":"outofstock","18":"sale","19":"purchasable","20":"product-type-variable"},"_links":{"self":[{"href":"https:\/\/accrosport.tn\/index.php\/wp-json\/wp\/v2\/product\/30957","targetHints":{"allow":["GET"]}}],"collection":[{"href":"https:\/\/accrosport.tn\/index.php\/wp-json\/wp\/v2\/product"}],"about":[{"href":"https:\/\/accrosport.tn\/index.php\/wp-json\/wp\/v2\/types\/product"}],"wp:featuredmedia":[{"embeddable":true,"href":"https:\/\/accrosport.tn\/index.php\/wp-json\/wp\/v2\/media\/31129"}],"wp:attachment":[{"href":"https:\/\/accrosport.tn\/index.php\/wp-json\/wp\/v2\/media?parent=30957"}],"wp:term":[{"taxonomy":"product_brand","embeddable":true,"href":"https:\/\/accrosport.tn\/index.php\/wp-json\/wp\/v2\/product_brand?post=30957"},{"taxonomy":"product_cat","embeddable":true,"href":"https:\/\/accrosport.tn\/index.php\/wp-json\/wp\/v2\/product_cat?post=30957"},{"taxonomy":"product_tag","embeddable":true,"href":"https:\/\/accrosport.tn\/index.php\/wp-json\/wp\/v2\/product_tag?post=30957"}],"curies":[{"name":"wp","href":"https:\/\/api.w.org\/{rel}","templated":true}]}}