{"id":30956,"date":"2025-09-29T14:34:28","date_gmt":"2025-09-29T14:34:28","guid":{"rendered":"https:\/\/accrosport.tn\/index.php\/product\/overgrip-dry-competition-blanc\/"},"modified":"2025-12-18T06:35:25","modified_gmt":"2025-12-18T06:35:25","slug":"overgrip-dry-competition-blanc","status":"publish","type":"product","link":"https:\/\/accrosport.tn\/index.php\/product\/overgrip-dry-competition-blanc\/","title":{"rendered":"Surgrip Dry Competition blanc"},"content":{"rendered":"<p>Con\u00e7u pour les joueurs de padel \u00e0 la recherche d&rsquo;un surgrip confortable et adh\u00e9rent de la plus haute qualit\u00e9. La r\u00e9sine utilis\u00e9e sur sa face avant assure une adh\u00e9rence optimale dans des situations de transpiration maximale. Convient \u00e0 tous les niveaux de joueurs de padel. Facile \u00e0 ajuster \u00e0 tout type de raquette. Sa composition en polyur\u00e9thane de haute qualit\u00e9 garantit l&rsquo;absorption de la transpiration pendant le jeu.<\/p>\n<ul>\n<li>60% Polyester, 40% Polyur\u00e9thanne<\/li>\n<\/ul>\n","protected":false},"excerpt":{"rendered":"<p>Pack de 3 surgrips pour les comp\u00e9titions de tennis ou padel PRO. Facilitent la prise de la raquette et l&rsquo;absorption de la transpiration.<\/p>\n","protected":false},"featured_media":31126,"template":"","meta":[],"product_brand":[],"product_cat":[273,113],"product_tag":[],"class_list":{"0":"post-30956","1":"product","2":"type-product","3":"status-publish","4":"has-post-thumbnail","6":"product_cat-padel","7":"product_cat-sport","8":"pa_couleur-white","9":"pa_taille-one-size","11":"first","12":"instock","13":"purchasable","14":"product-type-simple"},"_links":{"self":[{"href":"https:\/\/accrosport.tn\/index.php\/wp-json\/wp\/v2\/product\/30956","targetHints":{"allow":["GET"]}}],"collection":[{"href":"https:\/\/accrosport.tn\/index.php\/wp-json\/wp\/v2\/product"}],"about":[{"href":"https:\/\/accrosport.tn\/index.php\/wp-json\/wp\/v2\/types\/product"}],"wp:featuredmedia":[{"embeddable":true,"href":"https:\/\/accrosport.tn\/index.php\/wp-json\/wp\/v2\/media\/31126"}],"wp:attachment":[{"href":"https:\/\/accrosport.tn\/index.php\/wp-json\/wp\/v2\/media?parent=30956"}],"wp:term":[{"taxonomy":"product_brand","embeddable":true,"href":"https:\/\/accrosport.tn\/index.php\/wp-json\/wp\/v2\/product_brand?post=30956"},{"taxonomy":"product_cat","embeddable":true,"href":"https:\/\/accrosport.tn\/index.php\/wp-json\/wp\/v2\/product_cat?post=30956"},{"taxonomy":"product_tag","embeddable":true,"href":"https:\/\/accrosport.tn\/index.php\/wp-json\/wp\/v2\/product_tag?post=30956"}],"curies":[{"name":"wp","href":"https:\/\/api.w.org\/{rel}","templated":true}]}}