{"id":30952,"date":"2025-09-29T14:34:28","date_gmt":"2025-09-29T14:34:28","guid":{"rendered":"https:\/\/accrosport.tn\/index.php\/product\/short-nobel-royal-2\/"},"modified":"2025-10-03T14:43:08","modified_gmt":"2025-10-03T14:43:08","slug":"short-nobel-royal-2","status":"publish","type":"product","link":"https:\/\/accrosport.tn\/index.php\/product\/short-nobel-royal-2\/","title":{"rendered":"Short homme Nobel bleu roi"},"content":{"rendered":"<p>Short de sport pour homme\/gar\u00e7on, con\u00e7u pour l\u2019entra\u00eenement, les matchs et les activit\u00e9s sportives en tout genre. Ce short se distingue par sa l\u00e9g\u00e8ret\u00e9, son confort et sa libert\u00e9 de mouvement.<\/p>\n<p>Il est dot\u00e9 d\u2019une ceinture \u00e9lastiqu\u00e9e r\u00e9glable avec cordon pour faciliter l\u2019adaptation au corps du sportif. De plus, il se caract\u00e9rise par sa grande r\u00e9sistance, son \u00e9lasticit\u00e9 et sa l\u00e9g\u00e8ret\u00e9 qui permettent une totale libert\u00e9 de mouvement.<\/p>\n<p>Logo Joma s\u00e9rigraphi\u00e9.<\/p>\n<ul class=\"featuresul\">\n<li>Ceinture \u00e9lastique \u00e0 cordon<\/li>\n<li>Tissu l\u00e9ger et r\u00e9sistant<\/li>\n<li>Libert\u00e9 de mouvement<\/li>\n<li>Type de coupe : r\u00e9guli\u00e8re<\/li>\n<li>100% Polyester<\/li>\n<\/ul>\n","protected":false},"excerpt":{"rendered":"<p>Short de sport homme\/gar\u00e7on. Tr\u00e8s r\u00e9sistant et \u00e9lastique. De plus, il s&rsquo;adapte \u00e0 la silhouette pour plus de confort pendant le jeu. Id\u00e9al pour la pratique du sport professionnel.<\/p>\n","protected":false},"featured_media":31120,"template":"","meta":[],"product_brand":[],"product_cat":[62,33,158,113],"product_tag":[],"class_list":{"0":"post-30952","1":"product","2":"type-product","3":"status-publish","4":"has-post-thumbnail","6":"product_cat-bermudas-et-shorts-homme","7":"product_cat-homme","8":"product_cat-nouvelle-collection","9":"product_cat-sport","10":"pa_couleur-royal-blue","11":"pa_taille-xl","13":"first","14":"outofstock","15":"purchasable","16":"product-type-simple"},"_links":{"self":[{"href":"https:\/\/accrosport.tn\/index.php\/wp-json\/wp\/v2\/product\/30952","targetHints":{"allow":["GET"]}}],"collection":[{"href":"https:\/\/accrosport.tn\/index.php\/wp-json\/wp\/v2\/product"}],"about":[{"href":"https:\/\/accrosport.tn\/index.php\/wp-json\/wp\/v2\/types\/product"}],"wp:featuredmedia":[{"embeddable":true,"href":"https:\/\/accrosport.tn\/index.php\/wp-json\/wp\/v2\/media\/31120"}],"wp:attachment":[{"href":"https:\/\/accrosport.tn\/index.php\/wp-json\/wp\/v2\/media?parent=30952"}],"wp:term":[{"taxonomy":"product_brand","embeddable":true,"href":"https:\/\/accrosport.tn\/index.php\/wp-json\/wp\/v2\/product_brand?post=30952"},{"taxonomy":"product_cat","embeddable":true,"href":"https:\/\/accrosport.tn\/index.php\/wp-json\/wp\/v2\/product_cat?post=30952"},{"taxonomy":"product_tag","embeddable":true,"href":"https:\/\/accrosport.tn\/index.php\/wp-json\/wp\/v2\/product_tag?post=30952"}],"curies":[{"name":"wp","href":"https:\/\/api.w.org\/{rel}","templated":true}]}}