{"id":30950,"date":"2025-09-29T14:34:28","date_gmt":"2025-09-29T14:34:28","guid":{"rendered":"https:\/\/accrosport.tn\/index.php\/product\/gafas-de-natacion-splash-negro\/"},"modified":"2025-09-30T13:43:23","modified_gmt":"2025-09-30T13:43:23","slug":"gafas-de-natacion-splash-negro","status":"publish","type":"product","link":"https:\/\/accrosport.tn\/index.php\/product\/gafas-de-natacion-splash-negro\/","title":{"rendered":"Lunettes de natation unisexe Splash noir"},"content":{"rendered":"<p>Lunettes de natation. Elles sont con\u00e7ues pour les nageurs avanc\u00e9s qui souhaitent s&rsquo;entra\u00eener ou am\u00e9liorer leur technique. Leur conception ergonomique s&rsquo;adapte \u00e0 la t\u00eate du nageur, lui apportant confort et emp\u00eachant l&rsquo;eau de p\u00e9n\u00e9trer. Cela est possible gr\u00e2ce \u00e0 l&rsquo;incorporation de silicone dans la bande r\u00e9glable et dans les lunettes. Tr\u00e8s bonne visibilit\u00e9.<\/p>\n<p>Elles sont livr\u00e9es avec un \u00e9tui de protection pour le rangement, fabriqu\u00e9 dans un mat\u00e9riau r\u00e9sistant et \u00e9tanche. Comprend une maille pour un s\u00e9chage plus rapide.<\/p>\n","protected":false},"excerpt":{"rendered":"<p>Lunettes de natation pour les nageurs au niveau perfectionnement. Son design ergonomique s&rsquo;adapte \u00e0 la t\u00eate pour un plus grand confort et une meilleure protection. Tr\u00e8s bonne visibilit\u00e9.<\/p>\n","protected":false},"featured_media":31113,"template":"","meta":[],"product_brand":[],"product_cat":[45],"product_tag":[],"class_list":{"0":"post-30950","1":"product","2":"type-product","3":"status-publish","4":"has-post-thumbnail","6":"product_cat-accessoires","7":"pa_couleur-noir","8":"pa_taille-sr","10":"first","11":"outofstock","12":"purchasable","13":"product-type-simple"},"_links":{"self":[{"href":"https:\/\/accrosport.tn\/index.php\/wp-json\/wp\/v2\/product\/30950","targetHints":{"allow":["GET"]}}],"collection":[{"href":"https:\/\/accrosport.tn\/index.php\/wp-json\/wp\/v2\/product"}],"about":[{"href":"https:\/\/accrosport.tn\/index.php\/wp-json\/wp\/v2\/types\/product"}],"wp:featuredmedia":[{"embeddable":true,"href":"https:\/\/accrosport.tn\/index.php\/wp-json\/wp\/v2\/media\/31113"}],"wp:attachment":[{"href":"https:\/\/accrosport.tn\/index.php\/wp-json\/wp\/v2\/media?parent=30950"}],"wp:term":[{"taxonomy":"product_brand","embeddable":true,"href":"https:\/\/accrosport.tn\/index.php\/wp-json\/wp\/v2\/product_brand?post=30950"},{"taxonomy":"product_cat","embeddable":true,"href":"https:\/\/accrosport.tn\/index.php\/wp-json\/wp\/v2\/product_cat?post=30950"},{"taxonomy":"product_tag","embeddable":true,"href":"https:\/\/accrosport.tn\/index.php\/wp-json\/wp\/v2\/product_tag?post=30950"}],"curies":[{"name":"wp","href":"https:\/\/api.w.org\/{rel}","templated":true}]}}