{"id":30949,"date":"2025-09-29T14:34:28","date_gmt":"2025-09-29T14:34:28","guid":{"rendered":"https:\/\/accrosport.tn\/index.php\/product\/pala-de-padel-master-negro-tur\/"},"modified":"2025-10-03T09:22:26","modified_gmt":"2025-10-03T09:22:26","slug":"pala-de-padel-master-negro-tur","status":"publish","type":"product","link":"https:\/\/accrosport.tn\/index.php\/product\/pala-de-padel-master-negro-tur\/","title":{"rendered":"RAQUETTE DE PADEL MASTER Noir"},"content":{"rendered":"<div class=\"product-info-item__description-marketplace\">\n<div>\n<p><font dir=\"auto\" style=\"vertical-align: inherit;\"><font dir=\"auto\" style=\"vertical-align: inherit;\">Le mod\u00e8le Master est destin\u00e9 aux joueurs avanc\u00e9s souhaitant am\u00e9liorer leur contr\u00f4le et leurs performances. Sa forme arrondie offre une plus grande polyvalence de jeu.<\/font><\/font><\/p>\n<p><font dir=\"auto\" style=\"vertical-align: inherit;\"><font dir=\"auto\" style=\"vertical-align: inherit;\">La couche ext\u00e9rieure est compos\u00e9e de fibres de carbone 1k. 1&nbsp;000 filaments de carbone entrelac\u00e9s cr\u00e9ent une raquette durable et puissante. Finition mate.<\/font><\/font><\/p>\n<p><font dir=\"auto\" style=\"vertical-align: inherit;\"><font dir=\"auto\" style=\"vertical-align: inherit;\">Le noyau interne est construit avec la technologie EVA SOFT, qui, combin\u00e9e \u00e0 l&rsquo;ext\u00e9rieur en carbone 1K, fournit le contr\u00f4le n\u00e9cessaire pour d\u00e9velopper une puissance maximale dans votre coup de mani\u00e8re contr\u00f4l\u00e9e.<\/font><\/font><\/p>\n<\/div>\n<\/div>\n","protected":false},"excerpt":{"rendered":"<p>Raquette de padel con\u00e7ue pour les joueurs confirm\u00e9s recherchant un contr\u00f4le et des performances accrus. Sa forme en goutte d&rsquo;eau offre une plus grande polyvalence.<\/p>\n","protected":false},"featured_media":31111,"template":"","meta":[],"product_brand":[],"product_cat":[45,291],"product_tag":[],"class_list":{"0":"post-30949","1":"product","2":"type-product","3":"status-publish","4":"has-post-thumbnail","6":"product_cat-accessoires","7":"product_cat-raquettes","8":"pa_couleur-black-turquoise","9":"pa_taille-one-size","11":"first","12":"outofstock","13":"purchasable","14":"product-type-simple"},"_links":{"self":[{"href":"https:\/\/accrosport.tn\/index.php\/wp-json\/wp\/v2\/product\/30949","targetHints":{"allow":["GET"]}}],"collection":[{"href":"https:\/\/accrosport.tn\/index.php\/wp-json\/wp\/v2\/product"}],"about":[{"href":"https:\/\/accrosport.tn\/index.php\/wp-json\/wp\/v2\/types\/product"}],"wp:featuredmedia":[{"embeddable":true,"href":"https:\/\/accrosport.tn\/index.php\/wp-json\/wp\/v2\/media\/31111"}],"wp:attachment":[{"href":"https:\/\/accrosport.tn\/index.php\/wp-json\/wp\/v2\/media?parent=30949"}],"wp:term":[{"taxonomy":"product_brand","embeddable":true,"href":"https:\/\/accrosport.tn\/index.php\/wp-json\/wp\/v2\/product_brand?post=30949"},{"taxonomy":"product_cat","embeddable":true,"href":"https:\/\/accrosport.tn\/index.php\/wp-json\/wp\/v2\/product_cat?post=30949"},{"taxonomy":"product_tag","embeddable":true,"href":"https:\/\/accrosport.tn\/index.php\/wp-json\/wp\/v2\/product_tag?post=30949"}],"curies":[{"name":"wp","href":"https:\/\/api.w.org\/{rel}","templated":true}]}}