{"id":30947,"date":"2025-09-29T14:34:28","date_gmt":"2025-09-29T14:34:28","guid":{"rendered":"https:\/\/accrosport.tn\/index.php\/product\/t-shirt-running-ambar-sleevele-2\/"},"modified":"2025-09-30T13:09:08","modified_gmt":"2025-09-30T13:09:08","slug":"t-shirt-running-ambar-sleevele-2","status":"publish","type":"product","link":"https:\/\/accrosport.tn\/index.php\/product\/t-shirt-running-ambar-sleevele-2\/","title":{"rendered":"Maillot manches courtes homme Record II ambre fluo"},"content":{"rendered":"<p>T-shirt de running \u00e0 manches courtes. Mod\u00e8le pour homme et gar\u00e7on. Il sera votre alli\u00e9 parfait pour courir lors des chaudes journ\u00e9es de printemps ou d\u2019\u00e9t\u00e9. Les descriptions qui d\u00e9finissent ce t-shirt de running sont les suivantes : confort, l\u00e9g\u00e8ret\u00e9 et respirabilit\u00e9. L\u2019essentiel dont tout coureur a besoin !<\/p>\n<p>Ligne utilis\u00e9e dans les t-shirts officiels du semi-marathon Movistar Madrid, du marathon Bilbao Bizkaia ou du marathon de Porto, entre autres.<\/p>\n<p>Il est dot\u00e9 d\u2019un col rond \u00e9lastique qui s\u2019ajuste confortablement et d\u2019une coupe qui s\u2019adapte au corps du coureur pour lui permettre de bouger librement.<\/p>\n<p>Il est fabriqu\u00e9 dans un tissu l\u00e9ger et respirant qui absorbe et \u00e9vacue la transpiration pour r\u00e9duire la sensation d\u2019humidit\u00e9. L\u2019objectif est d\u2019offrir le plus grand confort possible au coureur pendant la course.<\/p>\n<p>De plus, son design lisse et basique permet de le combiner avec n\u2019importe quel autre v\u00eatement technique de running.<\/p>\n<p>Logo Joma s\u00e9rigraphi\u00e9.<\/p>\n<ul class=\"featuresul\">\n<li>Manches courtes<\/li>\n<li>Col rond<\/li>\n<li>Tissu l\u00e9ger et respirant<\/li>\n<li>Logo imprim\u00e9<\/li>\n<li>Libert\u00e9 de mouvement<\/li>\n<li>Type de coupe : semi fitted<\/li>\n<li>100% Polyester<\/li>\n<\/ul>\n","protected":false},"excerpt":{"rendered":"<p>Maillot de running manches courtes homme. Fabriqu\u00e9 en tissu l\u00e9ger et respirant pour r\u00e9guler la temp\u00e9rature du coureur pendant la course. Design uni et \u00e9pur\u00e9.<\/p>\n","protected":false},"featured_media":31105,"template":"","meta":[],"product_brand":[],"product_cat":[33,63],"product_tag":[],"class_list":{"0":"post-30947","1":"product","2":"type-product","3":"status-publish","4":"has-post-thumbnail","6":"product_cat-homme","7":"product_cat-polos-et-t-shirt-homme","8":"pa_couleur-ambar","9":"pa_taille-s","11":"first","12":"instock","13":"purchasable","14":"product-type-simple"},"_links":{"self":[{"href":"https:\/\/accrosport.tn\/index.php\/wp-json\/wp\/v2\/product\/30947","targetHints":{"allow":["GET"]}}],"collection":[{"href":"https:\/\/accrosport.tn\/index.php\/wp-json\/wp\/v2\/product"}],"about":[{"href":"https:\/\/accrosport.tn\/index.php\/wp-json\/wp\/v2\/types\/product"}],"wp:featuredmedia":[{"embeddable":true,"href":"https:\/\/accrosport.tn\/index.php\/wp-json\/wp\/v2\/media\/31105"}],"wp:attachment":[{"href":"https:\/\/accrosport.tn\/index.php\/wp-json\/wp\/v2\/media?parent=30947"}],"wp:term":[{"taxonomy":"product_brand","embeddable":true,"href":"https:\/\/accrosport.tn\/index.php\/wp-json\/wp\/v2\/product_brand?post=30947"},{"taxonomy":"product_cat","embeddable":true,"href":"https:\/\/accrosport.tn\/index.php\/wp-json\/wp\/v2\/product_cat?post=30947"},{"taxonomy":"product_tag","embeddable":true,"href":"https:\/\/accrosport.tn\/index.php\/wp-json\/wp\/v2\/product_tag?post=30947"}],"curies":[{"name":"wp","href":"https:\/\/api.w.org\/{rel}","templated":true}]}}