{"id":30943,"date":"2025-09-29T14:34:28","date_gmt":"2025-09-29T14:34:28","guid":{"rendered":"https:\/\/accrosport.tn\/index.php\/product\/anorak-trivor-marino-2\/"},"modified":"2025-12-29T08:10:24","modified_gmt":"2025-12-29T08:10:24","slug":"anorak-trivor-marino-2","status":"publish","type":"product","link":"https:\/\/accrosport.tn\/index.php\/product\/anorak-trivor-marino-2\/","title":{"rendered":"Anorak homme Trivor bleu marine"},"content":{"rendered":"<div class=\"collapseText\">\n<p>Manteau pour homme\/gar\u00e7on. Con\u00e7u pour se prot\u00e9ger pendant les entra\u00eenements sportifs par temps froid. Cette anorak vous garde confortable et chaud pour que rien ne vous arr\u00eate. Tout cela sans ajouter de poids suppl\u00e9mentaire pour que vous puissiez vous d\u00e9placer librement.<\/p>\n<p>Cette veste comprend une fermeture compl\u00e8te \u00e0 glissi\u00e8re pour mettre et enlever rapidement, un col haut pour prot\u00e9ger du froid et une capuche cach\u00e9e avec des cordons pour pouvoir l&rsquo;ajuster et \u00e9viter l&rsquo;entr\u00e9e du froid. Cette capuche est \u00e9galement amovible. De plus, elle dispose de poches lat\u00e9rales avec fermeture \u00e0 bouton pour que vous puissiez ranger de petits objets en toute s\u00e9curit\u00e9 et une poche int\u00e9rieure suppl\u00e9mentaire avec fermeture adh\u00e9sive.<\/p>\n<p>Elle a \u00e9t\u00e9 confectionn\u00e9e avec un tissu l\u00e9ger, imperm\u00e9able et r\u00e9sistant aux frottements et aux chutes. Elle int\u00e8gre un tissu polaire \u00e0 l&rsquo;int\u00e9rieur qui maintient la chaleur du sportif malgr\u00e9 le froid et l&rsquo;humidit\u00e9. Il convient de noter qu&rsquo;elle n&rsquo;entrave pas la libert\u00e9 de mouvement malgr\u00e9 le volume.<\/p>\n<p>Dans le design, elle pr\u00e9sente de petites coupes contrast\u00e9es en couleur sur les \u00e9paules.<\/p>\n<p>*Les lacets ne sont pas inclus dans les tailles Junior.<\/p>\n<p>Logo Joma brod\u00e9.<\/p>\n<ul class=\"featuresul\">\n<li>Fermeture zip<\/li>\n<li>Poignets int\u00e9rieurs en jersey c\u00f4tel\u00e9<\/li>\n<li>Capuche pliable et amovible<\/li>\n<li>Poche int\u00e9rieure<\/li>\n<li>Tissu confortable<\/li>\n<li>Doublure en polaire<\/li>\n<li>Bandes de couleur contrast\u00e9es<\/li>\n<li>Coupe-vent<\/li>\n<li>Imperm\u00e9able<\/li>\n<li>Type de coupe : r\u00e9guli\u00e8re<\/li>\n<li>100% Polyester<\/li>\n<\/ul>\n<\/div>\n","protected":false},"excerpt":{"rendered":"<p>Veste 3\/4 \u00e0 capuche pour homme\/gar\u00e7on. Int\u00e9rieur en polaire qui isole du froid et pr\u00e9serve la chaleur corporelle. Cette veste est l\u00e9g\u00e8re pour plus de confort.<\/p>\n","protected":false},"featured_media":30993,"template":"","meta":[],"product_brand":[],"product_cat":[33,60,113],"product_tag":[],"class_list":{"0":"post-30943","1":"product","2":"type-product","3":"status-publish","4":"has-post-thumbnail","6":"product_cat-homme","7":"product_cat-parkas-homme","8":"product_cat-sport","9":"pa_couleur-marino","10":"pa_taille-m","12":"first","13":"instock","14":"sale","15":"purchasable","16":"product-type-simple"},"_links":{"self":[{"href":"https:\/\/accrosport.tn\/index.php\/wp-json\/wp\/v2\/product\/30943","targetHints":{"allow":["GET"]}}],"collection":[{"href":"https:\/\/accrosport.tn\/index.php\/wp-json\/wp\/v2\/product"}],"about":[{"href":"https:\/\/accrosport.tn\/index.php\/wp-json\/wp\/v2\/types\/product"}],"wp:featuredmedia":[{"embeddable":true,"href":"https:\/\/accrosport.tn\/index.php\/wp-json\/wp\/v2\/media\/30993"}],"wp:attachment":[{"href":"https:\/\/accrosport.tn\/index.php\/wp-json\/wp\/v2\/media?parent=30943"}],"wp:term":[{"taxonomy":"product_brand","embeddable":true,"href":"https:\/\/accrosport.tn\/index.php\/wp-json\/wp\/v2\/product_brand?post=30943"},{"taxonomy":"product_cat","embeddable":true,"href":"https:\/\/accrosport.tn\/index.php\/wp-json\/wp\/v2\/product_cat?post=30943"},{"taxonomy":"product_tag","embeddable":true,"href":"https:\/\/accrosport.tn\/index.php\/wp-json\/wp\/v2\/product_tag?post=30943"}],"curies":[{"name":"wp","href":"https:\/\/api.w.org\/{rel}","templated":true}]}}