{"id":30938,"date":"2025-09-29T14:34:24","date_gmt":"2025-09-29T14:34:24","guid":{"rendered":"https:\/\/accrosport.tn\/index.php\/product\/spin-men-2405-azul-petroleo\/"},"modified":"2025-09-30T14:53:12","modified_gmt":"2025-09-30T14:53:12","slug":"spin-men-2405-azul-petroleo","status":"publish","type":"product","link":"https:\/\/accrosport.tn\/index.php\/product\/spin-men-2405-azul-petroleo\/","title":{"rendered":"Chaussures Spin Men 24 homme bleu bleu p\u00e9trole"},"content":{"rendered":"<p>Chaussures de padel pour homme. Mod\u00e8le polyvalent destin\u00e9 aux joueurs cherchant des performances \u00e9lev\u00e9es sur le terrain. Elles offrent un niveau maximal d&rsquo;adh\u00e9rence, de protection, de stabilit\u00e9 et de r\u00e9activit\u00e9.<\/p>\n<p>Tige confectionn\u00e9e en mesh avec une finition en jacquard personnalis\u00e9. La technologie VTS optimise la respirabilit\u00e9 et maintient les pieds \u00e0 une temp\u00e9rature constante. Elle int\u00e8gre un double syst\u00e8me de ajustement (JOMA SPORTECH) et de protection (PROTECTION). Excellente tenue pour maintenir la fermet\u00e9.<\/p>\n<p>Semelle interm\u00e9diaire en phylon flexible, l\u00e9ger et capable d&rsquo;amortir les chocs. Ses deux STABILIS maximisent la stabilit\u00e9 des mouvements et pr\u00e9viennent les \u00e9ventuelles blessures.<\/p>\n<p>Semelle Omni en caoutchouc DURABILITY, compos\u00e9e de petits crampons circulaires pour am\u00e9liorer la durabilit\u00e9 sur les surfaces dures. Facilite les glissements pour arriver plus rapidement \u00e0 la balle. Elle int\u00e8gre la structure g\u00e9om\u00e9trique ROTATION pour faciliter les rotations.<\/p>\n<ul class=\"featuresul\">\n<li>Empeigne en mesh respirant VTS<\/li>\n<li>Coupe avec syst\u00e8me de r\u00e9glage thermosoud\u00e9 SPORTECH<\/li>\n<li>Coupe avec syst\u00e8me de protection thermosoud\u00e9e PROTECTION<\/li>\n<li>Fermeture<\/li>\n<li>Semelle interm\u00e9diaire en double phylon avec STABILIS<\/li>\n<li>Semelle en caoutchouc avec les technologies DURABILITY et ROTATION<\/li>\n<\/ul>\n","protected":false},"excerpt":{"rendered":"<p>Chaussures de padel pour homme. Mod\u00e8le polyvalent destin\u00e9 aux joueurs cherchant des performances \u00e9lev\u00e9es sur le terrain. Elles offrent un niveau maximal d&rsquo;adh\u00e9rence, de protection, de stabilit\u00e9 et de r\u00e9activit\u00e9.<\/p>\n","protected":false},"featured_media":31139,"template":"","meta":[],"product_brand":[],"product_cat":[61,33,273,275,113],"product_tag":[],"class_list":{"0":"post-30938","1":"product","2":"type-product","3":"status-publish","4":"has-post-thumbnail","6":"product_cat-chaussures-homme","7":"product_cat-homme","8":"product_cat-padel","9":"product_cat-padel-homme","10":"product_cat-sport","11":"pa_couleur-blue-petroleum","12":"pa_taille-645","13":"pa_taille-646","14":"pa_taille-649","15":"pa_taille-653","17":"first","18":"outofstock","19":"purchasable","20":"product-type-variable"},"_links":{"self":[{"href":"https:\/\/accrosport.tn\/index.php\/wp-json\/wp\/v2\/product\/30938","targetHints":{"allow":["GET"]}}],"collection":[{"href":"https:\/\/accrosport.tn\/index.php\/wp-json\/wp\/v2\/product"}],"about":[{"href":"https:\/\/accrosport.tn\/index.php\/wp-json\/wp\/v2\/types\/product"}],"wp:featuredmedia":[{"embeddable":true,"href":"https:\/\/accrosport.tn\/index.php\/wp-json\/wp\/v2\/media\/31139"}],"wp:attachment":[{"href":"https:\/\/accrosport.tn\/index.php\/wp-json\/wp\/v2\/media?parent=30938"}],"wp:term":[{"taxonomy":"product_brand","embeddable":true,"href":"https:\/\/accrosport.tn\/index.php\/wp-json\/wp\/v2\/product_brand?post=30938"},{"taxonomy":"product_cat","embeddable":true,"href":"https:\/\/accrosport.tn\/index.php\/wp-json\/wp\/v2\/product_cat?post=30938"},{"taxonomy":"product_tag","embeddable":true,"href":"https:\/\/accrosport.tn\/index.php\/wp-json\/wp\/v2\/product_tag?post=30938"}],"curies":[{"name":"wp","href":"https:\/\/api.w.org\/{rel}","templated":true}]}}