{"id":30929,"date":"2025-09-29T14:34:24","date_gmt":"2025-09-29T14:34:24","guid":{"rendered":"https:\/\/accrosport.tn\/index.php\/product\/smash-men-2482-blanco\/"},"modified":"2025-10-03T14:43:39","modified_gmt":"2025-10-03T14:43:39","slug":"smash-men-2482-blanco","status":"publish","type":"product","link":"https:\/\/accrosport.tn\/index.php\/product\/smash-men-2482-blanco\/","title":{"rendered":"Chaussures A1 2482 Padel terre battue unisexe blanc"},"content":{"rendered":"<p>Chaussures de padel unisexe. \u00c9dition sp\u00e9ciale pour le circuit A1 Padel. Haut de gamme, performances maximales et technologie r\u00e9unies dans une seule paire de chaussures d\u00e9velopp\u00e9e pour le padel professionnel. Destin\u00e9es aux joueurs avec une bonne technique ayant besoin du meilleur en amorti, r\u00e9activit\u00e9, protection et adh\u00e9rence.<\/p>\n<p>Tige en mesh avec une finition \u00e9l\u00e9gante en Jacquard personnalis\u00e9 pour offrir l\u00e9g\u00e8ret\u00e9 et flexibilit\u00e9. Respirabilit\u00e9 optimis\u00e9e gr\u00e2ce \u00e0 la technologie VTS. Le syst\u00e8me thermoscell\u00e9 JOMA SPORTECH conserve les propri\u00e9t\u00e9s d&rsquo;ajustement et de maintien sans ajouter de poids aux chaussures.<\/p>\n<p>Renfort en caoutchouc dans les zones les plus sensibles aux frottements et aux chocs. Ces applications forment le syst\u00e8me PROTECTION.<\/p>\n<p>Semelle interm\u00e9diaire DUAL REACTIVE. La partie sup\u00e9rieure est en phylon, tandis que la partie inf\u00e9rieure int\u00e8gre la technologie REACTIVE BALL, qui absorbe les chocs et propulse. \u00c9quip\u00e9e d&rsquo;une pi\u00e8ce centrale STABILIS pour \u00e9viter les torsions des chaussures et offrir une stabilit\u00e9 sup\u00e9rieure.<\/p>\n<p>Semelle en caoutchouc DURABILITY \u00e0 crampons ou clay. Offre l&rsquo;adh\u00e9rence n\u00e9cessaire sur les surfaces glissantes, car elle expulse le sable de la semelle, tout en permettant des glissements sur le court sans difficult\u00e9.<\/p>\n<ul class=\"featuresul\">\n<li>Empeigne en mesh respirant VTS<\/li>\n<li>Coupe avec syst\u00e8me de r\u00e9glage thermosoud\u00e9 SPORTECH<\/li>\n<li>Semelle interm\u00e9diaire DUAL REACTIVE en phylon et REACTIVE BALL. Il int\u00e8gre STABILIS<\/li>\n<li>Semelle ext\u00e9rieure DURABILITY en caoutchouc<\/li>\n<li>Renforcement PROTECTION<\/li>\n<\/ul>\n","protected":false},"excerpt":{"rendered":"<p>Chaussures de padel unisexe. Chaussures officielles du circuit de padel A1 destin\u00e9es aux joueurs de padel professionnels. Chaussures haut de gamme avec les meilleures technologies telles que l&rsquo;amorti maximal, la r\u00e9activit\u00e9, la protection et l&rsquo;adh\u00e9rence.<\/p>\n","protected":false},"featured_media":31133,"template":"","meta":[],"product_brand":[],"product_cat":[61,33,158,273,275,113],"product_tag":[],"class_list":{"0":"post-30929","1":"product","2":"type-product","3":"status-publish","4":"has-post-thumbnail","6":"product_cat-chaussures-homme","7":"product_cat-homme","8":"product_cat-nouvelle-collection","9":"product_cat-padel","10":"product_cat-padel-homme","11":"product_cat-sport","12":"pa_couleur-white","13":"pa_taille-655","14":"pa_taille-644","15":"pa_taille-645","16":"pa_taille-646","17":"pa_taille-649","18":"pa_taille-42-5","19":"pa_taille-43-5","20":"pa_taille-651","22":"first","23":"outofstock","24":"purchasable","25":"product-type-variable"},"_links":{"self":[{"href":"https:\/\/accrosport.tn\/index.php\/wp-json\/wp\/v2\/product\/30929","targetHints":{"allow":["GET"]}}],"collection":[{"href":"https:\/\/accrosport.tn\/index.php\/wp-json\/wp\/v2\/product"}],"about":[{"href":"https:\/\/accrosport.tn\/index.php\/wp-json\/wp\/v2\/types\/product"}],"wp:featuredmedia":[{"embeddable":true,"href":"https:\/\/accrosport.tn\/index.php\/wp-json\/wp\/v2\/media\/31133"}],"wp:attachment":[{"href":"https:\/\/accrosport.tn\/index.php\/wp-json\/wp\/v2\/media?parent=30929"}],"wp:term":[{"taxonomy":"product_brand","embeddable":true,"href":"https:\/\/accrosport.tn\/index.php\/wp-json\/wp\/v2\/product_brand?post=30929"},{"taxonomy":"product_cat","embeddable":true,"href":"https:\/\/accrosport.tn\/index.php\/wp-json\/wp\/v2\/product_cat?post=30929"},{"taxonomy":"product_tag","embeddable":true,"href":"https:\/\/accrosport.tn\/index.php\/wp-json\/wp\/v2\/product_tag?post=30929"}],"curies":[{"name":"wp","href":"https:\/\/api.w.org\/{rel}","templated":true}]}}