{"id":30918,"date":"2025-09-29T14:34:18","date_gmt":"2025-09-29T14:34:18","guid":{"rendered":"https:\/\/accrosport.tn\/index.php\/product\/set-men-2432-blanco-negro\/"},"modified":"2025-09-30T15:13:24","modified_gmt":"2025-09-30T15:13:24","slug":"set-men-2432-blanco-negro","status":"publish","type":"product","link":"https:\/\/accrosport.tn\/index.php\/product\/set-men-2432-blanco-negro\/","title":{"rendered":"CHAUSSURES DE PADEL JOMA SET MEN 2432 blanc\/noir"},"content":{"rendered":"<p>Les chaussures de padel\u00a0<strong>JOMA SET<\/strong>\u00a0men 2432 sont con\u00e7ues sp\u00e9cifiquement pour les joueurs passionn\u00e9s de padel. Voici une description d\u00e9taill\u00e9e de leurs caract\u00e9ristiques :<\/p>\n<p>La tige de la chaussure est fabriqu\u00e9e \u00e0 partir d&rsquo;un m\u00e9lange de diff\u00e9rents mat\u00e9riaux, chacun ayant une fonction sp\u00e9cifique. Le bout de la chaussure est renforc\u00e9 avec un tissu ripstop ultra r\u00e9sistant aux d\u00e9chirures, assurant ainsi une long\u00e9vit\u00e9 accrue. Pour un ajustement pr\u00e9cis et une protection optimale des orteils, un insert synth\u00e9tique sans coutures est int\u00e9gr\u00e9 gr\u00e2ce au syst\u00e8me JOMA SPORTECH. Le reste de la chaussure allie textile respirant et perforations VTS, favorisant une ventilation efficace et une \u00e9vacuation optimale de la transpiration. Des pi\u00e8ces synth\u00e9tiques denses assurent la fermet\u00e9 de la tige tout en offrant \u00e9galement les avantages des perforations VTS.<\/p>\n","protected":false},"excerpt":{"rendered":"<p>Chaussures de padel con\u00e7ues pour r\u00e9pondre aux besoins des joueurs loisirs de padel. Elles offrent un ajustement pr\u00e9cis, une excellente stabilit\u00e9, un amorti exceptionnel et une durabilit\u00e9 accrue pour des performances optimales sur le court.<\/p>\n","protected":false},"featured_media":31157,"template":"","meta":[],"product_brand":[],"product_cat":[33,273,275,113],"product_tag":[],"class_list":{"0":"post-30918","1":"product","2":"type-product","3":"status-publish","4":"has-post-thumbnail","6":"product_cat-homme","7":"product_cat-padel","8":"product_cat-padel-homme","9":"product_cat-sport","10":"pa_couleur-white-black","11":"pa_taille-646","12":"pa_taille-650","13":"pa_taille-651","15":"first","16":"outofstock","17":"purchasable","18":"product-type-variable"},"_links":{"self":[{"href":"https:\/\/accrosport.tn\/index.php\/wp-json\/wp\/v2\/product\/30918","targetHints":{"allow":["GET"]}}],"collection":[{"href":"https:\/\/accrosport.tn\/index.php\/wp-json\/wp\/v2\/product"}],"about":[{"href":"https:\/\/accrosport.tn\/index.php\/wp-json\/wp\/v2\/types\/product"}],"wp:featuredmedia":[{"embeddable":true,"href":"https:\/\/accrosport.tn\/index.php\/wp-json\/wp\/v2\/media\/31157"}],"wp:attachment":[{"href":"https:\/\/accrosport.tn\/index.php\/wp-json\/wp\/v2\/media?parent=30918"}],"wp:term":[{"taxonomy":"product_brand","embeddable":true,"href":"https:\/\/accrosport.tn\/index.php\/wp-json\/wp\/v2\/product_brand?post=30918"},{"taxonomy":"product_cat","embeddable":true,"href":"https:\/\/accrosport.tn\/index.php\/wp-json\/wp\/v2\/product_cat?post=30918"},{"taxonomy":"product_tag","embeddable":true,"href":"https:\/\/accrosport.tn\/index.php\/wp-json\/wp\/v2\/product_tag?post=30918"}],"curies":[{"name":"wp","href":"https:\/\/api.w.org\/{rel}","templated":true}]}}