{"id":30894,"date":"2025-09-29T14:34:14","date_gmt":"2025-09-29T14:34:14","guid":{"rendered":"https:\/\/accrosport.tn\/index.php\/product\/roland-lady-2402-blanco-turquesa\/"},"modified":"2025-10-01T08:12:13","modified_gmt":"2025-10-01T08:12:13","slug":"roland-lady-2402-blanco-turquesa","status":"publish","type":"product","link":"https:\/\/accrosport.tn\/index.php\/product\/roland-lady-2402-blanco-turquesa\/","title":{"rendered":"Chaussures Roland Lady 2402 terre battue femme blanc turquoise"},"content":{"rendered":"<p>Chaussures de tennis pour femme. D\u00e9velopp\u00e9es pour obtenir des performances maximales dans le tennis professionnel. Ce mod\u00e8le a \u00e9t\u00e9 test\u00e9 par des joueuses de tennis professionnelles, qui ont personnellement test\u00e9 ses hautes performances et sa richesse technologique.<\/p>\n<p>Tige l\u00e9g\u00e8re et respirante construite en maille avec une finition en jacquard personnalis\u00e9. Les perforations VTS fournissent la ventilation n\u00e9cessaire contre la transpiration. Syst\u00e8me de fixation thermosoud\u00e9 JOMA SPORTECH, qui adapte les chaussures au pied sans ajouter de poids.<\/p>\n<p>\u00c0 l&rsquo;avant, elles ont une protection en caoutchouc PROTECTION pour prot\u00e9ger la zone et prolonger leur durabilit\u00e9.<\/p>\n<p>Semelle interm\u00e9diaire DUAL REACTIVE. Le phylon \u00e0 double densit\u00e9 combine amorti, r\u00e9activit\u00e9 et confort. Dans certaines zones, il est ascendant pour augmenter la protection. Elle comporte \u00e9galement une pi\u00e8ce STABILIS au niveau de l&#8217;empeigne pour pr\u00e9venir les blessures potentielles et gagner en stabilit\u00e9.<\/p>\n<p>Semelle en caoutchouc DURABILITY avec motif \u00e0 crampons ou en terre battue. Elle offre l&rsquo;adh\u00e9rence n\u00e9cessaire sur les surfaces glissantes, car elle expulse le sable de la semelle, tout en permettant des glissements sur le court sans difficult\u00e9.<\/p>\n<ul class=\"featuresul\">\n<li>Empeigne en mesh respirant VTS<\/li>\n<li>Coupe avec syst\u00e8me de r\u00e9glage thermosoud\u00e9 SPORTECH<\/li>\n<li>Coupe avec renfort en caoutchouc dans les zones strat\u00e9giques PROTECTION<\/li>\n<li>Semelle interm\u00e9diaire en double phylon avec STABILIS<\/li>\n<li>Semelle ext\u00e9rieure DURABILITY en caoutchouc<\/li>\n<\/ul>\n","protected":false},"excerpt":{"rendered":"<p>Chaussures de tennis pour femme. D\u00e9velopp\u00e9es pour obtenir des performances maximales dans le tennis professionnel. Ce mod\u00e8le a \u00e9t\u00e9 test\u00e9 par des joueuses de tennis professionnelles, qui ont personnellement test\u00e9 ses hautes performances et sa richesse technologique.<\/p>\n","protected":false},"featured_media":31177,"template":"","meta":[],"product_brand":[],"product_cat":[57,42,113,81,272],"product_tag":[],"class_list":{"0":"post-30894","1":"product","2":"type-product","3":"status-publish","4":"has-post-thumbnail","6":"product_cat-chaussures","7":"product_cat-femme","8":"product_cat-sport","9":"product_cat-tennis-chaussures","10":"product_cat-tennis-sport","11":"pa_couleur-white-turquoise","12":"pa_taille-646","14":"first","15":"outofstock","16":"purchasable","17":"product-type-simple"},"_links":{"self":[{"href":"https:\/\/accrosport.tn\/index.php\/wp-json\/wp\/v2\/product\/30894","targetHints":{"allow":["GET"]}}],"collection":[{"href":"https:\/\/accrosport.tn\/index.php\/wp-json\/wp\/v2\/product"}],"about":[{"href":"https:\/\/accrosport.tn\/index.php\/wp-json\/wp\/v2\/types\/product"}],"wp:featuredmedia":[{"embeddable":true,"href":"https:\/\/accrosport.tn\/index.php\/wp-json\/wp\/v2\/media\/31177"}],"wp:attachment":[{"href":"https:\/\/accrosport.tn\/index.php\/wp-json\/wp\/v2\/media?parent=30894"}],"wp:term":[{"taxonomy":"product_brand","embeddable":true,"href":"https:\/\/accrosport.tn\/index.php\/wp-json\/wp\/v2\/product_brand?post=30894"},{"taxonomy":"product_cat","embeddable":true,"href":"https:\/\/accrosport.tn\/index.php\/wp-json\/wp\/v2\/product_cat?post=30894"},{"taxonomy":"product_tag","embeddable":true,"href":"https:\/\/accrosport.tn\/index.php\/wp-json\/wp\/v2\/product_tag?post=30894"}],"curies":[{"name":"wp","href":"https:\/\/api.w.org\/{rel}","templated":true}]}}