{"id":30888,"date":"2025-09-29T14:34:14","date_gmt":"2025-09-29T14:34:14","guid":{"rendered":"https:\/\/accrosport.tn\/index.php\/product\/t-roland-2405-azul-blanco\/"},"modified":"2025-10-01T08:02:03","modified_gmt":"2025-10-01T08:02:03","slug":"t-roland-2405-azul-blanco","status":"publish","type":"product","link":"https:\/\/accrosport.tn\/index.php\/product\/t-roland-2405-azul-blanco\/","title":{"rendered":"Chaussures T.Roland 24 terrain dur homme bleu blanc"},"content":{"rendered":"<p>Chaussures de tennis pour homme. D\u00e9velopp\u00e9es pour obtenir des performances maximales dans le tennis professionnel. Ce mod\u00e8le a \u00e9t\u00e9 test\u00e9 par des joueurs de tennis professionnels, qui ont personnellement test\u00e9 ses hautes performances et sa richesse en technologie.<\/p>\n<p>Empeigne l\u00e9g\u00e8re et respirante construite avec une maille finie en jacquard personnalis\u00e9. Les perforations VTS fournissent la ventilation de la transpiration n\u00e9cessaire. Syst\u00e8me de r\u00e9glage thermosoud\u00e9 JOMA SPORTECH, qui adapte les chaussures au pied sans ajouter de poids.<\/p>\n<p>\u00c0 l&rsquo;avant, elles ont une protection renforc\u00e9e fabriqu\u00e9e en caoutchouc pour prot\u00e9ger la zone et prolonger sa durabilit\u00e9.<\/p>\n<p>Semelle interm\u00e9diaire DUAL REACTIVE. La mousse phylon \u00e0 double densit\u00e9 combine amortissement, r\u00e9activit\u00e9 et confort. Dans certaines zones, elle est ascendante pour augmenter la protection. Elle comporte \u00e9galement une pi\u00e8ce STABILIS au niveau de l&#8217;embo\u00eetage pour pr\u00e9venir d&rsquo;\u00e9ventuelles blessures et gagner en stabilit\u00e9.<\/p>\n<p>Semelle en caoutchouc DURABILITY all court, adapt\u00e9e et r\u00e9sistante pour jouer sur terrain dur\/rapide. La conception permet au joueur de glisser et de freiner sur le terrain selon ses besoins.<\/p>\n<ul class=\"featuresul\">\n<li>Empeigne en mesh respirant VTS<\/li>\n<li>Coupe avec syst\u00e8me de r\u00e9glage thermosoud\u00e9 SPORTECH<\/li>\n<li>Coupe avec renfort en caoutchouc dans les zones strat\u00e9giques PROTECTION<\/li>\n<li>Semelle interm\u00e9diaire avec double phylon DUAL REACTIVE et STABILIS<\/li>\n<li>Semelle ext\u00e9rieure DURABILITY en caoutchouc<\/li>\n<li>Renforcement PROTECTION<\/li>\n<\/ul>\n","protected":false},"excerpt":{"rendered":"<p>Chaussures de tennis pour homme. D\u00e9velopp\u00e9es pour obtenir des performances maximales dans le tennis professionnel. Ce mod\u00e8le a \u00e9t\u00e9 test\u00e9 par des joueurs de tennis professionnels, qui ont personnellement test\u00e9 ses hautes performances et sa richesse en technologie.<\/p>\n","protected":false},"featured_media":31167,"template":"","meta":[],"product_brand":[],"product_cat":[61,33,113,76,272],"product_tag":[],"class_list":{"0":"post-30888","1":"product","2":"type-product","3":"status-publish","4":"has-post-thumbnail","6":"product_cat-chaussures-homme","7":"product_cat-homme","8":"product_cat-sport","9":"product_cat-tennis","10":"product_cat-tennis-sport","11":"pa_couleur-blue-white","12":"pa_taille-40-5","13":"pa_taille-649","14":"pa_taille-42-5","15":"pa_taille-650","16":"pa_taille-43-5","18":"first","19":"outofstock","20":"purchasable","21":"product-type-variable"},"_links":{"self":[{"href":"https:\/\/accrosport.tn\/index.php\/wp-json\/wp\/v2\/product\/30888","targetHints":{"allow":["GET"]}}],"collection":[{"href":"https:\/\/accrosport.tn\/index.php\/wp-json\/wp\/v2\/product"}],"about":[{"href":"https:\/\/accrosport.tn\/index.php\/wp-json\/wp\/v2\/types\/product"}],"wp:featuredmedia":[{"embeddable":true,"href":"https:\/\/accrosport.tn\/index.php\/wp-json\/wp\/v2\/media\/31167"}],"wp:attachment":[{"href":"https:\/\/accrosport.tn\/index.php\/wp-json\/wp\/v2\/media?parent=30888"}],"wp:term":[{"taxonomy":"product_brand","embeddable":true,"href":"https:\/\/accrosport.tn\/index.php\/wp-json\/wp\/v2\/product_brand?post=30888"},{"taxonomy":"product_cat","embeddable":true,"href":"https:\/\/accrosport.tn\/index.php\/wp-json\/wp\/v2\/product_cat?post=30888"},{"taxonomy":"product_tag","embeddable":true,"href":"https:\/\/accrosport.tn\/index.php\/wp-json\/wp\/v2\/product_tag?post=30888"}],"curies":[{"name":"wp","href":"https:\/\/api.w.org\/{rel}","templated":true}]}}