{"id":30874,"date":"2025-09-29T14:34:08","date_gmt":"2025-09-29T14:34:08","guid":{"rendered":"https:\/\/accrosport.tn\/index.php\/product\/open-men-2402-blanco\/"},"modified":"2025-10-01T08:58:01","modified_gmt":"2025-10-01T08:58:01","slug":"open-men-2402-blanco","status":"publish","type":"product","link":"https:\/\/accrosport.tn\/index.php\/product\/open-men-2402-blanco\/","title":{"rendered":"Chaussures Open Men 2402 homme blanc"},"content":{"rendered":"<p>Chaussures sp\u00e9cifiques au padel. Mod\u00e8le pour la comp\u00e9tition et l\u2019entra\u00eenement tr\u00e8s fr\u00e9quent. Elles se distinguent par leur niveau maximal d\u2019adh\u00e9rence, d\u2019abrasion, de protection et de stabilit\u00e9.<\/p>\n<p>La tige est fabriqu\u00e9e en nylon avec une finition en jacquard personnalis\u00e9 flexible et l\u00e9ger, accompagn\u00e9 de petites perforations VTS qui facilitent l\u2019entr\u00e9e et la sortie de l\u2019air pour une bonne \u00e9vacuation de la transpiration. Ajustement fourni avec le mat\u00e9riau synth\u00e9tique TPU thermoscell\u00e9 sur le dessus avec la technologie JOMA SPORTECH. Maintien s\u00e9curis\u00e9 avec languette rembourr\u00e9e et la\u00e7age PERFECT FIT.<\/p>\n<p>La semelle interm\u00e9diaire est toujours en phylon \u00e0 double densit\u00e9 FULL DUAL PULSOR. Le phylon qui va du bout au talon est plus dense pour assurer la stabilit\u00e9 de la foul\u00e9e. Il est sectionn\u00e9 avec le syst\u00e8me de lignes de flexion FLEXO pour s\u2019adapter \u00e0 la foul\u00e9e. Le phylon de la zone du talon est moins dense, offrant un meilleur amortissement.<\/p>\n<p>La semelle ext\u00e9rieure en caoutchouc DURABILITY est compos\u00e9e de petits crampons circulaires pour am\u00e9liorer la durabilit\u00e9 sur les surfaces dures. C\u2019est l\u2019une des semelles ext\u00e9rieures les plus populaires pour jouer au padel. Facilite les glissements pour parvenir plus rapidement jusqu\u2019\u00e0 la balle ; id\u00e9ale pour les joueurs exp\u00e9riment\u00e9s. Elle comprend la structure g\u00e9om\u00e9trique ROTATION pour faciliter les rotations, les lignes FLEXO et une pi\u00e8ce STABILIS \u00e0 la cambrure.<\/p>\n<ul class=\"featuresul\">\n<li>Empeigne avec les technologies SPORTECH et VTS<\/li>\n<li>Fermeture \u00e0 lacets PERFECT FIT<\/li>\n<li>Semelle interm\u00e9diaire FULL DUAL PULSOR en double phylon et mousse foam<\/li>\n<li>Semelle en caoutchouc avec les technologies DURABILITY, FLEXO, ROTATION et STABILIS.<\/li>\n<li>Langue cousue \u00e0 la coupe<\/li>\n<\/ul>\n","protected":false},"excerpt":{"rendered":"<p>Chaussures de padel destin\u00e9es \u00e0 un usage professionnel. Mod\u00e8le pour homme offrant des performances maximales garanties gr\u00e2ce \u00e0 une technologie con\u00e7ue pour donner le meilleur de soi sur le terrain. Riches en amorti et en r\u00e9activit\u00e9, elles assurent la stabilit\u00e9 et la flexibilit\u00e9 lors des mouvements les plus brusques.<\/p>\n","protected":false},"featured_media":31192,"template":"","meta":[],"product_brand":[],"product_cat":[61,33,273,275,113],"product_tag":[],"class_list":{"0":"post-30874","1":"product","2":"type-product","3":"status-publish","4":"has-post-thumbnail","6":"product_cat-chaussures-homme","7":"product_cat-homme","8":"product_cat-padel","9":"product_cat-padel-homme","10":"product_cat-sport","11":"pa_couleur-white","12":"pa_taille-650","13":"pa_taille-651","15":"first","16":"outofstock","17":"purchasable","18":"product-type-variable"},"_links":{"self":[{"href":"https:\/\/accrosport.tn\/index.php\/wp-json\/wp\/v2\/product\/30874","targetHints":{"allow":["GET"]}}],"collection":[{"href":"https:\/\/accrosport.tn\/index.php\/wp-json\/wp\/v2\/product"}],"about":[{"href":"https:\/\/accrosport.tn\/index.php\/wp-json\/wp\/v2\/types\/product"}],"wp:featuredmedia":[{"embeddable":true,"href":"https:\/\/accrosport.tn\/index.php\/wp-json\/wp\/v2\/media\/31192"}],"wp:attachment":[{"href":"https:\/\/accrosport.tn\/index.php\/wp-json\/wp\/v2\/media?parent=30874"}],"wp:term":[{"taxonomy":"product_brand","embeddable":true,"href":"https:\/\/accrosport.tn\/index.php\/wp-json\/wp\/v2\/product_brand?post=30874"},{"taxonomy":"product_cat","embeddable":true,"href":"https:\/\/accrosport.tn\/index.php\/wp-json\/wp\/v2\/product_cat?post=30874"},{"taxonomy":"product_tag","embeddable":true,"href":"https:\/\/accrosport.tn\/index.php\/wp-json\/wp\/v2\/product_tag?post=30874"}],"curies":[{"name":"wp","href":"https:\/\/api.w.org\/{rel}","templated":true}]}}