{"id":30857,"date":"2025-09-29T14:34:04","date_gmt":"2025-09-29T14:34:04","guid":{"rendered":"https:\/\/accrosport.tn\/index.php\/product\/toledo-jr-2404-royal-turf\/"},"modified":"2025-10-01T09:11:42","modified_gmt":"2025-10-01T09:11:42","slug":"toledo-jr-2404-royal-turf","status":"publish","type":"product","link":"https:\/\/accrosport.tn\/index.php\/product\/toledo-jr-2404-royal-turf\/","title":{"rendered":"Chaussures football Toledo Jr 2404 moquette &#8211; turf junior bleu roi"},"content":{"rendered":"<p>Chaussures de football pour gar\u00e7on\/fille. Con\u00e7ues pour les terrains synth\u00e9tiques et les moquettes. Il s&rsquo;agit du mod\u00e8le de football pour enfants par excellence, mettant en avant sa polyvalence et sa r\u00e9sistance.<\/p>\n<p>La tige est fabriqu\u00e9e en mat\u00e9riau synth\u00e9tique de haute qualit\u00e9 et offre un bon contact avec le ballon. Con\u00e7ues pour ma\u00eetriser le jeu et mettre en valeur toutes les qualit\u00e9s sur le terrain.<\/p>\n<p>La semelle est en caoutchouc DURABILITY de haute qualit\u00e9, offrant une bonne r\u00e9sistance \u00e0 l&rsquo;abrasion et une bonne adh\u00e9rence \u00e0 la surface. Avec une structure \u00e0 crampons multiples qui r\u00e9duit la pression de la foul\u00e9e et assure un bon soutien.<\/p>\n<ul class=\"featuresul\">\n<li>Coupe en mat\u00e9riau synth\u00e9tique (Fibertech)<\/li>\n<li>Semelle ext\u00e9rieure DURABILITY en caoutchouc<\/li>\n<li>Contrefort EXO Counter<\/li>\n<\/ul>\n","protected":false},"excerpt":{"rendered":"<p>Chaussures de football pour gar\u00e7on\/fille. Con\u00e7ues pour les terrains synth\u00e9tiques et les moquettes. Il s&rsquo;agit du mod\u00e8le de football pour enfants par excellence, mettant en avant sa polyvalence et sa r\u00e9sistance.<\/p>\n","protected":false},"featured_media":31202,"template":"","meta":[],"product_brand":[],"product_cat":[69,49,75,87,33,114,113],"product_tag":[],"class_list":{"0":"post-30857","1":"product","2":"type-product","3":"status-publish","4":"has-post-thumbnail","6":"product_cat-chaussures-enfant","7":"product_cat-enfant","8":"product_cat-foot","9":"product_cat-foot-chaussures-enfant","10":"product_cat-homme","11":"product_cat-running-sport","12":"product_cat-sport","13":"pa_couleur-royal-blue","14":"pa_taille-682","15":"pa_taille-671","16":"pa_taille-667","17":"pa_taille-32-5","18":"pa_taille-668","19":"pa_taille-669","20":"pa_taille-670","21":"pa_taille-641","22":"pa_taille-643","23":"pa_taille-37-5","24":"pa_taille-655","26":"first","27":"outofstock","28":"sale","29":"purchasable","30":"product-type-variable"},"_links":{"self":[{"href":"https:\/\/accrosport.tn\/index.php\/wp-json\/wp\/v2\/product\/30857","targetHints":{"allow":["GET"]}}],"collection":[{"href":"https:\/\/accrosport.tn\/index.php\/wp-json\/wp\/v2\/product"}],"about":[{"href":"https:\/\/accrosport.tn\/index.php\/wp-json\/wp\/v2\/types\/product"}],"wp:featuredmedia":[{"embeddable":true,"href":"https:\/\/accrosport.tn\/index.php\/wp-json\/wp\/v2\/media\/31202"}],"wp:attachment":[{"href":"https:\/\/accrosport.tn\/index.php\/wp-json\/wp\/v2\/media?parent=30857"}],"wp:term":[{"taxonomy":"product_brand","embeddable":true,"href":"https:\/\/accrosport.tn\/index.php\/wp-json\/wp\/v2\/product_brand?post=30857"},{"taxonomy":"product_cat","embeddable":true,"href":"https:\/\/accrosport.tn\/index.php\/wp-json\/wp\/v2\/product_cat?post=30857"},{"taxonomy":"product_tag","embeddable":true,"href":"https:\/\/accrosport.tn\/index.php\/wp-json\/wp\/v2\/product_tag?post=30857"}],"curies":[{"name":"wp","href":"https:\/\/api.w.org\/{rel}","templated":true}]}}