{"id":30845,"date":"2025-09-29T14:34:04","date_gmt":"2025-09-29T14:34:04","guid":{"rendered":"https:\/\/accrosport.tn\/index.php\/product\/toledo-jr-2404-royal-artificial-grass\/"},"modified":"2026-03-11T12:46:48","modified_gmt":"2026-03-11T12:46:48","slug":"toledo-jr-2404-royal-artificial-grass","status":"publish","type":"product","link":"https:\/\/accrosport.tn\/index.php\/product\/toledo-jr-2404-royal-artificial-grass\/","title":{"rendered":"Chaussures football Toledo Jr 2404 gazon synth\u00e9tique AG junior bleu roi"},"content":{"rendered":"<p>Chaussures de football pour gar\u00e7on\/fille. Avec une semelle HG pour jouer sur des terrains durs. Il s&rsquo;agit du mod\u00e8le de football pour enfants par excellence, mettant en avant sa polyvalence et sa r\u00e9sistance.<\/p>\n<p>La tige est fabriqu\u00e9e en mat\u00e9riau synth\u00e9tique de haute qualit\u00e9 et offre un bon contact avec le ballon. Con\u00e7ues pour dominer le jeu et d\u00e9montrer toutes les qualit\u00e9s sur le terrain.<\/p>\n<p>Contrefort EXO COUNTER \u00e0 l&rsquo;arri\u00e8re. Il offre un soutien suppl\u00e9mentaire lors des changements de direction, rendant les chaussures plus fermes.<\/p>\n<p>La semelle est en fibre synth\u00e9tique avec une bonne r\u00e9sistance \u00e0 l&rsquo;abrasion. Adapt\u00e9e au type de terrain pour mieux contr\u00f4ler les mouvements sur l&rsquo;herbe artificielle. Elles disposent d&rsquo;une structure de crampons ajout\u00e9e pour mieux r\u00e9partir le poids et faciliter l&rsquo;adh\u00e9rence.<\/p>\n<ul class=\"featuresul\">\n<li>Coupe en mat\u00e9riau synth\u00e9tique (Fibertech)<\/li>\n<li>Semelle en fibre synth\u00e9tique<\/li>\n<li>Contrefort EXO Counter<\/li>\n<\/ul>\n","protected":false},"excerpt":{"rendered":"<p>Chaussures de football pour gar\u00e7on\/fille. Avec une semelle HG pour jouer sur des terrains durs. Il s&rsquo;agit du mod\u00e8le de football pour enfants par excellence, mettant en avant sa polyvalence et sa r\u00e9sistance.<\/p>\n","protected":false},"featured_media":31200,"template":"","meta":[],"product_brand":[],"product_cat":[61,69,49,87,75,33,114,113],"product_tag":[],"class_list":{"0":"post-30845","1":"product","2":"type-product","3":"status-publish","4":"has-post-thumbnail","6":"product_cat-chaussures-homme","7":"product_cat-chaussures-enfant","8":"product_cat-enfant","9":"product_cat-foot-chaussures-enfant","10":"product_cat-foot","11":"product_cat-homme","12":"product_cat-running-sport","13":"product_cat-sport","14":"pa_couleur-royal-blue","15":"pa_taille-667","16":"pa_taille-32-5","17":"pa_taille-668","18":"pa_taille-33-5","19":"pa_taille-669","20":"pa_taille-670","21":"pa_taille-35-5","22":"pa_taille-641","23":"pa_taille-643","24":"pa_taille-37-5","25":"pa_taille-655","27":"first","28":"outofstock","29":"sale","30":"purchasable","31":"product-type-variable"},"_links":{"self":[{"href":"https:\/\/accrosport.tn\/index.php\/wp-json\/wp\/v2\/product\/30845","targetHints":{"allow":["GET"]}}],"collection":[{"href":"https:\/\/accrosport.tn\/index.php\/wp-json\/wp\/v2\/product"}],"about":[{"href":"https:\/\/accrosport.tn\/index.php\/wp-json\/wp\/v2\/types\/product"}],"wp:featuredmedia":[{"embeddable":true,"href":"https:\/\/accrosport.tn\/index.php\/wp-json\/wp\/v2\/media\/31200"}],"wp:attachment":[{"href":"https:\/\/accrosport.tn\/index.php\/wp-json\/wp\/v2\/media?parent=30845"}],"wp:term":[{"taxonomy":"product_brand","embeddable":true,"href":"https:\/\/accrosport.tn\/index.php\/wp-json\/wp\/v2\/product_brand?post=30845"},{"taxonomy":"product_cat","embeddable":true,"href":"https:\/\/accrosport.tn\/index.php\/wp-json\/wp\/v2\/product_cat?post=30845"},{"taxonomy":"product_tag","embeddable":true,"href":"https:\/\/accrosport.tn\/index.php\/wp-json\/wp\/v2\/product_tag?post=30845"}],"curies":[{"name":"wp","href":"https:\/\/api.w.org\/{rel}","templated":true}]}}