{"id":30830,"date":"2025-09-29T14:33:59","date_gmt":"2025-09-29T14:33:59","guid":{"rendered":"https:\/\/accrosport.tn\/index.php\/product\/toledo-jr-2401-negro-blanco-hard-ground\/"},"modified":"2025-12-18T06:35:35","modified_gmt":"2025-12-18T06:35:35","slug":"toledo-jr-2401-negro-blanco-hard-ground","status":"publish","type":"product","link":"https:\/\/accrosport.tn\/index.php\/product\/toledo-jr-2401-negro-blanco-hard-ground\/","title":{"rendered":"Chaussures football Toledo Jr 2401 terrain dur HG junior noir blanc"},"content":{"rendered":"<p>Chaussures de football pour gar\u00e7on\/fille. Avec une semelle HG pour jouer sur terrains durs. Il s&rsquo;agit du mod\u00e8le de football infantile par excellence, mettant en avant sa polyvalence et sa r\u00e9sistance.<\/p>\n<p>La tige est fabriqu\u00e9e en mat\u00e9riau synth\u00e9tique de haute qualit\u00e9 et offre un bon contact avec le ballon. Con\u00e7ues pour dominer le jeu et mettre en valeur toutes les qualit\u00e9s sur le terrain.<\/p>\n<p>La semelle est en caoutchouc DURABILITY, avec une densit\u00e9 \u00e9lev\u00e9e et une r\u00e9sistance aux terrains abrasifs. Nombre de crampons adapt\u00e9 aux terrains durs pour r\u00e9duire le poids support\u00e9 par chacun des appuis et diminuer consid\u00e9rablement l&rsquo;usure.<\/p>\n<ul class=\"featuresul\">\n<li>Coupe en mat\u00e9riau synth\u00e9tique (Fibertech)<\/li>\n<li>Semelle ext\u00e9rieure DURABILITY en caoutchouc<\/li>\n<li>Contrefort EXO Counter<\/li>\n<\/ul>\n","protected":false},"excerpt":{"rendered":"<p>Chaussures de football pour gar\u00e7on\/fille. Avec une semelle HG pour jouer sur terrains durs. Il s&rsquo;agit du mod\u00e8le de football infantile par excellence, mettant en avant sa polyvalence et sa r\u00e9sistance.<\/p>\n","protected":false},"featured_media":31207,"template":"","meta":[],"product_brand":[],"product_cat":[61,69,49,87,75,33,114,113],"product_tag":[],"class_list":{"0":"post-30830","1":"product","2":"type-product","3":"status-publish","4":"has-post-thumbnail","6":"product_cat-chaussures-homme","7":"product_cat-chaussures-enfant","8":"product_cat-enfant","9":"product_cat-foot-chaussures-enfant","10":"product_cat-foot","11":"product_cat-homme","12":"product_cat-running-sport","13":"product_cat-sport","14":"pa_couleur-black-white","15":"pa_taille-667","16":"pa_taille-668","17":"pa_taille-669","18":"pa_taille-670","19":"pa_taille-641","20":"pa_taille-643","21":"pa_taille-655","23":"first","24":"outofstock","25":"sale","26":"purchasable","27":"product-type-variable"},"_links":{"self":[{"href":"https:\/\/accrosport.tn\/index.php\/wp-json\/wp\/v2\/product\/30830","targetHints":{"allow":["GET"]}}],"collection":[{"href":"https:\/\/accrosport.tn\/index.php\/wp-json\/wp\/v2\/product"}],"about":[{"href":"https:\/\/accrosport.tn\/index.php\/wp-json\/wp\/v2\/types\/product"}],"wp:featuredmedia":[{"embeddable":true,"href":"https:\/\/accrosport.tn\/index.php\/wp-json\/wp\/v2\/media\/31207"}],"wp:attachment":[{"href":"https:\/\/accrosport.tn\/index.php\/wp-json\/wp\/v2\/media?parent=30830"}],"wp:term":[{"taxonomy":"product_brand","embeddable":true,"href":"https:\/\/accrosport.tn\/index.php\/wp-json\/wp\/v2\/product_brand?post=30830"},{"taxonomy":"product_cat","embeddable":true,"href":"https:\/\/accrosport.tn\/index.php\/wp-json\/wp\/v2\/product_cat?post=30830"},{"taxonomy":"product_tag","embeddable":true,"href":"https:\/\/accrosport.tn\/index.php\/wp-json\/wp\/v2\/product_tag?post=30830"}],"curies":[{"name":"wp","href":"https:\/\/api.w.org\/{rel}","templated":true}]}}