{"id":30814,"date":"2025-09-29T14:33:54","date_gmt":"2025-09-29T14:33:54","guid":{"rendered":"https:\/\/accrosport.tn\/index.php\/product\/shock-men-2422-negro-rojo\/"},"modified":"2025-11-28T10:32:53","modified_gmt":"2025-11-28T10:32:53","slug":"shock-men-2422-negro-rojo","status":"publish","type":"product","link":"https:\/\/accrosport.tn\/index.php\/product\/shock-men-2422-negro-rojo\/","title":{"rendered":"Chaussures trail running Shock Men 2422 homme noir rouge"},"content":{"rendered":"<p>Chaussures de trail pour homme. Les Shock sont con\u00e7ues pour les coureurs de trail qui souhaitent se lancer dans ce sport et qui ont un rythme de course doux. De plus, leur polyvalence permet \u00e9galement de les utiliser pour marcher sur des chemins forestiers. Elles offrent un niveau \u00e9lev\u00e9 de confort et de durabilit\u00e9.<\/p>\n<p>La partie sup\u00e9rieure est fabriqu\u00e9e en mesh respirant et en mat\u00e9riau synth\u00e9tique, ce qui ajuste la coupe et lui donne de la consistance. De plus, cette partie int\u00e8gre la technologie VTS pour assurer la ventilation de la transpiration et maintenir le pied frais pendant l&rsquo;activit\u00e9 sportive.<\/p>\n<p>Renfort PROTECTION au niveau de l&rsquo;avant-pied pour prot\u00e9ger les orteils des chocs externes.<\/p>\n<p>La semelle interm\u00e9diaire a \u00e9t\u00e9 am\u00e9lior\u00e9e pour offrir un meilleur amorti. Elle est toujours fabriqu\u00e9e en phylon, un mat\u00e9riau qui absorbe les chocs et offre une sensation agr\u00e9able en marchant ou en courant. Son drop reste \u00e0 8 mm.<\/p>\n<p>La semelle en caoutchouc DURABILITY offre une excellente r\u00e9sistance \u00e0 l&rsquo;abrasion. Les motifs sp\u00e9ciaux offrent stabilit\u00e9 et adh\u00e9rence au terrain.<\/p>\n<ul class=\"featuresul\">\n<li>Tige en semi-microfibre avec maille respirante VTS<\/li>\n<li>Semelle interm\u00e9diaire en phylon<\/li>\n<li>Semelle ext\u00e9rieure DURABILITY en caoutchouc<\/li>\n<li>Renfort \u00e0 l&rsquo;avant PROTECTION<\/li>\n<\/ul>\n","protected":false},"excerpt":{"rendered":"<p>Chaussures de trail pour homme. Les Shock sont con\u00e7ues pour les coureurs de trail qui souhaitent se lancer dans ce sport et qui ont un rythme de course doux. De plus, leur polyvalence permet \u00e9galement de les utiliser pour marcher sur des chemins forestiers. Elles offrent un niveau \u00e9lev\u00e9 de confort et de durabilit\u00e9<\/p>\n","protected":false},"featured_media":31219,"template":"","meta":[],"product_brand":[],"product_cat":[61,33,114,77,113],"product_tag":[],"class_list":{"0":"post-30814","1":"product","2":"type-product","3":"status-publish","4":"has-post-thumbnail","6":"product_cat-chaussures-homme","7":"product_cat-homme","8":"product_cat-running-sport","9":"product_cat-running","10":"product_cat-sport","11":"pa_couleur-black-red","12":"pa_taille-644","13":"pa_taille-645","14":"pa_taille-646","15":"pa_taille-649","16":"pa_taille-650","17":"pa_taille-653","19":"first","20":"outofstock","21":"purchasable","22":"product-type-variable"},"_links":{"self":[{"href":"https:\/\/accrosport.tn\/index.php\/wp-json\/wp\/v2\/product\/30814","targetHints":{"allow":["GET"]}}],"collection":[{"href":"https:\/\/accrosport.tn\/index.php\/wp-json\/wp\/v2\/product"}],"about":[{"href":"https:\/\/accrosport.tn\/index.php\/wp-json\/wp\/v2\/types\/product"}],"wp:featuredmedia":[{"embeddable":true,"href":"https:\/\/accrosport.tn\/index.php\/wp-json\/wp\/v2\/media\/31219"}],"wp:attachment":[{"href":"https:\/\/accrosport.tn\/index.php\/wp-json\/wp\/v2\/media?parent=30814"}],"wp:term":[{"taxonomy":"product_brand","embeddable":true,"href":"https:\/\/accrosport.tn\/index.php\/wp-json\/wp\/v2\/product_brand?post=30814"},{"taxonomy":"product_cat","embeddable":true,"href":"https:\/\/accrosport.tn\/index.php\/wp-json\/wp\/v2\/product_cat?post=30814"},{"taxonomy":"product_tag","embeddable":true,"href":"https:\/\/accrosport.tn\/index.php\/wp-json\/wp\/v2\/product_tag?post=30814"}],"curies":[{"name":"wp","href":"https:\/\/api.w.org\/{rel}","templated":true}]}}